{"id":25335,"date":"2025-12-01T18:07:56","date_gmt":"2025-12-02T12:19:50","guid":{"rendered":"https:\/\/france-gastronomie.shop\/produit\/plnene-kalamary-na-setoisky-zpusob\/"},"modified":"2025-12-03T10:07:40","modified_gmt":"2025-12-03T10:07:40","slug":"plnene-kalamary-na-setoisky-zpusob","status":"publish","type":"product","link":"https:\/\/france-gastronomie.shop\/cs\/produit\/plnene-kalamary-na-setoisky-zpusob\/","title":{"rendered":"Pln\u011bn\u00e9 kalam\u00e1ry <br\/> na setoisk\u00fd zp\u016fsob"},"content":{"rendered":"<p>Pln\u011bn\u00e9 kalam\u00e1ry na setoisk\u00fd zp\u016fsobu Azais-Polito<\/p>\n<p>Na\u0161e pln\u011bn\u00e9 kalam\u00e1ry, typick\u00e9 j\u00eddlo z m\u011bsta S\u00e8te, jsou vyr\u00e1b\u011bny s respektem k tradi\u010dn\u00edm postup\u016fm a receptur\u00e1m.<br \/>\nJsou vyr\u00e1b\u011bny v\u00fdhradn\u011b ru\u010dn\u011b a tradi\u010dn\u00edm zp\u016fsobem. Olihn\u011b jsou ru\u010dn\u011b pln\u011bn\u00e9 \u010dist\u011b vep\u0159ovou n\u00e1divkou ochucenou bylinkami z jihu Francie. Tato typick\u00e1 specialita ze S\u00e8te je vyr\u00e1b\u011bna z prvot\u0159\u00eddn\u00edch surovin, zejm\u00e9na z velk\u00fdch kalam\u00e1r\u016f. Na\u0161e pln\u011bn\u00e9 kalam\u00e1ry neobsahuj\u00ed \u017e\u00e1dn\u00e1 barviva.   <\/p>\n<p>Na\u0161e pln\u011bn\u00e9 kalam\u00e1ry jsou p\u0159ipraven\u00e9 k okam\u017eit\u00e9 spot\u0159eb\u011b. Abyste si je co nejl\u00e9pe vychutnali, oh\u0159ejte obsah sklenice na m\u00edrn\u00e9m ohni a pot\u00e9 je naserv\u00edrujte na tal\u00ed\u0159 spolu s r\u00fd\u017e\u00ed, t\u011bstovinami \u201eal dente\u201c nebo bramborami podle va\u0161\u00ed chuti. Pot\u00e9 v\u0161e p\u0159elijte zb\u00fdvaj\u00edc\u00ed om\u00e1\u010dkou, kterou p\u0159edem zahust\u00edte na\u0161\u00ed om\u00e1\u010dkou Rouille S\u00e9toise, abyste dos\u00e1hli prezentace jako v regionu Pays S\u00e9tois.  <\/p>\n<p>KALAM\u00c1RY pln\u011bn\u00e9 60 % (plnka z \u010dist\u00e9ho vep\u0159ov\u00e9ho masa: \u010derstv\u00e1 VEJCE, vep\u0159ov\u00e9 maso (Francie*), CHL\u00c9B, \u010desnek, petr\u017eel, pep\u0159), om\u00e1\u010dka (voda, raj\u010data, cibule, mrkev, b\u00edl\u00e9 v\u00edno, raj\u010datov\u00fd koncentr\u00e1t, s\u016fl, zahu\u0161\u0165ovadlo: karobov\u00e1 mouka, p\u00f3rek, panensk\u00fd olivov\u00fd olej, VEJCE a aromatick\u00e9 bylinky).<br \/>\n*Zv\u00ed\u0159ata narozen\u00e1, chovan\u00e1 a pora\u017een\u00e1 ve Francii.<\/p>\n<p>Po otev\u0159en\u00ed uchov\u00e1vejte v chladni\u010dce 2 a\u017e 3 dny.<\/p>\n<p>Alergeny: HLAVONO\u017dCI (kalam\u00e1ry) \u2013 LEPEK (p\u0161enice\/chl\u00e9b) \u2013 VEJCE<br \/>\nBez GMO, neionizovan\u00e9.<\/p>\n<p>Nutri\u010dn\u00ed hodnoty na 100 g<br \/>\nEnergie v kcal: 114,00<br \/>\nEnergie v kJ: 475,00<br \/>\nB\u00edlkoviny (g): 10,60<br \/>\nSacharidy (g): 4,00<br \/>\nz toho cukry (g): 0,30<br \/>\nTuky (g): 5,90<br \/>\nz toho nasycen\u00e9 mastn\u00e9 kyseliny (g): 1,90<br \/>\nVl\u00e1knina (g): 1,10<br \/>\nS\u016fl (g): 0,93<\/p>\n","protected":false},"excerpt":{"rendered":"<p><strong>Pln\u011bn\u00e9 kalam\u00e1ry na setoisk\u00fd zp\u016fsobu Azais-Polito<\/strong><\/p>\n<p>2 \u00e0 3 tal\u00ed\u0159ky<\/p>\n<p>Od otc\u016f po syny, po n\u011bkolik desetilet\u00ed denn\u011b pracujeme na udr\u017een\u00ed tohoto know-how a na\u0161ich tradic. Na\u0161e v\u00fdrobn\u00ed metody v\u017edy zachov\u00e1valy \u0159emesln\u00e9 metody tradi\u010dn\u00ed konzerv\u00e1rny. Na\u0161e zava\u0159eliny jsou v\u017edy p\u0159ipravov\u00e1ny ru\u010dn\u011b a podle na\u0161ich znalost\u00ed a vynikaj\u00ed v\u00fdjime\u010dnou chut\u00ed, recepty na na\u0161e pol\u00e9vky, sal\u00e1ty, hotov\u00e1 j\u00eddla a p\u0159\u00edlohy podl\u00e9haj\u00ed d\u016fkladn\u00e9mu v\u00fdb\u011bru nejlep\u0161\u00edch surovin s bezchybnou kvalitou d\u00edky pe\u010dliv\u00e9mu respektu k recept\u016fm.   Pr\u00e1v\u011b tato zvl\u00e1dnut\u00e1 technologie dnes p\u0159edev\u0161\u00edm charakterizuje na\u0161i identitu, aby v\u00e1m nab\u00eddla \u0161\u0165avnat\u00e9 chv\u00edle&#8230;<\/p>\n<p>Jsou to prav\u00e9 produkty a pr\u00e1v\u011b jejich jasn\u00e1 jednoduchost tvo\u0159\u00ed jejich kouzlo, stejn\u011b jako kuchyn\u011b v S\u00e8te, kter\u00e1 je zbavena ve\u0161ker\u00e9 ok\u00e1zalosti, aby l\u00e9pe vynikla chu\u0165 m\u00edstn\u00edch surovin.<\/p>\n","protected":false},"featured_media":25291,"comment_status":"closed","ping_status":"closed","template":"","meta":[],"product_brand":[],"product_cat":[610,1120,441,382],"product_tag":[],"class_list":{"0":"post-25335","1":"product","2":"type-product","3":"status-publish","4":"has-post-thumbnail","6":"product_cat-konzervy","7":"product_cat-morske-produkty","8":"product_cat-potraviny","9":"product_cat-hotova-jidla","11":"first","12":"instock","13":"taxable","14":"shipping-taxable","15":"purchasable","16":"product-type-simple"},"jetpack_sharing_enabled":true,"_links":{"self":[{"href":"https:\/\/france-gastronomie.shop\/cs\/wp-json\/wp\/v2\/product\/25335","targetHints":{"allow":["GET"]}}],"collection":[{"href":"https:\/\/france-gastronomie.shop\/cs\/wp-json\/wp\/v2\/product"}],"about":[{"href":"https:\/\/france-gastronomie.shop\/cs\/wp-json\/wp\/v2\/types\/product"}],"replies":[{"embeddable":true,"href":"https:\/\/france-gastronomie.shop\/cs\/wp-json\/wp\/v2\/comments?post=25335"}],"wp:featuredmedia":[{"embeddable":true,"href":"https:\/\/france-gastronomie.shop\/cs\/wp-json\/wp\/v2\/media\/25291"}],"wp:attachment":[{"href":"https:\/\/france-gastronomie.shop\/cs\/wp-json\/wp\/v2\/media?parent=25335"}],"wp:term":[{"taxonomy":"product_brand","embeddable":true,"href":"https:\/\/france-gastronomie.shop\/cs\/wp-json\/wp\/v2\/product_brand?post=25335"},{"taxonomy":"product_cat","embeddable":true,"href":"https:\/\/france-gastronomie.shop\/cs\/wp-json\/wp\/v2\/product_cat?post=25335"},{"taxonomy":"product_tag","embeddable":true,"href":"https:\/\/france-gastronomie.shop\/cs\/wp-json\/wp\/v2\/product_tag?post=25335"}],"curies":[{"name":"wp","href":"https:\/\/api.w.org\/{rel}","templated":true}]}}