{"id":25332,"date":"2025-12-01T18:22:18","date_gmt":"2025-12-02T12:09:15","guid":{"rendered":"https:\/\/france-gastronomie.shop\/produit\/krabi-kremova-polevka-remeslna-vyroba\/"},"modified":"2026-02-27T17:41:08","modified_gmt":"2026-02-27T16:41:08","slug":"krabi-kremova-polevka-remeslna-vyroba","status":"publish","type":"product","link":"https:\/\/france-gastronomie.shop\/cs\/produit\/krabi-kremova-polevka-remeslna-vyroba\/","title":{"rendered":"Krab\u00ed kr\u00e9mov\u00e1 pol\u00e9vka <br\/> \u0159emesln\u00e1 v\u00fdroba"},"content":{"rendered":"<p><strong>Krab\u00ed kr\u00e9mov\u00e1 pol\u00e9vka &#8211; \u0159emesln\u00e1 v\u00fdroba Azais-Polito<\/strong><\/p>\n<p>Na\u0161e kr\u00e9mov\u00e1 pol\u00e9vka je bezpochyby jednou z nejkoncentrovan\u011bj\u0161\u00edch na trhu! Vyroben\u00e1 v souladu s tradic\u00ed na\u0161\u00ed rodinn\u00e9 firmy a tradic\u00ed m\u011bsta S\u00e8te, je skute\u010dn\u00fdm koncentr\u00e1tem chut\u00ed&#8230; Pou\u017eit\u00ed surovin vynikaj\u00edc\u00ed kvality (bez barviv) a tradi\u010dn\u00ed zp\u016fsob v\u00fdroby \u010din\u00ed z tohoto produktu produkt VYSOK\u00c9 KVALITY.  <\/p>\n<p>Obsah sklenice nalijte do hrnce, p\u0159idejte polovinu objemu vody a p\u0159ive\u010fte k varu.<br \/>\nPod\u00e1vejte v pol\u00e9vkov\u00e9 m\u00edse spolu s na\u0161imi \u010desnekov\u00fdmi krutony polit\u00e9 na\u0161\u00ed om\u00e1\u010dkou Rouille S\u00e9toise s \u010derstv\u00fdmi vejci. Do t\u00e9to lahodn\u00e9 kr\u00e9mov\u00e9 pol\u00e9vky m\u016f\u017eete tak\u00e9 p\u0159idat n\u011bkolik hrst\u00ed r\u00fd\u017ee nebo na\u0161e mal\u00e9 \u0161afr\u00e1nov\u00e9 t\u011bstoviny va\u0159en\u00e9 \u201eal dente\u201c. <\/p>\n<p>Voda, raj\u010data, KRAB 20 %, cibule, b\u00edl\u00e9 v\u00edno, mrkev, raj\u010datov\u00fd koncentr\u00e1t, s\u016fl, extra panensk\u00fd olivov\u00fd olej, ML\u00c9KO, p\u00f3rek, zahu\u0161\u0165ovadlo: karobov\u00e1 mouka, aromatick\u00e9 byliny, \u017eel\u00edruj\u00edc\u00ed l\u00e1tka: karagenan (extrakt z mo\u0159sk\u00fdch \u0159as) a ko\u0159en\u00ed.<\/p>\n<p>Skladujte v suchu p\u0159i pokojov\u00e9 teplot\u011b a chra\u0148te p\u0159ed sv\u011btlem.<br \/>\nPo otev\u0159en\u00ed skladujte v chladni\u010dce 2 a\u017e 3 dny.<\/p>\n<p>Alergeny: KOR\u00dd\u0160I (krab) \u2013 ML\u00c9KO<br \/>\nBez GMO, neionizovan\u00e9.<\/p>\n<p>Nutri\u010dn\u00ed hodnoty na 100 g<br \/>\nEnergie v kcal: 87,00<br \/>\nEnergie v kJ: 363,00<br \/>\nB\u00edlkoviny (g): 7,85<br \/>\nSacharidy (g): 3,06<br \/>\nz toho cukry (g): 2,56<br \/>\nTuky (g): 4,08<br \/>\nz toho nasycen\u00e9 mastn\u00e9 kyseliny (g): 0,76<br \/>\nVl\u00e1knina (g): 1,28<br \/>\nS\u016fl (g): 0,93<\/p>\n<p>&nbsp;<\/p>\n<p>&nbsp;<\/p>\n","protected":false},"excerpt":{"rendered":"<p><strong>Krab\u00ed kr\u00e9mov\u00e1 pol\u00e9vka &#8211; \u0159emesln\u00e1 v\u00fdroba Azais-Polito<\/strong><\/p>\n<p>4 a\u017e 5 tal\u00ed\u0159\u016f<\/p>\n<p>Z otce na syna, po n\u011bkolik desetilet\u00ed se denn\u011b star\u00e1me o zachov\u00e1n\u00ed tohoto know-how a na\u0161ich tradic. Na\u0161e v\u00fdrobn\u00ed postupy odjak\u017eiva zachov\u00e1vaj\u00ed \u0159emesln\u00e9 metody tradi\u010dn\u00ed konzerv\u00e1rny. Na\u0161e konzervy, kter\u00e9 jsou v\u017edy p\u0159ipravov\u00e1ny ru\u010dn\u011b a podle na\u0161eho know-how, se od ostatn\u00edch odli\u0161uj\u00ed svou v\u00fdjime\u010dnou chut\u00ed. Recepty na\u0161ich pol\u00e9vek, sal\u00e1t\u016f, hotov\u00fdch j\u00eddel a om\u00e1\u010dek jsou v\u00fdsledkem pe\u010dliv\u00e9ho v\u00fdb\u011bru t\u011bch nejlep\u0161\u00edch surovin v bezvadn\u00e9 kvalit\u011b a d\u016fsledn\u00e9ho dodr\u017eov\u00e1n\u00ed receptur. Pr\u00e1v\u011b toto mistrovsk\u00e9 know-how dnes charakterizuje na\u0161i identitu, abychom v\u00e1m mohli nab\u00eddnout lahodn\u00e9 okam\u017eiky&#8230;<\/p>\n<p>   <\/p>\n<p>Jsou to prav\u00e9 produkty a pr\u00e1v\u011b jejich jasn\u00e1 jednoduchost tvo\u0159\u00ed jejich kouzlo, stejn\u011b jako kuchyn\u011b v S\u00e8te, kter\u00e1 je zbavena ve\u0161ker\u00e9 ok\u00e1zalosti, aby l\u00e9pe vynikla chu\u0165 m\u00edstn\u00edch surovin.<\/p>\n","protected":false},"featured_media":25296,"comment_status":"closed","ping_status":"closed","template":"","meta":[],"product_brand":[],"product_cat":[1120,616,441],"product_tag":[],"class_list":{"0":"post-25332","1":"product","2":"type-product","3":"status-publish","4":"has-post-thumbnail","6":"product_cat-morske-produkty","7":"product_cat-polevky-hotova-jidla","8":"product_cat-potraviny","10":"first","11":"instock","12":"taxable","13":"shipping-taxable","14":"purchasable","15":"product-type-simple"},"jetpack_sharing_enabled":true,"_links":{"self":[{"href":"https:\/\/france-gastronomie.shop\/cs\/wp-json\/wp\/v2\/product\/25332","targetHints":{"allow":["GET"]}}],"collection":[{"href":"https:\/\/france-gastronomie.shop\/cs\/wp-json\/wp\/v2\/product"}],"about":[{"href":"https:\/\/france-gastronomie.shop\/cs\/wp-json\/wp\/v2\/types\/product"}],"replies":[{"embeddable":true,"href":"https:\/\/france-gastronomie.shop\/cs\/wp-json\/wp\/v2\/comments?post=25332"}],"wp:featuredmedia":[{"embeddable":true,"href":"https:\/\/france-gastronomie.shop\/cs\/wp-json\/wp\/v2\/media\/25296"}],"wp:attachment":[{"href":"https:\/\/france-gastronomie.shop\/cs\/wp-json\/wp\/v2\/media?parent=25332"}],"wp:term":[{"taxonomy":"product_brand","embeddable":true,"href":"https:\/\/france-gastronomie.shop\/cs\/wp-json\/wp\/v2\/product_brand?post=25332"},{"taxonomy":"product_cat","embeddable":true,"href":"https:\/\/france-gastronomie.shop\/cs\/wp-json\/wp\/v2\/product_cat?post=25332"},{"taxonomy":"product_tag","embeddable":true,"href":"https:\/\/france-gastronomie.shop\/cs\/wp-json\/wp\/v2\/product_tag?post=25332"}],"curies":[{"name":"wp","href":"https:\/\/api.w.org\/{rel}","templated":true}]}}