{"id":25329,"date":"2025-12-01T18:40:26","date_gmt":"2025-12-02T11:54:00","guid":{"rendered":"https:\/\/france-gastronomie.shop\/produit\/salat-z-morskych-plodu-remeslna-vyroba\/"},"modified":"2025-12-03T09:55:35","modified_gmt":"2025-12-03T09:55:35","slug":"salat-z-morskych-plodu-remeslna-vyroba","status":"publish","type":"product","link":"https:\/\/france-gastronomie.shop\/cs\/produit\/salat-z-morskych-plodu-remeslna-vyroba\/","title":{"rendered":"Sal\u00e1t z mo\u0159sk\u00fdch plod\u016f <br\/> \u0159emesln\u00e1 v\u00fdroba"},"content":{"rendered":"<p><strong>Sal\u00e1t z mo\u0159sk\u00fdch plod\u016f Azais-Polito<\/strong><\/p>\n<p>Tento letn\u00ed sal\u00e1t s ji\u017en\u00edmi chut\u011bmi lahodn\u011b kombinuje mal\u00e9 s\u00e9pie, pl\u00e1tky kalam\u00e1r\u016f a mu\u0161le ze St\u0159edozemn\u00edho mo\u0159e s mal\u00fdmi chobotnicemi, kter\u00e9 jsou symbolem st\u0159edomo\u0159sk\u00e9 gastronomie a zejm\u00e9na kulin\u00e1\u0159sk\u00e9 tradice m\u011bsta S\u00e8te.<br \/>\nJe vyroben z prvot\u0159\u00eddn\u00edch surovin a pat\u0159\u00ed mezi produkty nejvy\u0161\u0161\u00ed kvality!!!<\/p>\n<p>Tento sal\u00e1t je p\u0159ipraven k okam\u017eit\u00e9 konzumaci. M\u016f\u017ee b\u00fdt pod\u00e1v\u00e1n samostatn\u011b jako studen\u00fd p\u0159edkrm nebo jako p\u0159\u00edloha k brambor\u00e1m, r\u00fd\u017ei \u010di na l\u016f\u017eku ze zelen\u00e9ho sal\u00e1tu. Skv\u011ble se hod\u00ed tak\u00e9 jako &#8222;tapas&#8220; k aperitivu. <\/p>\n<p>Mo\u0159sk\u00e9 plody 55 % (mal\u00e1 s\u00e9pie, mal\u00e9 chobotnice, kalam\u00e1ry a mu\u0161le), \u0159epkov\u00fd olej, paprika a ocet.<\/p>\n<p>Skladujte v suchu p\u0159i pokojov\u00e9 teplot\u011b a chra\u0148te p\u0159ed sv\u011btlem.<br \/>\nPo otev\u0159en\u00ed skladujte v chladni\u010dce 2 a\u017e 3 dny.<\/p>\n<p>Alergeny: M\u011aKK\u00dd\u0160I (mu\u0161le) \u2013 HLAVONO\u017dCI (kalam\u00e1ry, s\u00e9pie, chobotnice)<br \/>\nBez GMO, neionizovan\u00e9.<\/p>\n<p>Nutri\u010dn\u00ed hodnoty na 100 g<br \/>\nEnergie v kcal: 303,00<br \/>\nEnergie v kJ: 1253,00<br \/>\nB\u00edlkoviny (g): 11,70<br \/>\nSacharidy (g): 2,80<br \/>\nz toho cukry (g): 0,10<br \/>\nTuky (g): 27,20<br \/>\nz toho nasycen\u00e9 mastn\u00e9 kyseliny (g): 1,60<br \/>\nVl\u00e1knina (g): 0,50<br \/>\nS\u016fl (g): 0,53<\/p>\n","protected":false},"excerpt":{"rendered":"<p><strong>Sal\u00e1t z mo\u0159sk\u00fdch plod\u016f Azais-Polito<\/strong><\/p>\n<p>Z otce na syna, po n\u011bkolik desetilet\u00ed se denn\u011b star\u00e1me o zachov\u00e1n\u00ed tohoto know-how a na\u0161ich tradic. Na\u0161e v\u00fdrobn\u00ed postupy odjak\u017eiva zachov\u00e1vaj\u00ed \u0159emesln\u00e9 metody tradi\u010dn\u00ed konzerv\u00e1rny. Na\u0161e konzervy, kter\u00e9 jsou v\u017edy p\u0159ipravov\u00e1ny ru\u010dn\u011b a podle na\u0161eho know-how, se od ostatn\u00edch odli\u0161uj\u00ed svou v\u00fdjime\u010dnou chut\u00ed. Recepty na\u0161ich pol\u00e9vek, sal\u00e1t\u016f, hotov\u00fdch j\u00eddel a om\u00e1\u010dek jsou v\u00fdsledkem pe\u010dliv\u00e9ho v\u00fdb\u011bru t\u011bch nejlep\u0161\u00edch surovin v bezvadn\u00e9 kvalit\u011b a d\u016fsledn\u00e9ho dodr\u017eov\u00e1n\u00ed receptur. Pr\u00e1v\u011b toto mistrovsk\u00e9 know-how dnes charakterizuje na\u0161i identitu, abychom v\u00e1m mohli nab\u00eddnout lahodn\u00e9 okam\u017eiky&#8230;<\/p>\n<p>   <\/p>\n<p>Jsou to prav\u00e9 produkty a pr\u00e1v\u011b jejich jasn\u00e1 jednoduchost tvo\u0159\u00ed jejich kouzlo, stejn\u011b jako kuchyn\u011b v S\u00e8te, kter\u00e1 je zbavena ve\u0161ker\u00e9 ok\u00e1zalosti, aby l\u00e9pe vynikla chu\u0165 m\u00edstn\u00edch surovin.<\/p>\n","protected":false},"featured_media":25306,"comment_status":"closed","ping_status":"closed","template":"","meta":[],"product_brand":[],"product_cat":[1120,441],"product_tag":[],"class_list":{"0":"post-25329","1":"product","2":"type-product","3":"status-publish","4":"has-post-thumbnail","6":"product_cat-morske-produkty","7":"product_cat-potraviny","9":"first","10":"instock","11":"taxable","12":"shipping-taxable","13":"purchasable","14":"product-type-simple"},"jetpack_sharing_enabled":true,"_links":{"self":[{"href":"https:\/\/france-gastronomie.shop\/cs\/wp-json\/wp\/v2\/product\/25329","targetHints":{"allow":["GET"]}}],"collection":[{"href":"https:\/\/france-gastronomie.shop\/cs\/wp-json\/wp\/v2\/product"}],"about":[{"href":"https:\/\/france-gastronomie.shop\/cs\/wp-json\/wp\/v2\/types\/product"}],"replies":[{"embeddable":true,"href":"https:\/\/france-gastronomie.shop\/cs\/wp-json\/wp\/v2\/comments?post=25329"}],"wp:featuredmedia":[{"embeddable":true,"href":"https:\/\/france-gastronomie.shop\/cs\/wp-json\/wp\/v2\/media\/25306"}],"wp:attachment":[{"href":"https:\/\/france-gastronomie.shop\/cs\/wp-json\/wp\/v2\/media?parent=25329"}],"wp:term":[{"taxonomy":"product_brand","embeddable":true,"href":"https:\/\/france-gastronomie.shop\/cs\/wp-json\/wp\/v2\/product_brand?post=25329"},{"taxonomy":"product_cat","embeddable":true,"href":"https:\/\/france-gastronomie.shop\/cs\/wp-json\/wp\/v2\/product_cat?post=25329"},{"taxonomy":"product_tag","embeddable":true,"href":"https:\/\/france-gastronomie.shop\/cs\/wp-json\/wp\/v2\/product_tag?post=25329"}],"curies":[{"name":"wp","href":"https:\/\/api.w.org\/{rel}","templated":true}]}}