{"id":24908,"date":"2025-10-20T13:53:06","date_gmt":"2025-10-22T09:19:40","guid":{"rendered":"https:\/\/france-gastronomie.shop\/produit\/set-chateauneuf-du-pape-poznavaci\/"},"modified":"2026-04-04T21:54:33","modified_gmt":"2026-04-04T19:54:33","slug":"set-chateauneuf-du-pape-poznavaci","status":"publish","type":"product","link":"https:\/\/france-gastronomie.shop\/cs\/produit\/set-chateauneuf-du-pape-poznavaci\/","title":{"rendered":"Set Ch\u00e2teauneuf du Pape &#8222;pozn\u00e1vac\u00ed&#8220;"},"content":{"rendered":"<h5>Domaine Le Mourre<\/h5>\n<h5>AOC Ch\u00e2teauneuf du Pape<\/h5>\n<p>Zr\u00e1n\u00ed<br \/>\n10 a\u017e 12 m\u011bs\u00edc\u016f v n\u00e1dr\u017eiVieillissement<br \/>\nChu\u0165ov\u00e9 pozn\u00e1mky od na\u0161eho enologa<br \/>\nToto v\u00edno m\u00e1 jasnou \u010derveno-gran\u00e1tovou barvu. Intenzivn\u00ed a \u010derstv\u00e1 v\u016fn\u011b \u010derven\u00e9ho ovoce a ko\u0159en\u00ed typick\u00e9ho pro Grenache. Hezky objemn\u00e1 chut s jemn\u00fdmi rozpl\u00fdvaj\u00edc\u00edmi se t\u0159\u00edslovinami, hezk\u00e9 zakulacen\u00ed a cukernatost.<br \/>\nBelle longueur aromatique.<\/p>\n<h5>Domaine Les Escondudes<\/h5>\n<h5>AOC Ch\u00e2teauneuf du Pape<\/h5>\n<p>Zr\u00e1n\u00ed<br \/>\n10 a\u017e 12 m\u011bs\u00edc\u016f v n\u00e1dr\u017ei<br \/>\nChu\u0165ov\u00e9 pozn\u00e1mky od na\u0161eho enologa<br \/>\nLe Domaine Les Escondudes m\u00e1 \u010derveno gran\u00e1tovou barvu s odlesky rub\u00edn\u016f.<br \/>\nD\u00edky sv\u00e9 poloze, tradi\u010dn\u00ed vinifikaci a odr\u016fd\u011b, m\u00e1 toto v\u00edno dobrou chut s velmi jemn\u00fdmi t\u0159\u00edslovinami. V\u016fn\u011b ukazuje n\u00e1dech \u010derven\u00e9ho ovoce, \u010dern\u00e9ho ryb\u00edzu a t\u0159e\u0161n\u00ed, kterou najdeme tak\u00e9 na pat\u0159e s ko\u0159en\u011bn\u00fdm zakon\u010den\u00edm.<\/p>\n<h5>Les Hauts des Coteaux<\/h5>\n<h5>AOC Ch\u00e2teauneuf du Pape<\/h5>\n<p>Zr\u00e1n\u00ed<br \/>\n12 m\u011bs\u00edc\u016f v sudech, pak n\u011bkolik m\u011bs\u00edc\u016f v n\u00e1dr\u017ei<br \/>\nChu\u0165ov\u00e9 pozn\u00e1mky od na\u0161eho enologa<br \/>\nLes Hauts des Coteaux je v\u00edno vybran\u00e9 z n\u011bkolika parcel star\u0161\u00edch 50 let, kter\u00e9 se nach\u00e1zej\u00ed na na\u0161ich nejlep\u0161\u00edch svaz\u00edch s velmi n\u00edzk\u00fdmi v\u00fdnosy. To mu d\u00e1v\u00e1 velkou intenzitu a aromatickou komplexnost, stejn\u011b jako silnou strukturu t\u0159\u00edslovin. Dozr\u00e1v\u00e1n\u00ed v dubov\u00fdch sudech mu dod\u00e1v\u00e1 aroma vanilky, grilov\u00e1n\u00ed a l\u00e9ko\u0159ice.<\/p>\n","protected":false},"excerpt":{"rendered":"<h5 class=\"product_title entry-title wd-entities-title\">Domaine Le Mourre<br \/>\nCh\u00e2teauneuf du Pape<\/h5>\n<p>Odr\u016fdy<br \/>\nGrenache 100%<\/p>\n<h5 class=\"product_title entry-title wd-entities-title\">Les Escondudes<br \/>\nCh\u00e2teauneuf du Pape<\/h5>\n<p>Odr\u016fdy<br \/>\nGrenache 100%<\/p>\n<h5 class=\"product_title entry-title wd-entities-title\">Les Hauts des Coteaux<br \/>\nCh\u00e2teauneuf du Pape<\/h5>\n<p>Odr\u016fdy<br \/>\nGrenache 90%, Mourv\u00e8dre 5 %, Syrah 5 %<\/p>\n","protected":false},"featured_media":24868,"comment_status":"closed","ping_status":"closed","template":"","meta":[],"product_brand":[],"product_cat":[620,774,1101,383,394,435,436,385,388],"product_tag":[],"class_list":{"0":"post-24908","1":"product","2":"type-product","3":"status-publish","4":"has-post-thumbnail","6":"product_cat-nezarazene","7":"product_cat-doporucujeme","8":"product_cat-specialni-nabidka","9":"product_cat-vina","10":"product_cat-regiony","11":"product_cat-vallee-du-rhone-cs","12":"product_cat-chateauneuf-du-pape-cs","13":"product_cat-barva","14":"product_cat-cervena-vina","16":"first","17":"instock","18":"sale","19":"taxable","20":"shipping-taxable","21":"purchasable","22":"product-type-simple"},"jetpack_sharing_enabled":true,"_links":{"self":[{"href":"https:\/\/france-gastronomie.shop\/cs\/wp-json\/wp\/v2\/product\/24908","targetHints":{"allow":["GET"]}}],"collection":[{"href":"https:\/\/france-gastronomie.shop\/cs\/wp-json\/wp\/v2\/product"}],"about":[{"href":"https:\/\/france-gastronomie.shop\/cs\/wp-json\/wp\/v2\/types\/product"}],"replies":[{"embeddable":true,"href":"https:\/\/france-gastronomie.shop\/cs\/wp-json\/wp\/v2\/comments?post=24908"}],"wp:featuredmedia":[{"embeddable":true,"href":"https:\/\/france-gastronomie.shop\/cs\/wp-json\/wp\/v2\/media\/24868"}],"wp:attachment":[{"href":"https:\/\/france-gastronomie.shop\/cs\/wp-json\/wp\/v2\/media?parent=24908"}],"wp:term":[{"taxonomy":"product_brand","embeddable":true,"href":"https:\/\/france-gastronomie.shop\/cs\/wp-json\/wp\/v2\/product_brand?post=24908"},{"taxonomy":"product_cat","embeddable":true,"href":"https:\/\/france-gastronomie.shop\/cs\/wp-json\/wp\/v2\/product_cat?post=24908"},{"taxonomy":"product_tag","embeddable":true,"href":"https:\/\/france-gastronomie.shop\/cs\/wp-json\/wp\/v2\/product_tag?post=24908"}],"curies":[{"name":"wp","href":"https:\/\/api.w.org\/{rel}","templated":true}]}}