{"id":24904,"date":"2025-10-20T13:21:00","date_gmt":"2025-10-22T08:37:03","guid":{"rendered":"https:\/\/france-gastronomie.shop\/produit\/poznavaci-sada-cotes-du-rhone\/"},"modified":"2025-11-03T12:36:46","modified_gmt":"2025-11-03T12:36:46","slug":"poznavaci-sada-cotes-du-rhone","status":"publish","type":"product","link":"https:\/\/france-gastronomie.shop\/cs\/produit\/poznavaci-sada-cotes-du-rhone\/","title":{"rendered":"Set C\u00f4tes du Rh\u00f4ne &#8222;pozn\u00e1vac\u00ed&#8220;"},"content":{"rendered":"<h5>Domaine Vaucroze<\/h5>\n<h5>AOC C\u00f4tes du Rh\u00f4ne<\/h5>\n<p>Zr\u00e1n\u00ed<br \/>\n10 m\u011bs\u00edc\u016f v k\u00e1d\u00edch<\/p>\n<p>DEGUSTACE<br \/>\nToto v\u00edno je vyrobeno ze star\u00e9ho Grenache a Carignan, dvou typick\u00fdch odr\u016fd pro C\u00f4tes du Rh\u00f4ne. Grenache dod\u00e1v\u00e1 s\u00edlu a poddajnost, Carignan sv\u011b\u017eest, strukturu a zast\u0159e\u0161en\u00ed.<\/p>\n<h5>H\u00e9r\u00e9dita<\/h5>\n<h5>AOC C\u00f4tes du Rh\u00f4ne<\/h5>\n<p>Zr\u00e1n\u00ed<br \/>\n8 m\u011bs\u00edc\u016f v nerezov\u00fdch k\u00e1d\u00edch<\/p>\n<p>H\u00e9r\u00e9dita je v\u00edno vze\u0161l\u00e9 ze spolupr\u00e1ce Philippa Cambie, uzn\u00e1van\u00e9ho specialisty na Grenache a dr\u017eitele titulu \u00ab Vina\u0159 Roku 2010 \u00bb od Roberta Parkera, s Cellier des Princes a s jeho enologem Thierrym Ferlayem. Tento v\u00fdjime\u010dn\u00fd v\u00fdb\u011br ze stalet\u00fdch Grenache spojuje tradici a modernost, z \u010deho\u017e vych\u00e1z\u00ed jeho heslo \u00ab NOVE SED NON NOVA, zp\u016fsob je nov\u00fd, ale materi\u00e1l ne. \u00bb<\/p>\n<p>Degustace<br \/>\nV\u016fn\u011b je elegantn\u00ed a gurm\u00e1nsk\u00e1, s t\u00f3ny \u010derven\u00e9ho ovoce, jahod a l\u00e9ko\u0159ice.<br \/>\nChu\u0165 je ko\u0159en\u011bn\u00e1, taniny jsou sametov\u00e9.<\/p>\n<h5>Domaine Saint Jacques<\/h5>\n<h5>AOC C\u00f4tes du Rh\u00f4ne BIO<\/h5>\n<p>Zr\u00e1n\u00ed<br \/>\n6 m\u011bs\u00edc\u016f v n\u00e1dr\u017ei<\/p>\n<p>Degustace<br \/>\nKr\u00e1sn\u00e1 intenzivn\u00ed \u010derven\u00e1 barva s v\u00fdznamn\u00fdm odst\u00edny fialov\u00e9. V\u016fn\u011b je siln\u00e1 s p\u0159evahou \u010derven\u00e9ho ovocejako jsou maliny, jahody a s pikantn\u00edmi t\u00f3ny jako je l\u00e9ko\u0159ice. Dobr\u00e1 rovnov\u00e1ha v \u00fastech s velkou \u010derstvost\u00ed,<br \/>\nkulatost\u00ed a jemn\u00fdmi rozpu\u0161t\u011bn\u00fdmi taniny.<\/p>\n","protected":false},"excerpt":{"rendered":"<h5 class=\"product_title entry-title wd-entities-title\">Domaine Vaucroze<br \/>\nC\u00f4tes du Rh\u00f4ne<\/h5>\n<p>ODR\u016eDY<br \/>\nGrenache 90%, Carignan 10%<\/p>\n<h5 class=\"product_title entry-title wd-entities-title\">H\u00e9r\u00e9dita<br \/>\nAOC C\u00f4tes du Rh\u00f4ne<\/h5>\n<p>ODR\u016eDY<br \/>\nGrenache 70 % a Syrah 30 %<\/p>\n<h5 class=\"product_title entry-title wd-entities-title\">Domaine St-Jacques<br \/>\nAOC C\u00f4tes du Rh\u00f4ne BIO<\/h5>\n<p>Odr\u016fdy: Grenache 65 %, Syrah 15 %, Carignan 15 %, Mourv\u00e8dre 5 %<\/p>\n<p>&nbsp;<\/p>\n","protected":false},"featured_media":24874,"comment_status":"closed","ping_status":"closed","template":"","meta":[],"product_brand":[],"product_cat":[620,774,1101,383,394,435,438,385,388],"product_tag":[],"class_list":{"0":"post-24904","1":"product","2":"type-product","3":"status-publish","4":"has-post-thumbnail","6":"product_cat-nezarazene","7":"product_cat-doporucujeme","8":"product_cat-specialni-nabidka","9":"product_cat-vina","10":"product_cat-regiony","11":"product_cat-vallee-du-rhone-cs","12":"product_cat-cotes-du-rhone-cs","13":"product_cat-barva","14":"product_cat-cervena-vina","16":"first","17":"instock","18":"sale","19":"taxable","20":"shipping-taxable","21":"purchasable","22":"product-type-simple"},"jetpack_sharing_enabled":true,"_links":{"self":[{"href":"https:\/\/france-gastronomie.shop\/cs\/wp-json\/wp\/v2\/product\/24904","targetHints":{"allow":["GET"]}}],"collection":[{"href":"https:\/\/france-gastronomie.shop\/cs\/wp-json\/wp\/v2\/product"}],"about":[{"href":"https:\/\/france-gastronomie.shop\/cs\/wp-json\/wp\/v2\/types\/product"}],"replies":[{"embeddable":true,"href":"https:\/\/france-gastronomie.shop\/cs\/wp-json\/wp\/v2\/comments?post=24904"}],"wp:featuredmedia":[{"embeddable":true,"href":"https:\/\/france-gastronomie.shop\/cs\/wp-json\/wp\/v2\/media\/24874"}],"wp:attachment":[{"href":"https:\/\/france-gastronomie.shop\/cs\/wp-json\/wp\/v2\/media?parent=24904"}],"wp:term":[{"taxonomy":"product_brand","embeddable":true,"href":"https:\/\/france-gastronomie.shop\/cs\/wp-json\/wp\/v2\/product_brand?post=24904"},{"taxonomy":"product_cat","embeddable":true,"href":"https:\/\/france-gastronomie.shop\/cs\/wp-json\/wp\/v2\/product_cat?post=24904"},{"taxonomy":"product_tag","embeddable":true,"href":"https:\/\/france-gastronomie.shop\/cs\/wp-json\/wp\/v2\/product_tag?post=24904"}],"curies":[{"name":"wp","href":"https:\/\/api.w.org\/{rel}","templated":true}]}}