{"id":24850,"date":"2025-10-20T10:01:04","date_gmt":"2025-10-20T12:27:45","guid":{"rendered":"https:\/\/france-gastronomie.shop\/produit\/sada-mezidrzaku-bordeauxske-vino\/"},"modified":"2026-04-02T09:49:19","modified_gmt":"2026-04-02T07:49:19","slug":"sada-mezidrzaku-bordeauxske-vino","status":"publish","type":"product","link":"https:\/\/france-gastronomie.shop\/cs\/produit\/sada-mezidrzaku-bordeauxske-vino\/","title":{"rendered":"Set Entre-Parenth\u00e8ses <br\/> Vin de Bordeaux"},"content":{"rendered":"<h5>Set Entre Parenth\u00e8ses<br \/>\nAOC Vin de Bordeaux<\/h5>\n<p><span class=\"markedContent\"><span dir=\"ltr\" role=\"presentation\">Entre Parenth\u00e8ses je \u00f3dou na h\u00e9donismus, pozv\u00e1nkou k objevov\u00e1n\u00ed elegantn\u00edho v\u00edna <\/span><span dir=\"ltr\" role=\"presentation\">s ostrou ovocnou v\u016fn\u00ed pro pot\u011b\u0161en\u00ed z okam\u017eiku, okam\u017eiku <\/span><span dir=\"ltr\" role=\"presentation\">sd\u00edlen\u00ed daleko od sv\u011bta, kter\u00fd je st\u00e1le usp\u011bchan\u011bj\u0161\u00ed a n\u00e1ro\u010dn\u011bj\u0161\u00ed.<\/span><\/span><\/p>\n<p>TERROIR<br \/>\nVze\u0161l\u00e9 z p\u0159\u00edsn\u00e9ho v\u00fdb\u011bru na\u0161ich enolog\u016f, Entre Parenth\u00e8ses p\u0159edstavuje j\u00e1dro nejlep\u0161\u00edch j\u00edlovo v\u00e1pencov\u00fdch p\u016fd bordeauxsk\u00fdch vinic.<br \/>\nByly speci\u00e1ln\u011b vybr\u00e1ny pro jejich schopnost poskytovat odr\u016fdov\u00e1 v\u00edna s kr\u00e1snou aromatickou intenzitou.<\/p>\n<p><strong>\u010cERVEN\u00c9<\/strong><br \/>\nMerlot (92 %), Cabernet Franc (4 %), Cabernet Sauvignon (2 %), Malbec (2 %)<\/p>\n<p>DEGUSTACE<br \/>\nM\u00e1 pr\u016fzra\u010dnou barvu s hlubok\u00fdmi rub\u00ednov\u00fdmi odst\u00edny. Odhaluje buket s v\u016fn\u00ed drobn\u00e9ho zral\u00e9ho \u010derven\u00e9ho ovoce a n\u00e1dechem ko\u0159en\u00ed. Chu\u0165 je kulat\u00e1 a vyv\u00e1\u017een\u00e1, s hladk\u00fdmi a strukturovan\u00fdmi t\u0159\u00edslovinami. Modern\u00ed a nekomplikovan\u00e9 Bordeaux.<\/p>\n<p>DOPORU\u010cEN\u00cd<br \/>\nEntre Parenth\u00e8ses je ide\u00e1ln\u00ed k pit\u00ed pokud si chceme u\u017e\u00edt chv\u00edle pohody, a\u0165 u\u017e se pod\u00e1v\u00e1 jako aperitiv, s jednoduch\u00fdmi pokrmy jako (hamburgery, pa\u0161tiky) nebo rafinovan\u011bj\u0161\u00edmi pokrmy (kachn\u00ed prsa, ro\u0161t\u011bnec). V\u00fdborn\u011b se tak\u00e9 hod\u00ed k s\u00fdr\u016fm, jako je Comt\u00e9.<\/p>\n<p><strong>R\u016e\u017dOV\u00c9<\/strong><br \/>\nMerlot, Cabernet Franc, Cabernet Sauvignon<\/p>\n<p>DEGUSTACE<br \/>\nChu\u0165 je lahodn\u00e1, dob\u0159e vyv\u00e1\u017een\u00e1 mezi kulatost\u00ed, aromatickou intenzitou a p\u0159\u00edjemnou sv\u011b\u017eest\u00ed. Rafinovan\u00e9 a elegantn\u00ed v\u00edno.<\/p>\n<p>DOPORU\u010cEN\u00cd<br \/>\nBude doprov\u00e1zet va\u0161e chv\u00edle relaxace, a\u0165 u\u017e jako aperitiv s tapas, nebo k dobr\u00e9mu j\u00eddlu slo\u017een\u00e9mu z letn\u00edch sal\u00e1t\u016f, masa nebo grilovan\u00fdch ryb. M\u016f\u017ee b\u00fdt tak\u00e9 pod\u00e1v\u00e1no k ovocn\u00fdm dezert\u016fm.<\/p>\n<p><strong>B\u00cdL\u00c9<\/strong><br \/>\n<span class=\"markedContent\"><span dir=\"ltr\" role=\"presentation\">Sauvignon Blanc<\/span><\/span><\/p>\n<p>DEGUSTACE<br \/>\n<span class=\"markedContent\">Entre Parenth\u00e8ses b\u00edl\u00e9 m\u00e1 kr\u00e1snou z\u00e1\u0159ivou barvu se zelen\u00fdmi odst\u00edny a odhaluje elegantn\u00ed buket s kv\u011btinov\u00fdmi a citrusov\u00fdmi t\u00f3ny.<br role=\"presentation\" \/><span dir=\"ltr\" role=\"presentation\">Chu\u0165 je p\u0159\u00edjemn\u011b sv\u011b\u017e\u00ed, <\/span><span dir=\"ltr\" role=\"presentation\">bez p\u0159ebyte\u010dn\u00fdch kyselin a s ovocnou p\u0159\u00edchut\u00ed. Harmonick\u00e9 a aromatick\u00e9 v\u00edno. <\/span><\/span><\/p>\n<p>DOPORU\u010cEN\u00cd<br \/>\n<span class=\"markedContent\">Entre Parenth\u00e8ses Blanc Premium se perfektn\u011b hod\u00ed pro va\u0161e chv\u00edle odpo\u010dinku, a\u0165 u\u017e jako aperitiv nebo k dobr\u00e9mu j\u00eddlu z mo\u0159sk\u00fdch plod\u016f, \u00fast\u0159ic <span dir=\"ltr\" role=\"presentation\">nebo k ryb\u00edmu carpacciu. <\/span><span dir=\"ltr\" role=\"presentation\">M\u016f\u017ee se pod\u00e1vat tak\u00e9 k dezert\u016fm z b\u00edl\u00e9ho ovoce.<\/span><\/span><\/p>\n<p>&nbsp;<\/p>\n","protected":false},"excerpt":{"rendered":"<h3><strong><span style=\"color: #ff0000;\">Omezen\u00e9 mno\u017estv\u00ed<\/span><\/strong><br \/>\n<strong><span style=\"color: #ff0000;\">Vyu\u017eijte t\u00e9to p\u0159\u00edle\u017eitosti!<\/span><\/strong><\/h3>\n<h5>AOC Vin de Bordeaux<\/h5>\n<p>Maison Le Star je realizac\u00ed snu a vyj\u00e1d\u0159en\u00edm v\u00e1\u0161n\u011b.<br \/>\nObklopeni t\u00fdmem profesion\u00e1l\u016f, enolog\u016f a sommeli\u00e9r\u016f, garant\u016f kvality v\u00edn, kter\u00e1 vyr\u00e1b\u00edme a vyb\u00edr\u00e1me, nab\u00edz\u00edme budouc\u00edm amat\u00e9r\u016fm a znalc\u016fm z cel\u00e9ho sv\u011bta kvalitn\u00ed francouzsk\u00e1 v\u00edna za spr\u00e1vnou cenu.<\/p>\n<p>2x \u010cerven\u00e9<\/p>\n<p>2x B\u00edl\u00e9<\/p>\n<p>2x R\u016f\u017eov\u00e9<\/p>\n","protected":false},"featured_media":24896,"comment_status":"closed","ping_status":"closed","template":"","meta":[],"product_brand":[],"product_cat":[774,1101,383,394,400,419,385,386,388,387],"product_tag":[],"class_list":{"0":"post-24850","1":"product","2":"type-product","3":"status-publish","4":"has-post-thumbnail","6":"product_cat-doporucujeme","7":"product_cat-specialni-nabidka","8":"product_cat-vina","9":"product_cat-regiony","10":"product_cat-bordeaux-cs","11":"product_cat-vins-de-bordeaux-cs","12":"product_cat-barva","13":"product_cat-bila-vina","14":"product_cat-cervena-vina","15":"product_cat-ruzova-vina","17":"first","18":"instock","19":"sale","20":"taxable","21":"shipping-taxable","22":"purchasable","23":"product-type-simple"},"jetpack_sharing_enabled":true,"_links":{"self":[{"href":"https:\/\/france-gastronomie.shop\/cs\/wp-json\/wp\/v2\/product\/24850","targetHints":{"allow":["GET"]}}],"collection":[{"href":"https:\/\/france-gastronomie.shop\/cs\/wp-json\/wp\/v2\/product"}],"about":[{"href":"https:\/\/france-gastronomie.shop\/cs\/wp-json\/wp\/v2\/types\/product"}],"replies":[{"embeddable":true,"href":"https:\/\/france-gastronomie.shop\/cs\/wp-json\/wp\/v2\/comments?post=24850"}],"wp:featuredmedia":[{"embeddable":true,"href":"https:\/\/france-gastronomie.shop\/cs\/wp-json\/wp\/v2\/media\/24896"}],"wp:attachment":[{"href":"https:\/\/france-gastronomie.shop\/cs\/wp-json\/wp\/v2\/media?parent=24850"}],"wp:term":[{"taxonomy":"product_brand","embeddable":true,"href":"https:\/\/france-gastronomie.shop\/cs\/wp-json\/wp\/v2\/product_brand?post=24850"},{"taxonomy":"product_cat","embeddable":true,"href":"https:\/\/france-gastronomie.shop\/cs\/wp-json\/wp\/v2\/product_cat?post=24850"},{"taxonomy":"product_tag","embeddable":true,"href":"https:\/\/france-gastronomie.shop\/cs\/wp-json\/wp\/v2\/product_tag?post=24850"}],"curies":[{"name":"wp","href":"https:\/\/api.w.org\/{rel}","templated":true}]}}