{"id":24665,"date":"2025-09-11T12:28:47","date_gmt":"2025-09-11T12:41:26","guid":{"rendered":"https:\/\/france-gastronomie.shop\/produit\/bolonsky-rum-dark-sail-43\/"},"modified":"2025-10-20T09:36:20","modified_gmt":"2025-10-20T09:36:20","slug":"bolonsky-rum-dark-sail-43","status":"publish","type":"product","link":"https:\/\/france-gastronomie.shop\/cs\/produit\/bolonsky-rum-dark-sail-43\/","title":{"rendered":"Bolo\u0148sk\u00fd rum <br\/> Dark Sail 43%"},"content":{"rendered":"<h5>Bolo\u0148sk\u00fd rum Dark Sail 43%<\/h5>\n<p>Star\u00fd zem\u011bd\u011blsk\u00fd rum<br \/>\nZem\u011bpisn\u00e9 ozna\u010den\u00ed Guadeloupe<\/p>\n<p>Barva<br \/>\nJantarov\u00e1 se zlatav\u00fdmi odlesky.<\/p>\n<p>Nos<br \/>\nSiln\u00e1 sladkost s v\u016fn\u00ed cr\u00e8me br\u00fbl\u00e9e. Objevuj\u00ed se t\u00f3ny \u010dokol\u00e1dy a cukrovinek, kter\u00e9 se s kulatost\u00ed vyv\u00edjej\u00ed do gurm\u00e1nsk\u00fdch t\u00f3n\u016f moka a k\u00e1vy.<\/p>\n<p>Patro<br \/>\nprodukt t\u00e9to \u0159ady, kter\u00fd dod\u00e1v\u00e1 aromatick\u00fd buket, kter\u00fd se odli\u0161uje od ostatn\u00edch star\u00fdch rum\u016f z Bolon\u011b. D\u0159evitost se prosazuje a prozrazuje, \u017ee \u010d\u00e1st jej\u00ed sm\u011bsi zr\u00e1la v americk\u00fdch sudech. Objevuj\u00ed se gurm\u00e1nsk\u00e9 t\u00f3ny \u010dokol\u00e1dy. Dlouh\u00fd z\u00e1v\u011br, kter\u00fd t\u011b\u017e\u00ed z retro-\u010dichov\u00e9ho efektu s n\u00e1dechem k\u00e1vy a moka.<\/p>\n<p>Degustace<br \/>\nVychutnejte si ho \u010dist\u00fd s ledem nebo bez ledu, jako &#8222;star\u00fd ti-punch&#8220; nebo jako long drink.<\/p>\n<p>Zr\u00e1n\u00ed<br \/>\nRum zraj\u00edc\u00ed v sudech z americk\u00e9ho a francouzsk\u00e9ho dubu od 3 do 6 let.<\/p>\n","protected":false},"excerpt":{"rendered":"<p>Guadeloupe<\/p>\n<p>zem\u011bpisn\u00e9 ozna\u010den\u00ed star\u00fd zem\u011bd\u011blsk\u00fd<br \/>\nObjem: 0,7 l<\/p>\n","protected":false},"featured_media":24186,"comment_status":"closed","ping_status":"closed","template":"","meta":[],"product_brand":[],"product_cat":[882],"product_tag":[],"class_list":{"0":"post-24665","1":"product","2":"type-product","3":"status-publish","4":"has-post-thumbnail","6":"product_cat-rum","8":"first","9":"instock","10":"taxable","11":"shipping-taxable","12":"purchasable","13":"product-type-simple"},"jetpack_sharing_enabled":true,"_links":{"self":[{"href":"https:\/\/france-gastronomie.shop\/cs\/wp-json\/wp\/v2\/product\/24665","targetHints":{"allow":["GET"]}}],"collection":[{"href":"https:\/\/france-gastronomie.shop\/cs\/wp-json\/wp\/v2\/product"}],"about":[{"href":"https:\/\/france-gastronomie.shop\/cs\/wp-json\/wp\/v2\/types\/product"}],"replies":[{"embeddable":true,"href":"https:\/\/france-gastronomie.shop\/cs\/wp-json\/wp\/v2\/comments?post=24665"}],"wp:featuredmedia":[{"embeddable":true,"href":"https:\/\/france-gastronomie.shop\/cs\/wp-json\/wp\/v2\/media\/24186"}],"wp:attachment":[{"href":"https:\/\/france-gastronomie.shop\/cs\/wp-json\/wp\/v2\/media?parent=24665"}],"wp:term":[{"taxonomy":"product_brand","embeddable":true,"href":"https:\/\/france-gastronomie.shop\/cs\/wp-json\/wp\/v2\/product_brand?post=24665"},{"taxonomy":"product_cat","embeddable":true,"href":"https:\/\/france-gastronomie.shop\/cs\/wp-json\/wp\/v2\/product_cat?post=24665"},{"taxonomy":"product_tag","embeddable":true,"href":"https:\/\/france-gastronomie.shop\/cs\/wp-json\/wp\/v2\/product_tag?post=24665"}],"curies":[{"name":"wp","href":"https:\/\/api.w.org\/{rel}","templated":true}]}}