{"id":21510,"date":"2024-12-05T08:31:51","date_gmt":"2024-12-05T08:31:51","guid":{"rendered":"https:\/\/france-gastronomie.shop\/produit\/darkovy-poukaz\/"},"modified":"2026-04-13T10:30:08","modified_gmt":"2026-04-13T08:30:08","slug":"darkovy-poukaz","status":"publish","type":"product","link":"https:\/\/france-gastronomie.shop\/cs\/produit\/darkovy-poukaz\/","title":{"rendered":"D\u00e1rkov\u00fd poukaz <br\/> v hodnot\u011b 500 K\u010d"},"content":{"rendered":"","protected":false},"excerpt":{"rendered":"<p>Chcete n\u011bkoho pot\u011b\u0161it, kupte d\u00e1rkov\u00fd poukaz!<\/p>\n<p>Tento d\u00e1rkov\u00fd poukaz plat\u00ed na v\u0161echny na\u0161e v\u00fdrobky.<\/p>\n<p>Poukaz m\u016f\u017eete uplatnit na na\u0161em eshopu: www.france-gastronomie.shop, nebo v kamenn\u00e9 prodejn\u011b na adrese:<br \/>\nFrance Gastronomie<br \/>\nNa Slupi 134\/15<br \/>\nPraha 2<br \/>\nOtev\u00edrac\u00ed doba prodejny: \u00fater\u00fd &#8211; sobota: 11:00 &#8211; 19:00<br \/>\nTel: 773 379 377<\/p>\n<p>Poukaz plat\u00ed jednor\u00e1zov\u011b, pouze v pln\u00e9 v\u00fd\u0161i (na poukaz nevrac\u00edme) a je nevratn\u00fd.<\/p>\n<p>D\u00e1rkov\u00fd poukaz V\u00e1m bude zasl\u00e1n emailem.<\/p>\n","protected":false},"featured_media":25317,"comment_status":"closed","ping_status":"closed","template":"","meta":[],"product_brand":[],"product_cat":[939],"product_tag":[],"class_list":{"0":"post-21510","1":"product","2":"type-product","3":"status-publish","4":"has-post-thumbnail","6":"product_cat-darkovy-poukaz","8":"first","9":"instock","10":"taxable","11":"shipping-taxable","12":"purchasable","13":"product-type-simple"},"jetpack_sharing_enabled":true,"_links":{"self":[{"href":"https:\/\/france-gastronomie.shop\/cs\/wp-json\/wp\/v2\/product\/21510","targetHints":{"allow":["GET"]}}],"collection":[{"href":"https:\/\/france-gastronomie.shop\/cs\/wp-json\/wp\/v2\/product"}],"about":[{"href":"https:\/\/france-gastronomie.shop\/cs\/wp-json\/wp\/v2\/types\/product"}],"replies":[{"embeddable":true,"href":"https:\/\/france-gastronomie.shop\/cs\/wp-json\/wp\/v2\/comments?post=21510"}],"wp:featuredmedia":[{"embeddable":true,"href":"https:\/\/france-gastronomie.shop\/cs\/wp-json\/wp\/v2\/media\/25317"}],"wp:attachment":[{"href":"https:\/\/france-gastronomie.shop\/cs\/wp-json\/wp\/v2\/media?parent=21510"}],"wp:term":[{"taxonomy":"product_brand","embeddable":true,"href":"https:\/\/france-gastronomie.shop\/cs\/wp-json\/wp\/v2\/product_brand?post=21510"},{"taxonomy":"product_cat","embeddable":true,"href":"https:\/\/france-gastronomie.shop\/cs\/wp-json\/wp\/v2\/product_cat?post=21510"},{"taxonomy":"product_tag","embeddable":true,"href":"https:\/\/france-gastronomie.shop\/cs\/wp-json\/wp\/v2\/product_tag?post=21510"}],"curies":[{"name":"wp","href":"https:\/\/api.w.org\/{rel}","templated":true}]}}