{"id":21306,"date":"2024-11-28T13:20:02","date_gmt":"2024-11-28T13:20:02","guid":{"rendered":"https:\/\/france-gastronomie.shop\/produit\/sucha-klobasa-se-syrem-bleau-150g\/"},"modified":"2026-04-29T22:01:48","modified_gmt":"2026-04-29T20:01:48","slug":"sucha-klobasa-se-syrem-bleau-150g","status":"publish","type":"product","link":"https:\/\/france-gastronomie.shop\/cs\/produit\/sucha-klobasa-se-syrem-bleau-150g\/","title":{"rendered":"Such\u00e1 klob\u00e1sa <br\/> se s\u00fdrem Roquefort 150g"},"content":{"rendered":"<h5>Such\u00e1 klob\u00e1sa s Rokf\u00f3rem<br \/>\nMaison Chillet<\/h5>\n<p>V Saint-Symphorien-sur-Coise, kde se zrodila lyonsk\u00e1 rozeta, vyr\u00e1b\u00ed spole\u010dnost Maison Chillet uzeniny ji\u017e od roku 1902, a to s maxim\u00e1ln\u00ed \u00factou k pou\u017e\u00edvan\u00fdm surovin\u00e1m a s d\u016frazem na &#8222;dom\u00e1c\u00ed&#8220; produkty.<\/p>\n<p>Ji\u017e po p\u011bt generac\u00ed se stejn\u00fdmi gesty udr\u017euje neporu\u0161en\u00e1 tradice, p\u0159i n\u00ed\u017e se ka\u017ed\u00e1 klob\u00e1sa vyr\u00e1b\u00ed s trp\u011blivost\u00ed a p\u0159esnost\u00ed.<\/p>\n<p>Ve spole\u010dnosti Chillet se suroviny pe\u010dliv\u011b vyb\u00edraj\u00ed a ko\u0159en\u00ed se vyr\u00e1b\u00ed doma. V r\u00e1mci na\u0161eho z\u00e1vazku ke kvalit\u011b pou\u017e\u00edv\u00e1me v\u00fdhradn\u011b p\u0159\u00edrodn\u00ed st\u0159eva a m\u00e1me vlastn\u00ed d\u00edlnu na v\u00fdrobu st\u0159ev. <\/p>\n","protected":false},"excerpt":{"rendered":"<h5>Maison Chillet<\/h5>\n<p>V\u00fdrobce kvalitn\u00edch uzenin v srdci Monts du Lyonnais od roku 1902.<\/p>\n<p>Tradi\u010dn\u00ed v\u00fdrobn\u00ed postupy<\/p>\n","protected":false},"featured_media":24038,"comment_status":"closed","ping_status":"closed","template":"","meta":[],"product_brand":[],"product_cat":[777,742,744],"product_tag":[],"class_list":{"0":"post-21306","1":"product","2":"type-product","3":"status-publish","4":"has-post-thumbnail","6":"product_cat-cerstve-produkty","7":"product_cat-suche-salamy-uzeniny","8":"product_cat-uzeniny-cerstve-produkty","10":"first","11":"instock","12":"taxable","13":"shipping-taxable","14":"purchasable","15":"product-type-simple"},"jetpack_sharing_enabled":true,"_links":{"self":[{"href":"https:\/\/france-gastronomie.shop\/cs\/wp-json\/wp\/v2\/product\/21306","targetHints":{"allow":["GET"]}}],"collection":[{"href":"https:\/\/france-gastronomie.shop\/cs\/wp-json\/wp\/v2\/product"}],"about":[{"href":"https:\/\/france-gastronomie.shop\/cs\/wp-json\/wp\/v2\/types\/product"}],"replies":[{"embeddable":true,"href":"https:\/\/france-gastronomie.shop\/cs\/wp-json\/wp\/v2\/comments?post=21306"}],"wp:featuredmedia":[{"embeddable":true,"href":"https:\/\/france-gastronomie.shop\/cs\/wp-json\/wp\/v2\/media\/24038"}],"wp:attachment":[{"href":"https:\/\/france-gastronomie.shop\/cs\/wp-json\/wp\/v2\/media?parent=21306"}],"wp:term":[{"taxonomy":"product_brand","embeddable":true,"href":"https:\/\/france-gastronomie.shop\/cs\/wp-json\/wp\/v2\/product_brand?post=21306"},{"taxonomy":"product_cat","embeddable":true,"href":"https:\/\/france-gastronomie.shop\/cs\/wp-json\/wp\/v2\/product_cat?post=21306"},{"taxonomy":"product_tag","embeddable":true,"href":"https:\/\/france-gastronomie.shop\/cs\/wp-json\/wp\/v2\/product_tag?post=21306"}],"curies":[{"name":"wp","href":"https:\/\/api.w.org\/{rel}","templated":true}]}}