{"id":21170,"date":"2024-11-18T08:44:47","date_gmt":"2024-11-18T08:44:47","guid":{"rendered":"https:\/\/france-gastronomie.shop\/produit\/bloc-de-foie-gras-de-canard\/"},"modified":"2026-02-04T10:12:47","modified_gmt":"2026-02-04T09:12:47","slug":"bloc-de-foie-gras-de-canard","status":"publish","type":"product","link":"https:\/\/france-gastronomie.shop\/cs\/produit\/bloc-de-foie-gras-de-canard\/","title":{"rendered":"Blok foie gras <br\/> kachn\u00ed"},"content":{"rendered":"<h5>Blok kachn\u00edho Foie Gras<\/h5>\n<h5>Castaing Foie Gras<\/h5>\n<p>Zat\u00edmco mnoho jin\u00fdch firem praktikuje intenzivn\u00ed chov, Foies gras CASTAING up\u0159ednost\u0148uje metodu chovu podle p\u0159edpis\u016f Label Rouge.<br \/>\nTo znamen\u00e1 voln\u00fd chov a del\u0161\u00ed dobu vykrmov\u00e1n\u00ed, stravu zalo\u017eenou pouze na obilovin\u00e1ch a vykrmov\u00e1n\u00ed cel\u00fdmi zrny kuku\u0159ice.<\/p>\n<p>Na\u0161e foie gras maj\u00ed autentickou chu\u0165, jako ta foie gras, kter\u00e1 vyr\u00e1b\u011bly na\u0161e babi\u010dky.<br \/>\n&#8212;<br \/>\nPro ozna\u010den\u00ed \u201efoie gras\u201c v obchodn\u00edm n\u00e1zvu mohou b\u00fdt pou\u017eita jen 3 pojmenov\u00e1n\u00ed: obsahuj\u00ed foie gras, ko\u0159en\u00ed, p\u0159\u00edpadn\u011b lan\u00fd\u017ee.<\/p>\n<p><strong>Le Foie Gras Entier<\/strong> neboli cel\u00e1 foie gras se skl\u00e1daj\u00ed z jednoho nebo dvou lalok\u016f jater. Jedn\u00e1 se o opravdodv\u00e1 foie gras, ve sklenicov\u00fdch konzerv\u00e1ch, polokonzerv\u00e1ch, nebo nap\u016fl uva\u0159en\u00e1 sous vide.<\/p>\n<p><strong>Foie Gras<\/strong> je v\u00fdrobek zpracovan\u00fd z pokr\u00e1jen\u00fdch kus\u016f jater. Obvykle je prezentov\u00e1n jako terina a m\u00e1 velmi \u017e\u00e1dan\u00e9 estetick\u00e9 mramorov\u00e1n\u00ed p\u0159i kr\u00e1jen\u00ed.<\/p>\n<p><strong>Bloc de Foie Gras<\/strong> &#8211; rozemlet\u00e9 kousky jater jsou spojeny do homogenn\u00edho bloku. Doporu\u010duj\u00ed se pro p\u0159\u00edpravu p\u0159edkrm\u016f, k aperitiv\u016fm a toast\u016fm.<br \/>\n&#8212;<br \/>\nDoporu\u010den\u00ed k degustaci<br \/>\nKonzervovan\u00e1 foie gras by m\u011bla b\u00fdt v obalu vlo\u017eena do chladni\u010dky n\u011bkolik hodin p\u0159ed pod\u00e1v\u00e1n\u00edm a vyjmuta 10 a\u017e 20 minut p\u0159ed pod\u00e1v\u00e1n\u00edm.<br \/>\nDoporu\u010duje se porcovat na posledn\u00ed chv\u00edli, aby byla zachov\u00e1na jejich barva a chu\u0165.<br \/>\nV\u00fdborn\u011b se bude dopl\u0148ovat s jemn\u00fdm b\u00edl\u00fdm v\u00ednem.<\/p>\n<p>Slo\u017een\u00ed<br \/>\nZtu\u010dn\u011bl\u00e1 kachn\u00ed j\u00e1tra, s\u016fl, cukr, pep\u0159, \u017eelatina.<\/p>\n<p>Alergeny<br \/>\nNe<\/p>\n<p>GMO<br \/>\nNe<\/p>\n<p>Balen\u00ed<br \/>\nSklenice<\/p>\n<p>Hmotnost<br \/>\n180 g<\/p>\n<p>Skladov\u00e1n\u00ed<br \/>\nSkladovat na chladn\u00e9m a such\u00e9m m\u00edst\u011b.<\/p>\n<p>Nutri\u010dn\u00ed hodnoty<\/p>\n<table width=\"294\">\n<tbody>\n<tr>\n<td width=\"214\">Energie\/100g kJ<\/td>\n<td width=\"80\">2000<\/td>\n<\/tr>\n<tr>\n<td>Energie\/100g kcal<\/td>\n<td>478<\/td>\n<\/tr>\n<tr>\n<td>Tuky<\/td>\n<td>49g<\/td>\n<\/tr>\n<tr>\n<td>z toho nasycen\u00e9 mastn\u00e9 kyseliny<\/td>\n<td>22g<\/td>\n<\/tr>\n<tr>\n<td>Sacharidy<\/td>\n<td>1,9g<\/td>\n<\/tr>\n<tr>\n<td>z toho cukry<\/td>\n<td>&lt;0,5g<\/td>\n<\/tr>\n<tr>\n<td>B\u00edlkoviny<\/td>\n<td>7,3g<\/td>\n<\/tr>\n<tr>\n<td>S\u016fl<\/td>\n<td>2,1g<\/td>\n<\/tr>\n<\/tbody>\n<\/table>\n","protected":false},"excerpt":{"rendered":"<h5>Castaing Foie Gras<\/h5>\n<p>CASTAING FOIE-GRAS pou\u017e\u00edv\u00e1 nejlep\u0161\u00ed kachnu na foie gras, kachnu<br \/>\nMULARD, vyzna\u010duje se velk\u00fdm t\u011blesn\u00fdm r\u00e1mcem, a mohutn\u00fdmi j\u00e1try.<br \/>\nKachny jsou chovan\u00e9 tradi\u010dn\u00edm zp\u016fsobem pod \u0161ir\u00fdm nebem<br \/>\na krmen\u00e9 100% p\u0159\u00edrodn\u011b na mal\u00fdch venkovsk\u00fdch farm\u00e1ch.<br \/>\nNa\u0161i chovatel\u00e9 striktn\u011b dodr\u017euj\u00ed specifikace pro farm\u00e1\u0159skou kachnu<br \/>\n&#8222;Label Rouge &#8211; LANDES&#8220;.<br \/>\nV ka\u017ed\u00e9m na\u0161em v\u00fdrobku p\u0159ed\u00e1v\u00e1me know-how na\u0161ich p\u0159edk\u016f,<br \/>\nobohacen\u00e9 v\u00fdvojem technologie a chut\u00ed.<\/p>\n","protected":false},"featured_media":21172,"comment_status":"closed","ping_status":"closed","template":"","meta":[],"product_brand":[],"product_cat":[708,441],"product_tag":[],"class_list":{"0":"post-21170","1":"product","2":"type-product","3":"status-publish","4":"has-post-thumbnail","6":"product_cat-foie-gras-2","7":"product_cat-potraviny","9":"first","10":"outofstock","11":"taxable","12":"shipping-taxable","13":"purchasable","14":"product-type-simple"},"jetpack_sharing_enabled":true,"_links":{"self":[{"href":"https:\/\/france-gastronomie.shop\/cs\/wp-json\/wp\/v2\/product\/21170","targetHints":{"allow":["GET"]}}],"collection":[{"href":"https:\/\/france-gastronomie.shop\/cs\/wp-json\/wp\/v2\/product"}],"about":[{"href":"https:\/\/france-gastronomie.shop\/cs\/wp-json\/wp\/v2\/types\/product"}],"replies":[{"embeddable":true,"href":"https:\/\/france-gastronomie.shop\/cs\/wp-json\/wp\/v2\/comments?post=21170"}],"wp:featuredmedia":[{"embeddable":true,"href":"https:\/\/france-gastronomie.shop\/cs\/wp-json\/wp\/v2\/media\/21172"}],"wp:attachment":[{"href":"https:\/\/france-gastronomie.shop\/cs\/wp-json\/wp\/v2\/media?parent=21170"}],"wp:term":[{"taxonomy":"product_brand","embeddable":true,"href":"https:\/\/france-gastronomie.shop\/cs\/wp-json\/wp\/v2\/product_brand?post=21170"},{"taxonomy":"product_cat","embeddable":true,"href":"https:\/\/france-gastronomie.shop\/cs\/wp-json\/wp\/v2\/product_cat?post=21170"},{"taxonomy":"product_tag","embeddable":true,"href":"https:\/\/france-gastronomie.shop\/cs\/wp-json\/wp\/v2\/product_tag?post=21170"}],"curies":[{"name":"wp","href":"https:\/\/api.w.org\/{rel}","templated":true}]}}