{"id":21161,"date":"2024-11-15T08:19:37","date_gmt":"2024-11-15T08:19:37","guid":{"rendered":"https:\/\/france-gastronomie.shop\/produit\/choucroute-garnie\/"},"modified":"2024-12-03T10:33:56","modified_gmt":"2024-12-03T10:33:56","slug":"choucroute-garnie","status":"publish","type":"product","link":"https:\/\/france-gastronomie.shop\/cs\/produit\/choucroute-garnie\/","title":{"rendered":"Choucroute <br\/> garnie"},"content":{"rendered":"<p>Choucroute garnie<\/p>\n<p>Tradi\u010dn\u00ed recept na b\u00e1zi vep\u0159ov\u00e9ho masa (panenka, klob\u00e1sy, \u010desnekov\u00e1 klob\u00e1sa, uzen\u00fd b\u016f\u010dek se slaninou) pod\u00e1van\u00fd s kysan\u00fdm zel\u00edm va\u0159en\u00fdm v Rieslingu. Na\u0161e vep\u0159ov\u00e9 maso Chaiseronne je ji\u017e v\u00edce ne\u017e 25 let krmeno je\u010dnou moukou bez GMO, je od narozen\u00ed bez antibiotik a poch\u00e1z\u00ed z Laman\u0161sk\u00e9ho pr\u016flivu.<\/p>\n<p>Pod\u00e1v\u00e1 se pro 2 osoby. Oh\u0159\u00edvejte na m\u00edrn\u00e9m ohni 8 minut nebo v mikrovlnn\u00e9 troub\u011b 3 minuty. Trvanlivost: 3 roky.<\/p>\n<p>Slo\u017een\u00ed: Vep\u0159ov\u00e9 maso z Normandie (Francie) 46 % (panenka, frankfurtsk\u00e1 klob\u00e1sa, uzen\u00e1 klob\u00e1sa, \u010desnekov\u00e1 klob\u00e1sa, uzen\u00fd vep\u0159ov\u00fd b\u016f\u010dek), va\u0159en\u00e9 kysan\u00e9 zel\u00ed 39 % [kysan\u00e9 zel\u00ed 95 %, s\u00e1dlo, cibule, b\u00edl\u00e9 v\u00edno: Riesling, s\u016fl, jalovec, p\u0159\u00edrodn\u00ed pep\u0159ov\u00e9 aroma, antioxidant E300], brambory, b\u00edl\u00e9 v\u00edno (<strong>SULFITY<\/strong>).<\/p>\n<p>Pr\u016fm\u011brn\u00e9 nutri\u010dn\u00ed hodnoty (na 100 g): Energie: 154 Kcal\/ 643 kJ, Tuky: 11,6 g, z toho nasycen\u00e9 mastn\u00e9 kyseliny: 3,9 g, Sacharidy: 3,6 g, z toho cukry: 0,5 g, B\u00edlkoviny: 9,0 g, S\u016fl: 1,3 g.<\/p>\n","protected":false},"excerpt":{"rendered":"<p>Choucroute garnie<\/p>\n<p>Tradi\u010dn\u00ed recept na b\u00e1zi vep\u0159ov\u00e9ho masa (panenka, klob\u00e1sy, \u010desnekov\u00e1 klob\u00e1sa, uzen\u00fd b\u016f\u010dek se slaninou) pod\u00e1van\u00fd s kysan\u00fdm zel\u00edm va\u0159en\u00fdm v r\u00fdnsk\u00e9m v\u00edn\u011b. Na\u0161e vep\u0159ov\u00e9 maso Chaiseronne je ji\u017e v\u00edce ne\u017e 25 let krmeno je\u010dnou moukou bez GMO, je od narozen\u00ed bez antibiotik a poch\u00e1z\u00ed z Laman\u0161sk\u00e9ho pr\u016flivu.<\/p>\n","protected":false},"featured_media":21381,"comment_status":"closed","ping_status":"closed","template":"","meta":[],"product_brand":[],"product_cat":[382],"product_tag":[],"class_list":{"0":"post-21161","1":"product","2":"type-product","3":"status-publish","4":"has-post-thumbnail","6":"product_cat-hotova-jidla","8":"first","9":"outofstock","10":"taxable","11":"shipping-taxable","12":"purchasable","13":"product-type-simple"},"jetpack_sharing_enabled":true,"_links":{"self":[{"href":"https:\/\/france-gastronomie.shop\/cs\/wp-json\/wp\/v2\/product\/21161","targetHints":{"allow":["GET"]}}],"collection":[{"href":"https:\/\/france-gastronomie.shop\/cs\/wp-json\/wp\/v2\/product"}],"about":[{"href":"https:\/\/france-gastronomie.shop\/cs\/wp-json\/wp\/v2\/types\/product"}],"replies":[{"embeddable":true,"href":"https:\/\/france-gastronomie.shop\/cs\/wp-json\/wp\/v2\/comments?post=21161"}],"wp:featuredmedia":[{"embeddable":true,"href":"https:\/\/france-gastronomie.shop\/cs\/wp-json\/wp\/v2\/media\/21381"}],"wp:attachment":[{"href":"https:\/\/france-gastronomie.shop\/cs\/wp-json\/wp\/v2\/media?parent=21161"}],"wp:term":[{"taxonomy":"product_brand","embeddable":true,"href":"https:\/\/france-gastronomie.shop\/cs\/wp-json\/wp\/v2\/product_brand?post=21161"},{"taxonomy":"product_cat","embeddable":true,"href":"https:\/\/france-gastronomie.shop\/cs\/wp-json\/wp\/v2\/product_cat?post=21161"},{"taxonomy":"product_tag","embeddable":true,"href":"https:\/\/france-gastronomie.shop\/cs\/wp-json\/wp\/v2\/product_tag?post=21161"}],"curies":[{"name":"wp","href":"https:\/\/api.w.org\/{rel}","templated":true}]}}