{"id":21019,"date":"2024-11-11T10:52:29","date_gmt":"2024-11-11T10:52:29","guid":{"rendered":"https:\/\/france-gastronomie.shop\/produit\/med-z-lipoveho-kvetu\/"},"modified":"2024-11-19T14:53:35","modified_gmt":"2024-11-19T14:53:35","slug":"med-z-lipoveho-kvetu","status":"publish","type":"product","link":"https:\/\/france-gastronomie.shop\/cs\/produit\/med-z-lipoveho-kvetu\/","title":{"rendered":"Med <br\/> z horsk\u00fdch kv\u011bt\u016f"},"content":{"rendered":"<p>Med z horsk\u00fdch kv\u011bt\u016f<br \/>\nBIOLOKLOCK<\/p>\n<p>Hmotnost: 270 g<\/p>\n<p>Slo\u017een\u00ed: med<br \/>\n*z ekologick\u00e9ho zem\u011bd\u011blstv\u00ed<\/p>\n<p>Skladujte na chladn\u00e9m a such\u00e9m m\u00edst\u011b.<\/p>\n","protected":false},"excerpt":{"rendered":"<h5>BIOLOKLOCK<\/h5>\n<p>Bioloklock je rodinn\u00e1 \u0159emesln\u00e1 firma, jej\u00ed\u017e kvalitn\u00ed produkty jsou v\u00fdsledkem dlouhodob\u00e9ho zapojen\u00ed rodiny do ekologick\u00e9ho zem\u011bd\u011blstv\u00ed, a to ji\u017e od po\u010d\u00e1tku 60. let.<\/p>\n","protected":false},"featured_media":21397,"comment_status":"closed","ping_status":"closed","template":"","meta":[],"product_brand":[],"product_cat":[585,441],"product_tag":[],"class_list":{"0":"post-21019","1":"product","2":"type-product","3":"status-publish","4":"has-post-thumbnail","6":"product_cat-dzemy","7":"product_cat-potraviny","9":"first","10":"instock","11":"taxable","12":"shipping-taxable","13":"purchasable","14":"product-type-simple"},"jetpack_sharing_enabled":true,"_links":{"self":[{"href":"https:\/\/france-gastronomie.shop\/cs\/wp-json\/wp\/v2\/product\/21019","targetHints":{"allow":["GET"]}}],"collection":[{"href":"https:\/\/france-gastronomie.shop\/cs\/wp-json\/wp\/v2\/product"}],"about":[{"href":"https:\/\/france-gastronomie.shop\/cs\/wp-json\/wp\/v2\/types\/product"}],"replies":[{"embeddable":true,"href":"https:\/\/france-gastronomie.shop\/cs\/wp-json\/wp\/v2\/comments?post=21019"}],"wp:featuredmedia":[{"embeddable":true,"href":"https:\/\/france-gastronomie.shop\/cs\/wp-json\/wp\/v2\/media\/21397"}],"wp:attachment":[{"href":"https:\/\/france-gastronomie.shop\/cs\/wp-json\/wp\/v2\/media?parent=21019"}],"wp:term":[{"taxonomy":"product_brand","embeddable":true,"href":"https:\/\/france-gastronomie.shop\/cs\/wp-json\/wp\/v2\/product_brand?post=21019"},{"taxonomy":"product_cat","embeddable":true,"href":"https:\/\/france-gastronomie.shop\/cs\/wp-json\/wp\/v2\/product_cat?post=21019"},{"taxonomy":"product_tag","embeddable":true,"href":"https:\/\/france-gastronomie.shop\/cs\/wp-json\/wp\/v2\/product_tag?post=21019"}],"curies":[{"name":"wp","href":"https:\/\/api.w.org\/{rel}","templated":true}]}}