{"id":20878,"date":"2024-11-07T13:08:04","date_gmt":"2024-11-07T13:08:04","guid":{"rendered":"https:\/\/france-gastronomie.shop\/produit\/cendre-fermier-syrove-kozi-mleko\/"},"modified":"2025-12-05T09:59:03","modified_gmt":"2025-12-05T09:59:03","slug":"cendre-fermier-syrove-kozi-mleko","status":"publish","type":"product","link":"https:\/\/france-gastronomie.shop\/cs\/produit\/cendre-fermier-syrove-kozi-mleko\/","title":{"rendered":"Cendr\u00e9 fermier <br\/> nepasterizovan\u00e9 koz\u00ed ml\u00e9ko"},"content":{"rendered":"<p><strong>Cendr\u00e9 fermier s\u00fdr z nepasterizovan\u00e9ho koz\u00edho ml\u00e9ka v popelu<\/strong><\/p>\n<p>&nbsp;<\/p>\n","protected":false},"excerpt":{"rendered":"<p>Koz\u00ed s\u00fdr z nepasterizovan\u00e9ho ml\u00e9kav popelu<br \/>\nJemn\u00e1 textura, b\u00edl\u00e1 slonovinov\u00e1 hmota.<br \/>\nJemn\u00e1 koz\u00ed chu\u0165, kter\u00e1 se s dozr\u00e1v\u00e1n\u00edm m\u011bn\u00ed ve v\u00fdrazn\u011bj\u0161\u00ed, s rostlinn\u00fdmi a slan\u00fdmi t\u00f3ny a lehce o\u0159echov\u00fdm dozvukem.<\/p>\n","protected":false},"featured_media":25509,"comment_status":"closed","ping_status":"closed","template":"","meta":[],"product_brand":[],"product_cat":[777,647,446],"product_tag":[],"class_list":{"0":"post-20878","1":"product","2":"type-product","3":"status-publish","4":"has-post-thumbnail","6":"product_cat-cerstve-produkty","7":"product_cat-z-koziho-mleka","8":"product_cat-syry-cerstve-produkty","10":"first","11":"instock","12":"taxable","13":"shipping-taxable","14":"purchasable","15":"product-type-simple"},"jetpack_sharing_enabled":true,"_links":{"self":[{"href":"https:\/\/france-gastronomie.shop\/cs\/wp-json\/wp\/v2\/product\/20878","targetHints":{"allow":["GET"]}}],"collection":[{"href":"https:\/\/france-gastronomie.shop\/cs\/wp-json\/wp\/v2\/product"}],"about":[{"href":"https:\/\/france-gastronomie.shop\/cs\/wp-json\/wp\/v2\/types\/product"}],"replies":[{"embeddable":true,"href":"https:\/\/france-gastronomie.shop\/cs\/wp-json\/wp\/v2\/comments?post=20878"}],"wp:featuredmedia":[{"embeddable":true,"href":"https:\/\/france-gastronomie.shop\/cs\/wp-json\/wp\/v2\/media\/25509"}],"wp:attachment":[{"href":"https:\/\/france-gastronomie.shop\/cs\/wp-json\/wp\/v2\/media?parent=20878"}],"wp:term":[{"taxonomy":"product_brand","embeddable":true,"href":"https:\/\/france-gastronomie.shop\/cs\/wp-json\/wp\/v2\/product_brand?post=20878"},{"taxonomy":"product_cat","embeddable":true,"href":"https:\/\/france-gastronomie.shop\/cs\/wp-json\/wp\/v2\/product_cat?post=20878"},{"taxonomy":"product_tag","embeddable":true,"href":"https:\/\/france-gastronomie.shop\/cs\/wp-json\/wp\/v2\/product_tag?post=20878"}],"curies":[{"name":"wp","href":"https:\/\/api.w.org\/{rel}","templated":true}]}}