{"id":20874,"date":"2024-11-07T12:50:10","date_gmt":"2024-11-07T12:50:10","guid":{"rendered":"https:\/\/france-gastronomie.shop\/produit\/camembert-le-bon-normand\/"},"modified":"2026-03-04T09:27:06","modified_gmt":"2026-03-04T08:27:06","slug":"camembert-le-bon-normand","status":"publish","type":"product","link":"https:\/\/france-gastronomie.shop\/cs\/produit\/camembert-le-bon-normand\/","title":{"rendered":"Camembert CHOP <br\/> Le Bon Normand"},"content":{"rendered":"<p>Camembert Le Bon Normand<\/p>\n<p>Hmotnost: 250 g<\/p>\n","protected":false},"excerpt":{"rendered":"<p>Camembert Le Bon Normand<\/p>\n<p>250g<\/p>\n<p>S\u00fdr ze syrov\u00e9ho kravsk\u00e9ho ml\u00e9ka, kter\u00e9mu byl v roce 1983 ud\u011blen status AOP, s kyprou k\u016frou a m\u011bkkou strukturou.<br \/>\nCamembert Bon Normand se vyr\u00e1b\u00ed v Livarotu a je velmi v\u00fdrazn\u00fd a pln\u00fd charakteru.<\/p>\n","protected":false},"featured_media":20928,"comment_status":"closed","ping_status":"closed","template":"","meta":[],"product_brand":[],"product_cat":[777,642,446],"product_tag":[],"class_list":{"0":"post-20874","1":"product","2":"type-product","3":"status-publish","4":"has-post-thumbnail","6":"product_cat-cerstve-produkty","7":"product_cat-z-kravskeho-mleka","8":"product_cat-syry-cerstve-produkty","10":"first","11":"instock","12":"taxable","13":"shipping-taxable","14":"purchasable","15":"product-type-simple"},"jetpack_sharing_enabled":true,"_links":{"self":[{"href":"https:\/\/france-gastronomie.shop\/cs\/wp-json\/wp\/v2\/product\/20874","targetHints":{"allow":["GET"]}}],"collection":[{"href":"https:\/\/france-gastronomie.shop\/cs\/wp-json\/wp\/v2\/product"}],"about":[{"href":"https:\/\/france-gastronomie.shop\/cs\/wp-json\/wp\/v2\/types\/product"}],"replies":[{"embeddable":true,"href":"https:\/\/france-gastronomie.shop\/cs\/wp-json\/wp\/v2\/comments?post=20874"}],"wp:featuredmedia":[{"embeddable":true,"href":"https:\/\/france-gastronomie.shop\/cs\/wp-json\/wp\/v2\/media\/20928"}],"wp:attachment":[{"href":"https:\/\/france-gastronomie.shop\/cs\/wp-json\/wp\/v2\/media?parent=20874"}],"wp:term":[{"taxonomy":"product_brand","embeddable":true,"href":"https:\/\/france-gastronomie.shop\/cs\/wp-json\/wp\/v2\/product_brand?post=20874"},{"taxonomy":"product_cat","embeddable":true,"href":"https:\/\/france-gastronomie.shop\/cs\/wp-json\/wp\/v2\/product_cat?post=20874"},{"taxonomy":"product_tag","embeddable":true,"href":"https:\/\/france-gastronomie.shop\/cs\/wp-json\/wp\/v2\/product_tag?post=20874"}],"curies":[{"name":"wp","href":"https:\/\/api.w.org\/{rel}","templated":true}]}}