{"id":20848,"date":"2024-11-07T10:20:10","date_gmt":"2024-11-07T10:20:10","guid":{"rendered":"https:\/\/france-gastronomie.shop\/produit\/buchette-cesnek-a-bylinky-syrove-mleko\/"},"modified":"2024-11-07T10:20:10","modified_gmt":"2024-11-07T10:20:10","slug":"buchette-cesnek-a-bylinky-syrove-mleko","status":"publish","type":"product","link":"https:\/\/france-gastronomie.shop\/cs\/produit\/buchette-cesnek-a-bylinky-syrove-mleko\/","title":{"rendered":"Buchette <br\/> \u010desnek a bylinky syrov\u00e9 ml\u00e9ko"},"content":{"rendered":"<p>Buchette | \u010desnek a bylinky syrov\u00e9 ml\u00e9ko<\/p>\n<p>Hmotnost: 245 g<\/p>\n","protected":false},"excerpt":{"rendered":"<p>Buchette | \u010desnek a bylinky syrov\u00e9 ml\u00e9ko Hmotnost: 245 g<\/p>\n","protected":false},"featured_media":0,"comment_status":"closed","ping_status":"closed","template":"","meta":[],"product_brand":[],"product_cat":[777,647,446],"product_tag":[],"class_list":{"0":"post-20848","1":"product","2":"type-product","3":"status-publish","5":"product_cat-cerstve-produkty","6":"product_cat-z-koziho-mleka","7":"product_cat-syry-cerstve-produkty","9":"first","10":"instock","11":"taxable","12":"shipping-taxable","13":"purchasable","14":"product-type-simple"},"jetpack_sharing_enabled":true,"_links":{"self":[{"href":"https:\/\/france-gastronomie.shop\/cs\/wp-json\/wp\/v2\/product\/20848","targetHints":{"allow":["GET"]}}],"collection":[{"href":"https:\/\/france-gastronomie.shop\/cs\/wp-json\/wp\/v2\/product"}],"about":[{"href":"https:\/\/france-gastronomie.shop\/cs\/wp-json\/wp\/v2\/types\/product"}],"replies":[{"embeddable":true,"href":"https:\/\/france-gastronomie.shop\/cs\/wp-json\/wp\/v2\/comments?post=20848"}],"wp:attachment":[{"href":"https:\/\/france-gastronomie.shop\/cs\/wp-json\/wp\/v2\/media?parent=20848"}],"wp:term":[{"taxonomy":"product_brand","embeddable":true,"href":"https:\/\/france-gastronomie.shop\/cs\/wp-json\/wp\/v2\/product_brand?post=20848"},{"taxonomy":"product_cat","embeddable":true,"href":"https:\/\/france-gastronomie.shop\/cs\/wp-json\/wp\/v2\/product_cat?post=20848"},{"taxonomy":"product_tag","embeddable":true,"href":"https:\/\/france-gastronomie.shop\/cs\/wp-json\/wp\/v2\/product_tag?post=20848"}],"curies":[{"name":"wp","href":"https:\/\/api.w.org\/{rel}","templated":true}]}}