{"id":20812,"date":"2024-11-06T09:38:10","date_gmt":"2024-11-06T09:38:10","guid":{"rendered":"https:\/\/france-gastronomie.shop\/produit\/bleu-de-provence-farmarsky\/"},"modified":"2025-12-05T08:15:25","modified_gmt":"2025-12-05T08:15:25","slug":"bleu-de-provence-farmarsky","status":"publish","type":"product","link":"https:\/\/france-gastronomie.shop\/cs\/produit\/bleu-de-provence-farmarsky\/","title":{"rendered":"Bleu de Provence <br\/> kr\u00e9mov\u00fd"},"content":{"rendered":"","protected":false},"excerpt":{"rendered":"<p>Bleu Provence je velmi origin\u00e1ln\u00ed s\u00fdr ur\u010den\u00fd pro milovn\u00edky kr\u00e9mov\u00fdch s\u00fdr\u016f s modrou pl\u00edsn\u00ed.<br \/>\nJe to kombinace syrov\u00e9ho kravsk\u00e9ho a ov\u010d\u00edho ml\u00e9ka s vrstvami mascarpone a modr\u00e9 pl\u00edsn\u011b.<br \/>\nOce\u0148ov\u00e1n je pro svou bohatou chu\u0165, pod\u00e1v\u00e1 se na toust\u00e1ch jako p\u0159\u00edloha k j\u00eddlu nebo jednodu\u0161e jako dezert.<\/p>\n","protected":false},"featured_media":25503,"comment_status":"closed","ping_status":"closed","template":"","meta":[],"product_brand":[],"product_cat":[777,642,638,446],"product_tag":[],"class_list":{"0":"post-20812","1":"product","2":"type-product","3":"status-publish","4":"has-post-thumbnail","6":"product_cat-cerstve-produkty","7":"product_cat-z-kravskeho-mleka","8":"product_cat-z-ovciho-mleka","9":"product_cat-syry-cerstve-produkty","11":"first","12":"instock","13":"taxable","14":"shipping-taxable","15":"purchasable","16":"product-type-variable"},"jetpack_sharing_enabled":true,"_links":{"self":[{"href":"https:\/\/france-gastronomie.shop\/cs\/wp-json\/wp\/v2\/product\/20812","targetHints":{"allow":["GET"]}}],"collection":[{"href":"https:\/\/france-gastronomie.shop\/cs\/wp-json\/wp\/v2\/product"}],"about":[{"href":"https:\/\/france-gastronomie.shop\/cs\/wp-json\/wp\/v2\/types\/product"}],"replies":[{"embeddable":true,"href":"https:\/\/france-gastronomie.shop\/cs\/wp-json\/wp\/v2\/comments?post=20812"}],"wp:featuredmedia":[{"embeddable":true,"href":"https:\/\/france-gastronomie.shop\/cs\/wp-json\/wp\/v2\/media\/25503"}],"wp:attachment":[{"href":"https:\/\/france-gastronomie.shop\/cs\/wp-json\/wp\/v2\/media?parent=20812"}],"wp:term":[{"taxonomy":"product_brand","embeddable":true,"href":"https:\/\/france-gastronomie.shop\/cs\/wp-json\/wp\/v2\/product_brand?post=20812"},{"taxonomy":"product_cat","embeddable":true,"href":"https:\/\/france-gastronomie.shop\/cs\/wp-json\/wp\/v2\/product_cat?post=20812"},{"taxonomy":"product_tag","embeddable":true,"href":"https:\/\/france-gastronomie.shop\/cs\/wp-json\/wp\/v2\/product_tag?post=20812"}],"curies":[{"name":"wp","href":"https:\/\/api.w.org\/{rel}","templated":true}]}}