{"id":20464,"date":"2024-10-23T13:01:27","date_gmt":"2024-10-23T13:01:27","guid":{"rendered":"https:\/\/france-gastronomie.shop\/produit\/suchy-salam-v-popelu-160g\/"},"modified":"2025-12-06T12:22:45","modified_gmt":"2025-12-06T12:22:45","slug":"suchy-salam-v-popelu-160g","status":"publish","type":"product","link":"https:\/\/france-gastronomie.shop\/cs\/produit\/suchy-salam-v-popelu-160g\/","title":{"rendered":"Such\u00e1 klob\u00e1sa <br\/>  v popelu 150g"},"content":{"rendered":"<h5>Such\u00e1 klob\u00e1sa v popelu<br \/>\nMaison Chillet<\/h5>\n<p>V Saint-Symphorien-sur-Coise, kde se zrodila lyonsk\u00e1 rozeta, vyr\u00e1b\u00ed spole\u010dnost Maison Chillet uzeniny ji\u017e od roku 1902, a to s maxim\u00e1ln\u00ed \u00factou k pou\u017e\u00edvan\u00fdm surovin\u00e1m a s d\u016frazem na \u201edom\u00e1c\u00ed\u201c produkty.<\/p>\n<p>Ji\u017e p\u011bt generac\u00ed pou\u017e\u00edv\u00e1 stejn\u00e9 postupy a udr\u017euje tak nep\u0159eru\u0161enou tradici, p\u0159i n\u00ed\u017e se ka\u017ed\u00fd sal\u00e1m vyr\u00e1b\u00ed s trp\u011blivost\u00ed a preciznost\u00ed.<\/p>\n<p>Ve spole\u010dnosti Chillet se p\u0159\u00edsn\u011b vyb\u00edraj\u00ed suroviny a ko\u0159en\u00ed se vyr\u00e1b\u00ed doma. V r\u00e1mci sv\u00e9ho z\u00e1vazku ke kvalit\u011b pou\u017e\u00edv\u00e1 spole\u010dnost v\u00fdhradn\u011b p\u0159\u00edrodn\u00ed st\u0159eva a m\u00e1 vlastn\u00ed d\u00edlnu na jejich v\u00fdrobu.<\/p>\n","protected":false},"excerpt":{"rendered":"<h5>Maison Chillet<\/h5>\n<p>V\u00fdrobce kvalitn\u00edch uzenin v srdci Monts du Lyonnais od roku 1902.<\/p>\n<p>P\u016fvodn\u00ed zvyky a tradi\u010dn\u00ed v\u00fdrobn\u00ed postupy.<\/p>\n","protected":false},"featured_media":20462,"comment_status":"closed","ping_status":"closed","template":"","meta":[],"product_brand":[],"product_cat":[777,742,744],"product_tag":[],"class_list":{"0":"post-20464","1":"product","2":"type-product","3":"status-publish","4":"has-post-thumbnail","6":"product_cat-cerstve-produkty","7":"product_cat-suche-salamy-uzeniny","8":"product_cat-uzeniny-cerstve-produkty","10":"first","11":"outofstock","12":"taxable","13":"shipping-taxable","14":"purchasable","15":"product-type-simple"},"jetpack_sharing_enabled":true,"_links":{"self":[{"href":"https:\/\/france-gastronomie.shop\/cs\/wp-json\/wp\/v2\/product\/20464","targetHints":{"allow":["GET"]}}],"collection":[{"href":"https:\/\/france-gastronomie.shop\/cs\/wp-json\/wp\/v2\/product"}],"about":[{"href":"https:\/\/france-gastronomie.shop\/cs\/wp-json\/wp\/v2\/types\/product"}],"replies":[{"embeddable":true,"href":"https:\/\/france-gastronomie.shop\/cs\/wp-json\/wp\/v2\/comments?post=20464"}],"wp:featuredmedia":[{"embeddable":true,"href":"https:\/\/france-gastronomie.shop\/cs\/wp-json\/wp\/v2\/media\/20462"}],"wp:attachment":[{"href":"https:\/\/france-gastronomie.shop\/cs\/wp-json\/wp\/v2\/media?parent=20464"}],"wp:term":[{"taxonomy":"product_brand","embeddable":true,"href":"https:\/\/france-gastronomie.shop\/cs\/wp-json\/wp\/v2\/product_brand?post=20464"},{"taxonomy":"product_cat","embeddable":true,"href":"https:\/\/france-gastronomie.shop\/cs\/wp-json\/wp\/v2\/product_cat?post=20464"},{"taxonomy":"product_tag","embeddable":true,"href":"https:\/\/france-gastronomie.shop\/cs\/wp-json\/wp\/v2\/product_tag?post=20464"}],"curies":[{"name":"wp","href":"https:\/\/api.w.org\/{rel}","templated":true}]}}