{"id":19883,"date":"2024-06-13T12:16:19","date_gmt":"2024-06-13T12:16:19","guid":{"rendered":"https:\/\/france-gastronomie.shop\/produit\/rhum-bologne-vieux-vsop-42\/"},"modified":"2025-09-22T12:12:03","modified_gmt":"2025-09-22T12:12:03","slug":"rhum-bologne-vieux-vsop-42","status":"publish","type":"product","link":"https:\/\/france-gastronomie.shop\/cs\/produit\/rhum-bologne-vieux-vsop-42\/","title":{"rendered":"Rum Bologne <br\/> Vieux VSOP 42%"},"content":{"rendered":"<h5>Rum Bologne Vieux VSOP 42%<\/h5>\n<p>Rum Vieux Agricole z Guadeloupe<\/p>\n<p>Nos<br \/>\nje z\u00e1rove\u0148 rafinovan\u00fd a velmi komplexn\u00ed, je charakterizov\u00e1n kandovan\u00fdm ovocem a sko\u0159ic\u00ed.<\/p>\n<p>Patro<br \/>\nje intenzivn\u00ed a vyv\u00e1\u017een\u00e9 s velkou jemnost\u00ed chut\u00ed. Aromatick\u00e1 paleta je velmi v\u011brn\u00e1 stylu Bologne: t\u0159tinov\u00fd cukr a kandovan\u00e9 ovoce v hloubce, s n\u00e1znakem jodu. Gurm\u00e1nsk\u00e1 bourbonov\u00e1 vanilka, ale tak\u00e9 ko\u0159en\u00ed (bady\u00e1n, b\u00edl\u00fd pep\u0159), jsou podpo\u0159eny hedv\u00e1bn\u00fdmi t\u0159\u00edslovinami, kter\u00e9 nesou strukturu. St\u0159edn\u00ed \u010d\u00e1st chuti se postupn\u011b protahuje k t\u00f3n\u016fm zral\u00fdch ban\u00e1n\u016f, kakaa a vanilky, a pak k pikantn\u011bj\u0161\u00edm t\u00f3n\u016fm (pern\u00edk, kandovan\u00fd z\u00e1zvor, sko\u0159ice). Na ledu vyv\u00edj\u00ed p\u0159ekvapiv\u00e9 v\u016fn\u011b kandovan\u00e9ho tropick\u00e9ho ovoce. Jeho vytrvalost je pozoruhodn\u00e1. Retro-olfakce je lehce ko\u0159en\u011bn\u00e1 a pra\u017een\u00e1. Bezpochyby pat\u0159\u00ed mezi nejlep\u0161\u00ed destil\u00e1ty.<\/p>\n<p>Degustace<br \/>\nPije se such\u00fd, s nebo bez ledu. Nechte n\u011bkolik minut odpo\u010d\u00edvat v sklenici p\u0159ed pit\u00edm.<\/p>\n<div class=\"gmail_default\">Sm\u011bs star\u00fdch rum\u016f zr\u00e1l\u00fdch ve francouzsk\u00fdch a americk\u00fdch dubov\u00fdch sudech po dobu 4 a\u017e 8 let.<\/div>\n","protected":false},"excerpt":{"rendered":"<h5>Rhum Vieux Agricole de la Guadeloupe<\/h5>\n<p>Objem: 0,7 l<\/p>\n","protected":false},"featured_media":20323,"comment_status":"closed","ping_status":"closed","template":"","meta":[],"product_brand":[],"product_cat":[882],"product_tag":[],"class_list":{"0":"post-19883","1":"product","2":"type-product","3":"status-publish","4":"has-post-thumbnail","6":"product_cat-rum","8":"first","9":"instock","10":"taxable","11":"shipping-taxable","12":"purchasable","13":"product-type-simple"},"jetpack_sharing_enabled":true,"_links":{"self":[{"href":"https:\/\/france-gastronomie.shop\/cs\/wp-json\/wp\/v2\/product\/19883","targetHints":{"allow":["GET"]}}],"collection":[{"href":"https:\/\/france-gastronomie.shop\/cs\/wp-json\/wp\/v2\/product"}],"about":[{"href":"https:\/\/france-gastronomie.shop\/cs\/wp-json\/wp\/v2\/types\/product"}],"replies":[{"embeddable":true,"href":"https:\/\/france-gastronomie.shop\/cs\/wp-json\/wp\/v2\/comments?post=19883"}],"wp:featuredmedia":[{"embeddable":true,"href":"https:\/\/france-gastronomie.shop\/cs\/wp-json\/wp\/v2\/media\/20323"}],"wp:attachment":[{"href":"https:\/\/france-gastronomie.shop\/cs\/wp-json\/wp\/v2\/media?parent=19883"}],"wp:term":[{"taxonomy":"product_brand","embeddable":true,"href":"https:\/\/france-gastronomie.shop\/cs\/wp-json\/wp\/v2\/product_brand?post=19883"},{"taxonomy":"product_cat","embeddable":true,"href":"https:\/\/france-gastronomie.shop\/cs\/wp-json\/wp\/v2\/product_cat?post=19883"},{"taxonomy":"product_tag","embeddable":true,"href":"https:\/\/france-gastronomie.shop\/cs\/wp-json\/wp\/v2\/product_tag?post=19883"}],"curies":[{"name":"wp","href":"https:\/\/api.w.org\/{rel}","templated":true}]}}