{"id":19880,"date":"2024-06-13T11:59:34","date_gmt":"2024-06-13T11:59:34","guid":{"rendered":"https:\/\/france-gastronomie.shop\/produit\/rhum-vieux-41\/"},"modified":"2025-09-22T12:12:11","modified_gmt":"2025-09-22T12:12:11","slug":"rhum-vieux-41","status":"publish","type":"product","link":"https:\/\/france-gastronomie.shop\/cs\/produit\/rhum-vieux-41\/","title":{"rendered":"Rum Bologne <br\/> Vieux 41%"},"content":{"rendered":"<h5>Rum Vieux Agricole z Guadeloupe<\/h5>\n<p>Nos<br \/>\nLehk\u00fd a velmi aromatick\u00fd.<\/p>\n<p>Chu\u0165<br \/>\nKula\u00e1\u00e9 a vyv\u00e1\u017een\u00e1, ko\u0159en\u011bn\u00fd n\u00e1stup evokuje to nejlep\u0161\u00ed ze star\u00fdch destil\u00e1t\u016f. V chuti se m\u00eds\u00ed ovoce (pomeran\u010d, exotick\u00e9 ovoce), ko\u0159en\u00ed (sko\u0159ice, kandovan\u00fd z\u00e1zvor) a kv\u011btiny (med), kter\u00e9 postupn\u011b p\u0159ech\u00e1zej\u00ed k su\u0161en\u00e9mu ovoci. Lehk\u00fd aliz\u00e9 s jemnou slanost\u00ed osv\u011b\u017euje v\u0161e: t\u0159tinov\u00fd cukr se m\u00eds\u00ed s citrusy a slan\u00fdm karamelov\u00fdm m\u00e1slem. Jeho velmi jemn\u00e9 t\u0159\u00edsloviny vytv\u00e1\u0159ej\u00ed r\u00e1mov\u00e1n\u00ed, kter\u00e9 je sou\u010dasn\u011b \u0161\u0165avnat\u00e9 a jasn\u00e9. Z\u00e1v\u011br je dlouh\u00fd a vyv\u00e1\u017een\u00fd.<\/p>\n<p>Degustace<br \/>\nJe vhodn\u00e9 ho pop\u00edjet such\u00fd, s nebo bez ledu, ale tak\u00e9 jako &#8222;ti punch vieux&#8220;.<\/p>\n<p>Sm\u011bs star\u00fdch rum\u016f zr\u00e1l\u00fdch ve t\u0159\u00edlet\u00fdch dubov\u00fdch sudech.<\/p>\n","protected":false},"excerpt":{"rendered":"<h5>Rhum Vieux Agricole z Guadeloupe<\/h5>\n<p>Objem: 0,7 l<\/p>\n","protected":false},"featured_media":20326,"comment_status":"closed","ping_status":"closed","template":"","meta":[],"product_brand":[],"product_cat":[882],"product_tag":[],"class_list":{"0":"post-19880","1":"product","2":"type-product","3":"status-publish","4":"has-post-thumbnail","6":"product_cat-rum","8":"first","9":"instock","10":"taxable","11":"shipping-taxable","12":"purchasable","13":"product-type-simple"},"jetpack_sharing_enabled":true,"_links":{"self":[{"href":"https:\/\/france-gastronomie.shop\/cs\/wp-json\/wp\/v2\/product\/19880","targetHints":{"allow":["GET"]}}],"collection":[{"href":"https:\/\/france-gastronomie.shop\/cs\/wp-json\/wp\/v2\/product"}],"about":[{"href":"https:\/\/france-gastronomie.shop\/cs\/wp-json\/wp\/v2\/types\/product"}],"replies":[{"embeddable":true,"href":"https:\/\/france-gastronomie.shop\/cs\/wp-json\/wp\/v2\/comments?post=19880"}],"wp:featuredmedia":[{"embeddable":true,"href":"https:\/\/france-gastronomie.shop\/cs\/wp-json\/wp\/v2\/media\/20326"}],"wp:attachment":[{"href":"https:\/\/france-gastronomie.shop\/cs\/wp-json\/wp\/v2\/media?parent=19880"}],"wp:term":[{"taxonomy":"product_brand","embeddable":true,"href":"https:\/\/france-gastronomie.shop\/cs\/wp-json\/wp\/v2\/product_brand?post=19880"},{"taxonomy":"product_cat","embeddable":true,"href":"https:\/\/france-gastronomie.shop\/cs\/wp-json\/wp\/v2\/product_cat?post=19880"},{"taxonomy":"product_tag","embeddable":true,"href":"https:\/\/france-gastronomie.shop\/cs\/wp-json\/wp\/v2\/product_tag?post=19880"}],"curies":[{"name":"wp","href":"https:\/\/api.w.org\/{rel}","templated":true}]}}