{"id":19876,"date":"2024-06-13T11:26:02","date_gmt":"2024-06-13T11:26:02","guid":{"rendered":"https:\/\/france-gastronomie.shop\/produit\/rum-bologne-bily-50\/"},"modified":"2025-09-11T12:31:01","modified_gmt":"2025-09-11T12:31:01","slug":"rum-bologne-bily-50","status":"publish","type":"product","link":"https:\/\/france-gastronomie.shop\/cs\/produit\/rum-bologne-bily-50\/","title":{"rendered":"Rum Bologne <br\/> B\u00edl\u00fd 50%"},"content":{"rendered":"<h5>Rum Bologne B\u00edl\u00fd 50%<\/h5>\n<p>B\u00edl\u00fd agricole rum<br \/>\nZem\u011bpisn\u00e9 ozna\u010den\u00ed Guadeloupe<\/p>\n<p>Nos<br \/>\nHlubok\u00fd a velmi aromatick\u00fd, obzvl\u00e1\u0161t\u011b exotick\u00fd<\/p>\n<p>Patro<br \/>\nSv\u016fdn\u00e9, komplexn\u00ed a lahodn\u00e9. Citrusov\u00e9 plody jsou velmi p\u0159\u00edtomn\u00e9 a prov\u00e1zej\u00ed n\u00e1s celou aromatickou paletou: t\u00f3ny cukrov\u00e9 t\u0159tiny a hn\u011bd\u00e9ho cukru a\u017e po opojn\u00e9 kv\u011btiny a exotick\u00e9 ovoce (ananas, kiwi, mu\u010denka). Pot\u00e9 se rozv\u00edj\u00ed sm\u011brem k z\u00e1zvoru a b\u00edl\u00e9 m\u00e1t\u011b. Dlouh\u00fd, jemn\u00fd z\u00e1v\u011br doprov\u00e1z\u00ed lehce slan\u00fd z\u00e1van. Kr\u00e1sn\u00e1 st\u00e1lost.<\/p>\n<p>Degustace<br \/>\nPod\u00e1vejte jako ti-punch s \u010derstv\u00fdm ovocem, s ledem nebo bez n\u011bj.<\/p>\n","protected":false},"excerpt":{"rendered":"<p>B\u00edl\u00fd agricole rum<br \/>\nZem\u011bpisn\u00e9 ozna\u010den\u00ed Guadeloupe<\/p>\n<p>Objem: 1 l<\/p>\n","protected":false},"featured_media":19873,"comment_status":"closed","ping_status":"closed","template":"","meta":[],"product_brand":[],"product_cat":[882],"product_tag":[],"class_list":{"0":"post-19876","1":"product","2":"type-product","3":"status-publish","4":"has-post-thumbnail","6":"product_cat-rum","8":"first","9":"instock","10":"taxable","11":"shipping-taxable","12":"purchasable","13":"product-type-simple"},"jetpack_sharing_enabled":true,"_links":{"self":[{"href":"https:\/\/france-gastronomie.shop\/cs\/wp-json\/wp\/v2\/product\/19876","targetHints":{"allow":["GET"]}}],"collection":[{"href":"https:\/\/france-gastronomie.shop\/cs\/wp-json\/wp\/v2\/product"}],"about":[{"href":"https:\/\/france-gastronomie.shop\/cs\/wp-json\/wp\/v2\/types\/product"}],"replies":[{"embeddable":true,"href":"https:\/\/france-gastronomie.shop\/cs\/wp-json\/wp\/v2\/comments?post=19876"}],"wp:featuredmedia":[{"embeddable":true,"href":"https:\/\/france-gastronomie.shop\/cs\/wp-json\/wp\/v2\/media\/19873"}],"wp:attachment":[{"href":"https:\/\/france-gastronomie.shop\/cs\/wp-json\/wp\/v2\/media?parent=19876"}],"wp:term":[{"taxonomy":"product_brand","embeddable":true,"href":"https:\/\/france-gastronomie.shop\/cs\/wp-json\/wp\/v2\/product_brand?post=19876"},{"taxonomy":"product_cat","embeddable":true,"href":"https:\/\/france-gastronomie.shop\/cs\/wp-json\/wp\/v2\/product_cat?post=19876"},{"taxonomy":"product_tag","embeddable":true,"href":"https:\/\/france-gastronomie.shop\/cs\/wp-json\/wp\/v2\/product_tag?post=19876"}],"curies":[{"name":"wp","href":"https:\/\/api.w.org\/{rel}","templated":true}]}}