{"id":19819,"date":"2024-06-06T11:05:12","date_gmt":"2024-06-06T11:05:12","guid":{"rendered":"https:\/\/france-gastronomie.shop\/produit\/gouda-farmarska-s-kminem\/"},"modified":"2025-04-22T07:09:08","modified_gmt":"2025-04-22T07:09:08","slug":"gouda-farmarska-s-kminem","status":"publish","type":"product","link":"https:\/\/france-gastronomie.shop\/cs\/produit\/gouda-farmarska-s-kminem\/","title":{"rendered":"Farm\u00e1\u0159sk\u00e1 gouda s km\u00ednem"},"content":{"rendered":"<h5>Farm\u00e1\u0159sk\u00e1 gouda s km\u00ednem<\/h5>\n<p class=\"text\">\n","protected":false},"excerpt":{"rendered":"<h5>Farm\u00e1\u0159sk\u00e1 gouda s km\u00ednem<\/h5>\n<p class=\"text\">Farm\u00e1\u0159sk\u00fd s\u00fdr ze syrov\u00e9ho kravsk\u00e9ho ml\u00e9ka s km\u00ednem uvnit\u0159. Tato p\u0159\u00edsada mu dod\u00e1v\u00e1 an\u00fdzovou chu\u0165, kter\u00e1 se velmi dob\u0159e kombinuje s kr\u00e9movou strukturou s\u00fdra.<br \/>\nK\u0159upav\u00e9 mal\u00e9 kousky km\u00ednu, kter\u00e9 V\u00e1s p\u0159ekvap\u00ed. <\/p>\n","protected":false},"featured_media":23964,"comment_status":"closed","ping_status":"closed","template":"","meta":[],"product_brand":[],"product_cat":[777,642,446],"product_tag":[],"class_list":{"0":"post-19819","1":"product","2":"type-product","3":"status-publish","4":"has-post-thumbnail","6":"product_cat-cerstve-produkty","7":"product_cat-z-kravskeho-mleka","8":"product_cat-syry-cerstve-produkty","10":"first","11":"instock","12":"taxable","13":"shipping-taxable","14":"product-type-variable"},"jetpack_sharing_enabled":true,"_links":{"self":[{"href":"https:\/\/france-gastronomie.shop\/cs\/wp-json\/wp\/v2\/product\/19819","targetHints":{"allow":["GET"]}}],"collection":[{"href":"https:\/\/france-gastronomie.shop\/cs\/wp-json\/wp\/v2\/product"}],"about":[{"href":"https:\/\/france-gastronomie.shop\/cs\/wp-json\/wp\/v2\/types\/product"}],"replies":[{"embeddable":true,"href":"https:\/\/france-gastronomie.shop\/cs\/wp-json\/wp\/v2\/comments?post=19819"}],"wp:featuredmedia":[{"embeddable":true,"href":"https:\/\/france-gastronomie.shop\/cs\/wp-json\/wp\/v2\/media\/23964"}],"wp:attachment":[{"href":"https:\/\/france-gastronomie.shop\/cs\/wp-json\/wp\/v2\/media?parent=19819"}],"wp:term":[{"taxonomy":"product_brand","embeddable":true,"href":"https:\/\/france-gastronomie.shop\/cs\/wp-json\/wp\/v2\/product_brand?post=19819"},{"taxonomy":"product_cat","embeddable":true,"href":"https:\/\/france-gastronomie.shop\/cs\/wp-json\/wp\/v2\/product_cat?post=19819"},{"taxonomy":"product_tag","embeddable":true,"href":"https:\/\/france-gastronomie.shop\/cs\/wp-json\/wp\/v2\/product_tag?post=19819"}],"curies":[{"name":"wp","href":"https:\/\/api.w.org\/{rel}","templated":true}]}}