{"id":19768,"date":"2024-06-06T11:00:15","date_gmt":"2024-06-06T11:00:15","guid":{"rendered":"https:\/\/france-gastronomie.shop\/produit\/gouda-farmarska-s-lanyzem\/"},"modified":"2024-11-14T09:56:57","modified_gmt":"2024-11-14T09:56:57","slug":"gouda-farmarska-s-lanyzem","status":"publish","type":"product","link":"https:\/\/france-gastronomie.shop\/cs\/produit\/gouda-farmarska-s-lanyzem\/","title":{"rendered":"Gouda farm\u00e1\u0159sk\u00e1 <br\/> s lan\u00fd\u017eem"},"content":{"rendered":"<h5>Gouda farm\u00e1\u0159sk\u00e1 s lan\u00fd\u017eem<\/h5>\n<p>Velmi chutn\u00fd s\u00fdr z termizovan\u00e9ho kravsk\u00e9ho ml\u00e9ka. Kousky \u010dern\u00fdch lan\u00fd\u017e\u016f mu dod\u00e1vaj\u00ed neodolatelnou chu\u0165. S\u00fdr pro gurm\u00e1ny.<\/p>\n","protected":false},"excerpt":{"rendered":"<h5>Gouda farm\u00e1\u0159sk\u00e1 s lan\u00fd\u017eem<\/h5>\n<p>Farm\u00e1\u0159sk\u00e1 gouda s kousky \u010dern\u00e9ho lan\u00fd\u017ee.<\/p>\n","protected":false},"featured_media":23952,"comment_status":"closed","ping_status":"closed","template":"","meta":[],"product_brand":[],"product_cat":[777,642,446],"product_tag":[],"class_list":{"0":"post-19768","1":"product","2":"type-product","3":"status-publish","4":"has-post-thumbnail","6":"product_cat-cerstve-produkty","7":"product_cat-z-kravskeho-mleka","8":"product_cat-syry-cerstve-produkty","10":"first","11":"instock","12":"taxable","13":"shipping-taxable","14":"product-type-variable"},"jetpack_sharing_enabled":true,"_links":{"self":[{"href":"https:\/\/france-gastronomie.shop\/cs\/wp-json\/wp\/v2\/product\/19768","targetHints":{"allow":["GET"]}}],"collection":[{"href":"https:\/\/france-gastronomie.shop\/cs\/wp-json\/wp\/v2\/product"}],"about":[{"href":"https:\/\/france-gastronomie.shop\/cs\/wp-json\/wp\/v2\/types\/product"}],"replies":[{"embeddable":true,"href":"https:\/\/france-gastronomie.shop\/cs\/wp-json\/wp\/v2\/comments?post=19768"}],"wp:featuredmedia":[{"embeddable":true,"href":"https:\/\/france-gastronomie.shop\/cs\/wp-json\/wp\/v2\/media\/23952"}],"wp:attachment":[{"href":"https:\/\/france-gastronomie.shop\/cs\/wp-json\/wp\/v2\/media?parent=19768"}],"wp:term":[{"taxonomy":"product_brand","embeddable":true,"href":"https:\/\/france-gastronomie.shop\/cs\/wp-json\/wp\/v2\/product_brand?post=19768"},{"taxonomy":"product_cat","embeddable":true,"href":"https:\/\/france-gastronomie.shop\/cs\/wp-json\/wp\/v2\/product_cat?post=19768"},{"taxonomy":"product_tag","embeddable":true,"href":"https:\/\/france-gastronomie.shop\/cs\/wp-json\/wp\/v2\/product_tag?post=19768"}],"curies":[{"name":"wp","href":"https:\/\/api.w.org\/{rel}","templated":true}]}}