{"id":1820,"date":"2020-08-27T11:02:36","date_gmt":"2020-08-27T11:02:36","guid":{"rendered":"https:\/\/france-gastronomie.shop\/produit\/domaine-saint-jacquescotes-du-rhone-bio\/"},"modified":"2024-11-04T11:11:26","modified_gmt":"2024-11-04T11:11:26","slug":"domaine-saint-jacquescotes-du-rhone-bio","status":"publish","type":"product","link":"https:\/\/france-gastronomie.shop\/cs\/produit\/domaine-saint-jacquescotes-du-rhone-bio\/","title":{"rendered":"Domaine St-Jacques <br\/> AOC C\u00f4tes du Rh\u00f4ne BIO"},"content":{"rendered":"<h5>Domaine Saint Jacques<\/h5>\n<h5>AOC C\u00f4tes du Rhone BIO<\/h5>\n<p>Terroir<br \/>\nJ\u00edlovito v\u00e1penat\u00e9 podlo\u017e\u00ed<\/p>\n<p>Vinifikace<br \/>\nPo obr\u00e1n\u00ed jsou hrozny nalo\u017eeny 15 a\u017e 20 dn\u00ed, pak jsou denn\u011b p\u0159e\u010derp\u00e1v\u00e1ny. Teplota kva\u0161en\u00ed 28 a\u017e 30\u00b0 C.<\/p>\n<p>Zr\u00e1n\u00ed<br \/>\n6 m\u011bs\u00edc\u016f v n\u00e1dr\u017ei<\/p>\n<p>Odr\u016fdy<br \/>\nGrenache 65%, Syrah 15 %, Carignan 15%, Mourv\u00e8dre 5%<\/p>\n<p>Chu\u0165ov\u00e9 pozn\u00e1mky od na\u0161eho enologa<br \/>\nKr\u00e1sn\u00e1 intenzivn\u00ed \u010derven\u00e1 barva s v\u00fdznamn\u00fdm odst\u00edny fialov\u00e9. V\u016fn\u011b je siln\u00e1 s p\u0159evahou \u010derven\u00e9ho ovoce<br \/>\njako jsou maliny, jahody a s pikantn\u00edmi t\u00f3ny jako je l\u00e9ko\u0159ice. Dobr\u00e1 rovnov\u00e1ha v \u00fastech s velkou \u010derstvost\u00ed,<br \/>\nkulatost\u00ed a jemn\u00fdmi rozpu\u0161t\u011bn\u00fdmi taniny.<\/p>\n<p>St\u00e1\u010deno do lahv\u00ed<br \/>\nVe vina\u0159stv\u00ed<\/p>\n<p>Rady k degustaci<br \/>\nUchov\u00e1vat: 3 &#8211; 5 let. 15\u00b0-17\u00b0C<\/p>\n<p>Doporu\u010den\u00ed<br \/>\nToto v\u00edno se hod\u00ed k st\u0159edomo\u0159sk\u00e9 kuchyni a k om\u00e1\u010dk\u00e1m.<\/p>\n<p>Ocen\u011bn\u00ed<br \/>\n2013: Zlat\u00e1 Medaile Gilbert et Gaillard 2015 Guide 2016: 83\/100<br \/>\n2014: Zlat\u00e1 Medaile CGA Paris 2015<br \/>\nZlat\u00e1 Medaile Gilbert et Gaillard 2015 Guide 2016: 84\/100<br \/>\n2015: Zlat\u00e1 Medaile Gilbert et Gaillard 2016 Guide 2017: 85\/100 Zlat\u00e1 Medaie Lyon 2016<\/p>\n","protected":false},"excerpt":{"rendered":"<h5>AOC C\u00f4tes du Rhone BIO<\/h5>\n<p>V roce 1925 se spojila skupina vina\u0159\u016f p\u0159esv\u011bd\u010den\u00fdch o hodnot\u00e1ch solidarity a vz\u00e1jemn\u00e9 pomoci. O jeden\u00e1ct let pozd\u011bji se tito vizion\u00e1\u0159\u0161t\u00ed vina\u0159i pod\u00edleli na vytvo\u0159en\u00ed prvn\u00ed apelace ve Francii: CH\u00c2TEAUNEUF-DU-PAPE.<br \/>\n189 vina\u0159\u016f z CELLIER DES PRINCES, kte\u0159\u00ed byli na po\u010d\u00e1tku sjednoceni, je hrd\u00fdch na to, \u017ee mohou sv\u00e1 v\u00edna prod\u00e1vat na v\u0161ech p\u011bti kontinentech a p\u0159ed\u00e1vat sv\u00e9 hodnoty, jako je pohostinnost a dokonalost.<\/p>\n<p>Odr\u016fdy<br \/>\nGrenache 65%, Syrah 15 %, Carignan 15%, Mourv\u00e8dre 5%<\/p>\n","protected":false},"featured_media":1817,"comment_status":"closed","ping_status":"closed","template":"","meta":[],"product_brand":[],"product_cat":[383,394,435,438,385,388,384],"product_tag":[],"class_list":{"0":"post-1820","1":"product","2":"type-product","3":"status-publish","4":"has-post-thumbnail","6":"product_cat-vina","7":"product_cat-regiony","8":"product_cat-vallee-du-rhone-cs","9":"product_cat-cotes-du-rhone-cs","10":"product_cat-barva","11":"product_cat-cervena-vina","12":"product_cat-bio-cs","14":"first","15":"instock","16":"taxable","17":"shipping-taxable","18":"purchasable","19":"product-type-simple"},"jetpack_sharing_enabled":true,"_links":{"self":[{"href":"https:\/\/france-gastronomie.shop\/cs\/wp-json\/wp\/v2\/product\/1820","targetHints":{"allow":["GET"]}}],"collection":[{"href":"https:\/\/france-gastronomie.shop\/cs\/wp-json\/wp\/v2\/product"}],"about":[{"href":"https:\/\/france-gastronomie.shop\/cs\/wp-json\/wp\/v2\/types\/product"}],"replies":[{"embeddable":true,"href":"https:\/\/france-gastronomie.shop\/cs\/wp-json\/wp\/v2\/comments?post=1820"}],"wp:featuredmedia":[{"embeddable":true,"href":"https:\/\/france-gastronomie.shop\/cs\/wp-json\/wp\/v2\/media\/1817"}],"wp:attachment":[{"href":"https:\/\/france-gastronomie.shop\/cs\/wp-json\/wp\/v2\/media?parent=1820"}],"wp:term":[{"taxonomy":"product_brand","embeddable":true,"href":"https:\/\/france-gastronomie.shop\/cs\/wp-json\/wp\/v2\/product_brand?post=1820"},{"taxonomy":"product_cat","embeddable":true,"href":"https:\/\/france-gastronomie.shop\/cs\/wp-json\/wp\/v2\/product_cat?post=1820"},{"taxonomy":"product_tag","embeddable":true,"href":"https:\/\/france-gastronomie.shop\/cs\/wp-json\/wp\/v2\/product_tag?post=1820"}],"curies":[{"name":"wp","href":"https:\/\/api.w.org\/{rel}","templated":true}]}}