{"id":17107,"date":"2023-12-06T15:55:28","date_gmt":"2023-12-06T15:55:28","guid":{"rendered":"https:\/\/france-gastronomie.shop\/produit\/cheddar-cesnek-bylinky\/"},"modified":"2025-09-25T09:55:39","modified_gmt":"2025-09-25T09:55:39","slug":"cheddar-cesnek-bylinky","status":"publish","type":"product","link":"https:\/\/france-gastronomie.shop\/cs\/produit\/cheddar-cesnek-bylinky\/","title":{"rendered":"\u010cedar green <br\/> \u010cesnek a Bylinky"},"content":{"rendered":"<h5>\u010cedar Zelen\u00fd \u010cesnek a Bylinky<\/h5>\n<p>Hmotnost: 200g<\/p>\n","protected":false},"excerpt":{"rendered":"<h5>\u010cedar Zelen\u00fd \u010cesnek a Bylinky<\/h5>\n<p>Vyzr\u00e1l\u00fd \u010dedar ochucen\u00fd spoustou zahradn\u00edch bylinek a spr\u00e1vn\u00fdm mno\u017estv\u00edm \u010desneku &#8211; sv\u011b\u017e\u00ed, aromatick\u00fd, vynikaj\u00edc\u00ed!<br \/>\nVynikne p\u0159i p\u0159\u00edprav\u011b bramborov\u00fdch a t\u011bstovinov\u00fdch pokrm\u016f a chutn\u00e1 v\u00fdborn\u011b nakr\u00e1jen\u00fd do \u010derstv\u00e9ho sal\u00e1tu. Samoz\u0159ejm\u011b chutn\u00e1 tak\u00e9 samotn\u00fd s \u010derstv\u00fdm chlebem a sklenkou sauvignon blanc.<br \/>\nS\u00fdr oce\u0148ovan\u00fd pro svou nesm\u00edrnou hloubku chuti a hladkou, kr\u00e9movou strukturu s v\u016fn\u00ed l\u00edskov\u00fdch o\u0159\u00ed\u0161k\u016f.<br \/>\n<strong>Jako u v\u0161ech s\u00fdr\u016f je d\u016fle\u017eit\u00e9 j\u00edst ho p\u0159i pokojov\u00e9 teplot\u011b, abyste mohli ocenit v\u0161echny jeho chu\u0165ov\u00e9 t\u00f3ny.<\/strong><\/p>\n<p>Oblast: Wales<\/p>\n<p>Pasterizovan\u00e9 kravsk\u00e9 ml\u00e9ko<\/p>\n<p>Neva\u0159en\u00fd lisovan\u00fd s\u00fdr<\/p>\n<p>Alergeny: ml\u00e9ko<\/p>\n","protected":false},"featured_media":17105,"comment_status":"open","ping_status":"closed","template":"","meta":[],"product_brand":[],"product_cat":[777,642,446],"product_tag":[],"class_list":{"0":"post-17107","1":"product","2":"type-product","3":"status-publish","4":"has-post-thumbnail","6":"product_cat-cerstve-produkty","7":"product_cat-z-kravskeho-mleka","8":"product_cat-syry-cerstve-produkty","10":"first","11":"outofstock","12":"taxable","13":"shipping-taxable","14":"purchasable","15":"product-type-simple"},"jetpack_sharing_enabled":true,"_links":{"self":[{"href":"https:\/\/france-gastronomie.shop\/cs\/wp-json\/wp\/v2\/product\/17107","targetHints":{"allow":["GET"]}}],"collection":[{"href":"https:\/\/france-gastronomie.shop\/cs\/wp-json\/wp\/v2\/product"}],"about":[{"href":"https:\/\/france-gastronomie.shop\/cs\/wp-json\/wp\/v2\/types\/product"}],"replies":[{"embeddable":true,"href":"https:\/\/france-gastronomie.shop\/cs\/wp-json\/wp\/v2\/comments?post=17107"}],"wp:featuredmedia":[{"embeddable":true,"href":"https:\/\/france-gastronomie.shop\/cs\/wp-json\/wp\/v2\/media\/17105"}],"wp:attachment":[{"href":"https:\/\/france-gastronomie.shop\/cs\/wp-json\/wp\/v2\/media?parent=17107"}],"wp:term":[{"taxonomy":"product_brand","embeddable":true,"href":"https:\/\/france-gastronomie.shop\/cs\/wp-json\/wp\/v2\/product_brand?post=17107"},{"taxonomy":"product_cat","embeddable":true,"href":"https:\/\/france-gastronomie.shop\/cs\/wp-json\/wp\/v2\/product_cat?post=17107"},{"taxonomy":"product_tag","embeddable":true,"href":"https:\/\/france-gastronomie.shop\/cs\/wp-json\/wp\/v2\/product_tag?post=17107"}],"curies":[{"name":"wp","href":"https:\/\/api.w.org\/{rel}","templated":true}]}}