{"id":17089,"date":"2023-12-06T15:50:11","date_gmt":"2023-12-06T15:50:11","guid":{"rendered":"https:\/\/france-gastronomie.shop\/produit\/cheddar-extra-mature\/"},"modified":"2025-09-25T09:54:55","modified_gmt":"2025-09-25T09:54:55","slug":"cheddar-extra-mature","status":"publish","type":"product","link":"https:\/\/france-gastronomie.shop\/cs\/produit\/cheddar-extra-mature\/","title":{"rendered":"\u010cedar <br\/> Black Bomber"},"content":{"rendered":"<h5>\u010cedar \u010cern\u00fd zr\u00e1n\u00ed 18 m\u011bs\u00edc\u016f<\/h5>\n<p>Hmotnost: 200g<\/p>\n","protected":false},"excerpt":{"rendered":"<h5>\u010cedar \u010cern\u00fd zr\u00e1n\u00ed 18 m\u011bs\u00edc\u016f<\/h5>\n<p>Extra dlouho zraj\u00edc\u00ed \u010dedar, kr\u00e9mov\u00fd a jemn\u00fd, velmi cen\u011bn\u00fd pro svou plnou chu\u0165. Vychutnejte si ho samostn\u00fd, s \u010derstv\u00fdm k\u0159upav\u00fdm chlebem nebo s trochou \u010datn\u00ed. Doporu\u010dujeme k n\u011bmu Cabernet Sauvignon nebo Chardonnay. Little Black Bomber je vlajkovou lod\u00ed spole\u010dnosti Snowdonia a tak\u00e9 na\u0161\u00edm nejobl\u00edben\u011bj\u0161\u00edm s\u00fdrem. Z\u00edskal n\u011bkolik ocen\u011bn\u00ed v sout\u011b\u017e\u00edch International a UK Cheese Awards. Jakmile ho ochutn\u00e1te, pochop\u00edte pro\u010d.<\/p>\n<p><strong>Jako u v\u0161ech s\u00fdr\u016f je d\u016fle\u017eit\u00e9 j\u00edst ho p\u0159i pokojov\u00e9 teplot\u011b, abyste mohli ocenit v\u0161echny jeho chu\u0165ov\u00e9 t\u00f3ny.<\/strong><\/p>\n<p>Oblast: Wales<\/p>\n<p>Pasterizovan\u00e9 kravsk\u00e9 ml\u00e9ko<\/p>\n<p>Neva\u0159en\u00fd lisovan\u00fd s\u00fdr<\/p>\n<p>Alergeny: ml\u00e9ko<\/p>\n","protected":false},"featured_media":17151,"comment_status":"open","ping_status":"closed","template":"","meta":[],"product_brand":[],"product_cat":[777,642,446],"product_tag":[],"class_list":{"0":"post-17089","1":"product","2":"type-product","3":"status-publish","4":"has-post-thumbnail","6":"product_cat-cerstve-produkty","7":"product_cat-z-kravskeho-mleka","8":"product_cat-syry-cerstve-produkty","10":"first","11":"instock","12":"taxable","13":"shipping-taxable","14":"purchasable","15":"product-type-simple"},"jetpack_sharing_enabled":true,"_links":{"self":[{"href":"https:\/\/france-gastronomie.shop\/cs\/wp-json\/wp\/v2\/product\/17089","targetHints":{"allow":["GET"]}}],"collection":[{"href":"https:\/\/france-gastronomie.shop\/cs\/wp-json\/wp\/v2\/product"}],"about":[{"href":"https:\/\/france-gastronomie.shop\/cs\/wp-json\/wp\/v2\/types\/product"}],"replies":[{"embeddable":true,"href":"https:\/\/france-gastronomie.shop\/cs\/wp-json\/wp\/v2\/comments?post=17089"}],"wp:featuredmedia":[{"embeddable":true,"href":"https:\/\/france-gastronomie.shop\/cs\/wp-json\/wp\/v2\/media\/17151"}],"wp:attachment":[{"href":"https:\/\/france-gastronomie.shop\/cs\/wp-json\/wp\/v2\/media?parent=17089"}],"wp:term":[{"taxonomy":"product_brand","embeddable":true,"href":"https:\/\/france-gastronomie.shop\/cs\/wp-json\/wp\/v2\/product_brand?post=17089"},{"taxonomy":"product_cat","embeddable":true,"href":"https:\/\/france-gastronomie.shop\/cs\/wp-json\/wp\/v2\/product_cat?post=17089"},{"taxonomy":"product_tag","embeddable":true,"href":"https:\/\/france-gastronomie.shop\/cs\/wp-json\/wp\/v2\/product_tag?post=17089"}],"curies":[{"name":"wp","href":"https:\/\/api.w.org\/{rel}","templated":true}]}}