{"id":17077,"date":"2023-12-06T15:44:33","date_gmt":"2023-12-06T15:44:33","guid":{"rendered":"https:\/\/france-gastronomie.shop\/produit\/maroilles-fermier\/"},"modified":"2026-04-02T09:53:43","modified_gmt":"2026-04-02T07:53:43","slug":"maroilles-fermier","status":"publish","type":"product","link":"https:\/\/france-gastronomie.shop\/cs\/produit\/maroilles-fermier\/","title":{"rendered":"Maroilles Farm\u00e1\u0159sk\u00fd <br\/> se syrov\u00fdm ml\u00e9kem"},"content":{"rendered":"<h5>Maroilles Farm\u00e1\u0159sk\u00fd se syrov\u00fdm ml\u00e9kem<\/h5>\n<p>Hmotnost: 180\/360\/720 g<\/p>\n","protected":false},"excerpt":{"rendered":"<h5>Maroilles Farm\u00e1\u0159sk\u00fd se syrov\u00fdm ml\u00e9kem<\/h5>\n<p>Buket oran\u017eov\u00e9 k\u016fry Maroilles m\u016f\u017ee klamat: chu\u0165 s\u00fdra je mnohem m\u00edrn\u011bj\u0161\u00ed a jemn\u011bj\u0161\u00ed ne\u017e jeho v\u016fn\u011b.<\/p>\n<p>Na jazyku m\u00e1 s\u00fdr Maroilles konzistenci, kter\u00e1 se rozpl\u00fdv\u00e1 v \u00fastech, a ml\u00e9\u010dnou chu\u0165 (tepl\u00e9 ml\u00e9ko) s n\u00e1znaky l\u00edskov\u00fdch o\u0159\u00ed\u0161k\u016f a n\u00e1dechem soli. Lehk\u00e9 stopy ho\u0159kosti a kyselosti v k\u016f\u0159e mu dod\u00e1vaj\u00ed hloubku. Vyzr\u00e1l\u00e1 chu\u0165 je jasn\u011bj\u0161\u00ed a typi\u010dt\u011bj\u0161\u00ed ne\u017e u mlad\u00e9ho Maroilles.<br \/>\nJako u v\u0161ech s\u00fdr\u016f je d\u016fle\u017eit\u00e9 j\u00edst ho p\u0159i pokojov\u00e9 teplot\u011b, abyste ocenili v\u0161echny jeho chu\u0165ov\u00e9 nuance.<\/p>\n<p>Oblast: Nord<\/p>\n<p>Syrov\u00e9 kravsk\u00e9 ml\u00e9ko<\/p>\n<p>M\u011bkk\u00fd s\u00fdr s omytou k\u016frou<\/p>\n<p>Alergeny: ml\u00e9ko<\/p>\n","protected":false},"featured_media":17161,"comment_status":"open","ping_status":"closed","template":"","meta":[],"product_brand":[],"product_cat":[777,642,446],"product_tag":[],"class_list":{"0":"post-17077","1":"product","2":"type-product","3":"status-publish","4":"has-post-thumbnail","6":"product_cat-cerstve-produkty","7":"product_cat-z-kravskeho-mleka","8":"product_cat-syry-cerstve-produkty","10":"first","11":"instock","12":"taxable","13":"shipping-taxable","14":"purchasable","15":"product-type-variable"},"jetpack_sharing_enabled":true,"_links":{"self":[{"href":"https:\/\/france-gastronomie.shop\/cs\/wp-json\/wp\/v2\/product\/17077","targetHints":{"allow":["GET"]}}],"collection":[{"href":"https:\/\/france-gastronomie.shop\/cs\/wp-json\/wp\/v2\/product"}],"about":[{"href":"https:\/\/france-gastronomie.shop\/cs\/wp-json\/wp\/v2\/types\/product"}],"replies":[{"embeddable":true,"href":"https:\/\/france-gastronomie.shop\/cs\/wp-json\/wp\/v2\/comments?post=17077"}],"wp:featuredmedia":[{"embeddable":true,"href":"https:\/\/france-gastronomie.shop\/cs\/wp-json\/wp\/v2\/media\/17161"}],"wp:attachment":[{"href":"https:\/\/france-gastronomie.shop\/cs\/wp-json\/wp\/v2\/media?parent=17077"}],"wp:term":[{"taxonomy":"product_brand","embeddable":true,"href":"https:\/\/france-gastronomie.shop\/cs\/wp-json\/wp\/v2\/product_brand?post=17077"},{"taxonomy":"product_cat","embeddable":true,"href":"https:\/\/france-gastronomie.shop\/cs\/wp-json\/wp\/v2\/product_cat?post=17077"},{"taxonomy":"product_tag","embeddable":true,"href":"https:\/\/france-gastronomie.shop\/cs\/wp-json\/wp\/v2\/product_tag?post=17077"}],"curies":[{"name":"wp","href":"https:\/\/api.w.org\/{rel}","templated":true}]}}