{"id":17062,"date":"2023-12-06T15:28:10","date_gmt":"2023-12-06T15:28:10","guid":{"rendered":"https:\/\/france-gastronomie.shop\/produit\/brillat-savarin\/"},"modified":"2026-03-17T14:24:52","modified_gmt":"2026-03-17T13:24:52","slug":"brillat-savarin","status":"publish","type":"product","link":"https:\/\/france-gastronomie.shop\/cs\/produit\/brillat-savarin\/","title":{"rendered":"Brillat Savarin <br\/> farm\u00e1\u0159sk\u00fd"},"content":{"rendered":"<h5>Brillat Savarin<\/h5>\n<p>Ml\u00e9ko se sb\u00edr\u00e1 ka\u017ed\u00fd den v Seine et Marne a neproch\u00e1z\u00ed \u017e\u00e1dn\u00fdm tepeln\u00fdm o\u0161et\u0159en\u00edm*. Na v\u00fdrobu Brillat Savarin 500gr je pot\u0159eba 2,5 litru a na 100gr 0,5l.<br \/>\nJedn\u00e1 se o plnotu\u010dn\u00fd s\u00fdr obohacen\u00fd \u010derstvou smetanou, kter\u00e1 se odst\u0159ed\u00ed z ml\u00e9ka pou\u017e\u00edvan\u00e9ho k v\u00fdrob\u011b s\u00fdr\u016f Brie a Coulommiers.<br \/>\nTradi\u010dn\u011b se vyr\u00e1b\u00ed n\u011bkolik dn\u00ed. Smetana se nalije do formy. Zvl\u00e1dnut\u00ed procesu su\u0161en\u00ed b\u011bhem pr\u016fchodu su\u0161\u00e1rnou je kl\u00ed\u010dov\u00fdm faktorem pro zaji\u0161t\u011bn\u00ed spr\u00e1vn\u00e9ho zr\u00e1n\u00ed s\u00fdra, proto\u017ee se jedn\u00e1 o velmi vlhk\u00fd s\u00fdr. Tato f\u00e1ze vy\u017eaduje odborn\u00e9 znalosti pracovn\u00edka a vhodn\u00e9 vybaven\u00ed.<br \/>\nD\u00edky ve\u0161ker\u00e9 p\u00e9\u010di, kter\u00e1 je v\u00fdrob\u011b tohoto s\u00fdra v\u011bnov\u00e1na, se jedn\u00e1 o gurm\u00e1nsk\u00fd s\u00fdr pln\u00e9 chuti, kter\u00fd pot\u011b\u0161\u00ed jak mlad\u00e9 chu\u0165ov\u00e9 bu\u0148ky, tak n\u00e1ro\u010dn\u00e9 gurm\u00e1ny.<\/p>\n","protected":false},"excerpt":{"rendered":"<h5>Brillat Savarin<\/h5>\n<p>Typ: trojit\u00fd smetanov\u00fd s\u00fdr z plnotu\u010dn\u00e9ho syrov\u00e9ho kravsk\u00e9ho ml\u00e9ka, m\u011bkk\u00fd s nad\u00fdchanou k\u016frou.<br \/>\nS\u00fdr na pl\u00e1tky, vyberte si po\u017eadovanou hmotnost<\/p>\n","protected":false},"featured_media":17710,"comment_status":"open","ping_status":"closed","template":"","meta":[],"product_brand":[],"product_cat":[777,642,446],"product_tag":[],"class_list":{"0":"post-17062","1":"product","2":"type-product","3":"status-publish","4":"has-post-thumbnail","6":"product_cat-cerstve-produkty","7":"product_cat-z-kravskeho-mleka","8":"product_cat-syry-cerstve-produkty","10":"first","11":"instock","12":"taxable","13":"shipping-taxable","14":"purchasable","15":"product-type-variable"},"jetpack_sharing_enabled":true,"_links":{"self":[{"href":"https:\/\/france-gastronomie.shop\/cs\/wp-json\/wp\/v2\/product\/17062","targetHints":{"allow":["GET"]}}],"collection":[{"href":"https:\/\/france-gastronomie.shop\/cs\/wp-json\/wp\/v2\/product"}],"about":[{"href":"https:\/\/france-gastronomie.shop\/cs\/wp-json\/wp\/v2\/types\/product"}],"replies":[{"embeddable":true,"href":"https:\/\/france-gastronomie.shop\/cs\/wp-json\/wp\/v2\/comments?post=17062"}],"wp:featuredmedia":[{"embeddable":true,"href":"https:\/\/france-gastronomie.shop\/cs\/wp-json\/wp\/v2\/media\/17710"}],"wp:attachment":[{"href":"https:\/\/france-gastronomie.shop\/cs\/wp-json\/wp\/v2\/media?parent=17062"}],"wp:term":[{"taxonomy":"product_brand","embeddable":true,"href":"https:\/\/france-gastronomie.shop\/cs\/wp-json\/wp\/v2\/product_brand?post=17062"},{"taxonomy":"product_cat","embeddable":true,"href":"https:\/\/france-gastronomie.shop\/cs\/wp-json\/wp\/v2\/product_cat?post=17062"},{"taxonomy":"product_tag","embeddable":true,"href":"https:\/\/france-gastronomie.shop\/cs\/wp-json\/wp\/v2\/product_tag?post=17062"}],"curies":[{"name":"wp","href":"https:\/\/api.w.org\/{rel}","templated":true}]}}