{"id":17059,"date":"2023-12-06T15:26:44","date_gmt":"2023-12-06T15:26:44","guid":{"rendered":"https:\/\/france-gastronomie.shop\/produit\/camembert-jort-pyrograve\/"},"modified":"2024-12-06T06:26:56","modified_gmt":"2024-12-06T06:26:56","slug":"camembert-jort-pyrograve","status":"publish","type":"product","link":"https:\/\/france-gastronomie.shop\/cs\/produit\/camembert-jort-pyrograve\/","title":{"rendered":"Camembert z Normandie <br\/> AOP JORT"},"content":{"rendered":"<h5>Camembert z Normandie AOP JORT<\/h5>\n<p>Hmotnost: 250 g<\/p>\n","protected":false},"excerpt":{"rendered":"<h5>Camembert z Normandie AOP JORT<\/h5>\n<p>S\u00fdr Camembert JORT z Normandie AOP (chr\u00e1n\u011bn\u00e9 ozna\u010den\u00ed p\u016fvodu), inspirovan\u00fd normandskou tradic\u00ed, se zrodil v roce 1888 v S\u00fdr\u00e1rn\u011b de Berni\u00e8res d&#8217;Ailly, b\u00fdval\u00e9m ml\u00fdn\u011b z 18. stolet\u00ed v srdci Calvadosu v Berni\u00e8res d&#8217;Ailly na b\u0159ehu \u0159eky Dives. Tento s\u00fdr se stal neodmyslitelnou sou\u010d\u00e1st\u00ed francouzsk\u00e9 gastronomie.<\/p>\n<p>Pouze jemnost tradi\u010dn\u00edho ru\u010dn\u00edho formov\u00e1n\u00ed umo\u017e\u0148uje zachovat v\u0161echny vlastnosti s\u00fd\u0159eniny d\u00edky p\u011bti postupn\u00fdm proces\u016fm, kter\u00e9 se prov\u00e1d\u011bj\u00ed v\u017edy po 50 minut\u00e1ch, v souladu se specifikacemi ozna\u010den\u00ed AOP Camembert de Normandie.<\/p>\n<p>S\u00fdra\u0159i spole\u010dnosti JORT ka\u017ed\u00fd den udr\u017euj\u00ed tyto historick\u00e9 postupy a know-how, kter\u00e9 se s v\u00e1\u0161n\u00ed p\u0159ed\u00e1vaj\u00ed z generace na generaci.<\/p>\n<p>S\u00fdr Camembert JORT z Normandie z\u00edskal presti\u017en\u00ed zlatou medaili na Concours G\u00e9n\u00e9ral Agricole na Salonu zem\u011bd\u011blstv\u00ed 2015.<\/p>\n<p>Stejn\u011b jako u v\u0161ech s\u00fdr\u016f je d\u016fle\u017eit\u00e9 j\u00edst ho p\u0159i pokojov\u00e9 teplot\u011b, abyste mohli ocenit v\u0161echny jeho chu\u0165ov\u00e9 nuance.<\/p>\n<p>Oblast: Normandie<\/p>\n<p>Syrov\u00e9 kravsk\u00e9 ml\u00e9ko<\/p>\n<p>M\u011bkk\u00fd s\u00fdr s kv\u011btnatou k\u016frkou<\/p>\n<p>Alergeny: ml\u00e9ko<\/p>\n","protected":false},"featured_media":17164,"comment_status":"open","ping_status":"closed","template":"","meta":[],"product_brand":[],"product_cat":[777,642,446],"product_tag":[],"class_list":{"0":"post-17059","1":"product","2":"type-product","3":"status-publish","4":"has-post-thumbnail","6":"product_cat-cerstve-produkty","7":"product_cat-z-kravskeho-mleka","8":"product_cat-syry-cerstve-produkty","10":"first","11":"outofstock","12":"taxable","13":"shipping-taxable","14":"purchasable","15":"product-type-simple"},"jetpack_sharing_enabled":true,"_links":{"self":[{"href":"https:\/\/france-gastronomie.shop\/cs\/wp-json\/wp\/v2\/product\/17059","targetHints":{"allow":["GET"]}}],"collection":[{"href":"https:\/\/france-gastronomie.shop\/cs\/wp-json\/wp\/v2\/product"}],"about":[{"href":"https:\/\/france-gastronomie.shop\/cs\/wp-json\/wp\/v2\/types\/product"}],"replies":[{"embeddable":true,"href":"https:\/\/france-gastronomie.shop\/cs\/wp-json\/wp\/v2\/comments?post=17059"}],"wp:featuredmedia":[{"embeddable":true,"href":"https:\/\/france-gastronomie.shop\/cs\/wp-json\/wp\/v2\/media\/17164"}],"wp:attachment":[{"href":"https:\/\/france-gastronomie.shop\/cs\/wp-json\/wp\/v2\/media?parent=17059"}],"wp:term":[{"taxonomy":"product_brand","embeddable":true,"href":"https:\/\/france-gastronomie.shop\/cs\/wp-json\/wp\/v2\/product_brand?post=17059"},{"taxonomy":"product_cat","embeddable":true,"href":"https:\/\/france-gastronomie.shop\/cs\/wp-json\/wp\/v2\/product_cat?post=17059"},{"taxonomy":"product_tag","embeddable":true,"href":"https:\/\/france-gastronomie.shop\/cs\/wp-json\/wp\/v2\/product_tag?post=17059"}],"curies":[{"name":"wp","href":"https:\/\/api.w.org\/{rel}","templated":true}]}}