{"id":17032,"date":"2023-12-06T14:35:04","date_gmt":"2023-12-06T14:35:04","guid":{"rendered":"https:\/\/france-gastronomie.shop\/produit\/crottin-du-morvan-kozi\/"},"modified":"2025-01-10T01:22:49","modified_gmt":"2025-01-10T01:22:49","slug":"crottin-du-morvan-kozi","status":"publish","type":"product","link":"https:\/\/france-gastronomie.shop\/cs\/produit\/crottin-du-morvan-kozi\/","title":{"rendered":"Crottin du Morvan <br\/> koz\u00ed"},"content":{"rendered":"<h5>Crottin du Morvan koz\u00ed<\/h5>\n<p>Hmotnost: 160g<\/p>\n","protected":false},"excerpt":{"rendered":"<h5>Crottin du Morvan koz\u00ed<\/h5>\n<p>Tento velk\u00fd crottin m\u00e1 sv\u00e9 jm\u00e9no podle zem\u011bpisn\u00e9ho p\u016fvodu: p\u0159\u00edrodn\u00ed park Morvan v Burgundsku.<br \/>\nLehce slan\u00fd a nap\u011bn\u011bn\u00fd v polovin\u011b st\u00e1\u0159\u00ed se pak st\u00e1v\u00e1 kr\u00e9mov\u00fdm, s v\u00fdraznou chut\u00ed koz\u00edho s\u00fdra a sv\u011b\u017e\u00ed chut\u00ed na pat\u0159e.<\/p>\n<p><strong>Stejn\u011b jako u v\u0161ech s\u00fdr\u016f je d\u016fle\u017eit\u00e9 j\u00edst ho p\u0159i pokojov\u00e9 teplot\u011b, abyste ocenili v\u0161echny jeho chu\u0165ov\u00e9 nuance.<\/strong><\/p>\n<p>Oblast: Burgundsko<\/p>\n<p>Plnotu\u010dn\u00e9 koz\u00ed ml\u00e9ko<\/p>\n<p>M\u011bkk\u00fd s\u00fdr s p\u0159\u00edrodn\u00ed k\u016frou<\/p>\n<p>Alergeny: ml\u00e9ko<\/p>\n","protected":false},"featured_media":17172,"comment_status":"open","ping_status":"closed","template":"","meta":[],"product_brand":[],"product_cat":[777,647,446],"product_tag":[],"class_list":{"0":"post-17032","1":"product","2":"type-product","3":"status-publish","4":"has-post-thumbnail","6":"product_cat-cerstve-produkty","7":"product_cat-z-koziho-mleka","8":"product_cat-syry-cerstve-produkty","10":"first","11":"instock","12":"taxable","13":"shipping-taxable","14":"purchasable","15":"product-type-simple"},"jetpack_sharing_enabled":true,"_links":{"self":[{"href":"https:\/\/france-gastronomie.shop\/cs\/wp-json\/wp\/v2\/product\/17032","targetHints":{"allow":["GET"]}}],"collection":[{"href":"https:\/\/france-gastronomie.shop\/cs\/wp-json\/wp\/v2\/product"}],"about":[{"href":"https:\/\/france-gastronomie.shop\/cs\/wp-json\/wp\/v2\/types\/product"}],"replies":[{"embeddable":true,"href":"https:\/\/france-gastronomie.shop\/cs\/wp-json\/wp\/v2\/comments?post=17032"}],"wp:featuredmedia":[{"embeddable":true,"href":"https:\/\/france-gastronomie.shop\/cs\/wp-json\/wp\/v2\/media\/17172"}],"wp:attachment":[{"href":"https:\/\/france-gastronomie.shop\/cs\/wp-json\/wp\/v2\/media?parent=17032"}],"wp:term":[{"taxonomy":"product_brand","embeddable":true,"href":"https:\/\/france-gastronomie.shop\/cs\/wp-json\/wp\/v2\/product_brand?post=17032"},{"taxonomy":"product_cat","embeddable":true,"href":"https:\/\/france-gastronomie.shop\/cs\/wp-json\/wp\/v2\/product_cat?post=17032"},{"taxonomy":"product_tag","embeddable":true,"href":"https:\/\/france-gastronomie.shop\/cs\/wp-json\/wp\/v2\/product_tag?post=17032"}],"curies":[{"name":"wp","href":"https:\/\/api.w.org\/{rel}","templated":true}]}}