{"id":17020,"date":"2023-12-06T14:02:25","date_gmt":"2023-12-06T14:02:25","guid":{"rendered":"https:\/\/france-gastronomie.shop\/produit\/st-felicien-chartrousin\/"},"modified":"2025-12-11T18:01:14","modified_gmt":"2025-12-11T18:01:14","slug":"st-felicien-chartrousin","status":"publish","type":"product","link":"https:\/\/france-gastronomie.shop\/cs\/produit\/st-felicien-chartrousin\/","title":{"rendered":"Saint-F\u00e9licien <br\/> Fermier"},"content":{"rendered":"<h5>Saint-F\u00e9licien Fermier<\/h5>\n<p>M\u011bkk\u00fd s\u00fdr s p\u0159\u00edrodn\u00ed k\u016frou ze syrov\u00e9ho kravsk\u00e9ho ml\u00e9ka Saint F\u00e9licien je bl\u00edzk\u00fd p\u0159\u00edbuzn\u00fd s\u00fdru Saint Marcellin, kter\u00fd vyr\u00e1b\u00ed farma Manne Mathieu Ezingearda.<\/p>\n","protected":false},"excerpt":{"rendered":"<h5>Saint-F\u00e9licien Fermier<\/h5>\n<p>180g<\/p>\n<p>S\u00fdr St F\u00e9licien je mlad\u0161\u00edm bratrem s\u00fdra St Marcellin.<br \/>\nVyr\u00e1b\u00ed se ze syrov\u00e9ho kravsk\u00e9ho ml\u00e9ka.<\/p>\n","protected":false},"featured_media":26016,"comment_status":"open","ping_status":"closed","template":"","meta":[],"product_brand":[],"product_cat":[777,642,446],"product_tag":[],"class_list":{"0":"post-17020","1":"product","2":"type-product","3":"status-publish","4":"has-post-thumbnail","6":"product_cat-cerstve-produkty","7":"product_cat-z-kravskeho-mleka","8":"product_cat-syry-cerstve-produkty","10":"first","11":"outofstock","12":"taxable","13":"shipping-taxable","14":"purchasable","15":"product-type-simple"},"jetpack_sharing_enabled":true,"_links":{"self":[{"href":"https:\/\/france-gastronomie.shop\/cs\/wp-json\/wp\/v2\/product\/17020","targetHints":{"allow":["GET"]}}],"collection":[{"href":"https:\/\/france-gastronomie.shop\/cs\/wp-json\/wp\/v2\/product"}],"about":[{"href":"https:\/\/france-gastronomie.shop\/cs\/wp-json\/wp\/v2\/types\/product"}],"replies":[{"embeddable":true,"href":"https:\/\/france-gastronomie.shop\/cs\/wp-json\/wp\/v2\/comments?post=17020"}],"wp:featuredmedia":[{"embeddable":true,"href":"https:\/\/france-gastronomie.shop\/cs\/wp-json\/wp\/v2\/media\/26016"}],"wp:attachment":[{"href":"https:\/\/france-gastronomie.shop\/cs\/wp-json\/wp\/v2\/media?parent=17020"}],"wp:term":[{"taxonomy":"product_brand","embeddable":true,"href":"https:\/\/france-gastronomie.shop\/cs\/wp-json\/wp\/v2\/product_brand?post=17020"},{"taxonomy":"product_cat","embeddable":true,"href":"https:\/\/france-gastronomie.shop\/cs\/wp-json\/wp\/v2\/product_cat?post=17020"},{"taxonomy":"product_tag","embeddable":true,"href":"https:\/\/france-gastronomie.shop\/cs\/wp-json\/wp\/v2\/product_tag?post=17020"}],"curies":[{"name":"wp","href":"https:\/\/api.w.org\/{rel}","templated":true}]}}