{"id":17002,"date":"2023-12-06T13:53:26","date_gmt":"2023-12-06T13:53:26","guid":{"rendered":"https:\/\/france-gastronomie.shop\/produit\/cremeux-du-mont-st-michel\/"},"modified":"2026-03-17T14:24:42","modified_gmt":"2026-03-17T13:24:42","slug":"cremeux-du-mont-st-michel","status":"publish","type":"product","link":"https:\/\/france-gastronomie.shop\/cs\/produit\/cremeux-du-mont-st-michel\/","title":{"rendered":"Le Cr\u00e9meux du Mont St Michel"},"content":{"rendered":"<h5>Le Cr\u00e9meux du Mont St Michel<\/h5>\n<p>Hmotnost: 220g<\/p>\n","protected":false},"excerpt":{"rendered":"<h5>Le Cr\u00e9meux du Mont St Michel<\/h5>\n<p>Cr\u00e9meux du Mont-Saint-Michel je m\u011bkk\u00fd normandsk\u00fd s\u00fdr s nad\u00fdchanou k\u016frou, kter\u00fd se vyr\u00e1b\u00ed z plnotu\u010dn\u00e9ho syrov\u00e9ho ml\u00e9ka normandsk\u00fdch krav.<br \/>\nCr\u00e9meux du Mont-Saint-Michel je obohacen smetanou od m\u00edstn\u00edho farm\u00e1\u0159e, a pokud m\u00e1te trp\u011blivost po\u010dkat, a\u017e dokonale vyzraje, bude lahodn\u011b kr\u00e9mov\u00fd.<br \/>\n<strong>Jako u v\u0161ech s\u00fdr\u016f je d\u016fle\u017eit\u00e9 j\u00edst ho p\u0159i pokojov\u00e9 teplot\u011b, abyste mohli ocenit v\u0161echny jeho chu\u0165ov\u00e9 nuance.<\/strong><\/p>\n<p>Oblast: Normandie<\/p>\n<p>Syrov\u00e9 kravsk\u00e9 ml\u00e9ko<\/p>\n<p>M\u011bkk\u00fd s\u00fdr s nafouklou k\u016frkou<\/p>\n<p>Alergeny: ml\u00e9ko<\/p>\n","protected":false},"featured_media":17188,"comment_status":"open","ping_status":"closed","template":"","meta":[],"product_brand":[],"product_cat":[777,642,446],"product_tag":[],"class_list":{"0":"post-17002","1":"product","2":"type-product","3":"status-publish","4":"has-post-thumbnail","6":"product_cat-cerstve-produkty","7":"product_cat-z-kravskeho-mleka","8":"product_cat-syry-cerstve-produkty","10":"first","11":"outofstock","12":"taxable","13":"shipping-taxable","14":"purchasable","15":"product-type-simple"},"jetpack_sharing_enabled":true,"_links":{"self":[{"href":"https:\/\/france-gastronomie.shop\/cs\/wp-json\/wp\/v2\/product\/17002","targetHints":{"allow":["GET"]}}],"collection":[{"href":"https:\/\/france-gastronomie.shop\/cs\/wp-json\/wp\/v2\/product"}],"about":[{"href":"https:\/\/france-gastronomie.shop\/cs\/wp-json\/wp\/v2\/types\/product"}],"replies":[{"embeddable":true,"href":"https:\/\/france-gastronomie.shop\/cs\/wp-json\/wp\/v2\/comments?post=17002"}],"wp:featuredmedia":[{"embeddable":true,"href":"https:\/\/france-gastronomie.shop\/cs\/wp-json\/wp\/v2\/media\/17188"}],"wp:attachment":[{"href":"https:\/\/france-gastronomie.shop\/cs\/wp-json\/wp\/v2\/media?parent=17002"}],"wp:term":[{"taxonomy":"product_brand","embeddable":true,"href":"https:\/\/france-gastronomie.shop\/cs\/wp-json\/wp\/v2\/product_brand?post=17002"},{"taxonomy":"product_cat","embeddable":true,"href":"https:\/\/france-gastronomie.shop\/cs\/wp-json\/wp\/v2\/product_cat?post=17002"},{"taxonomy":"product_tag","embeddable":true,"href":"https:\/\/france-gastronomie.shop\/cs\/wp-json\/wp\/v2\/product_tag?post=17002"}],"curies":[{"name":"wp","href":"https:\/\/api.w.org\/{rel}","templated":true}]}}