{"id":16987,"date":"2023-12-06T13:41:53","date_gmt":"2023-12-06T13:41:53","guid":{"rendered":"https:\/\/france-gastronomie.shop\/produit\/petit-camembert\/"},"modified":"2024-12-04T14:09:53","modified_gmt":"2024-12-04T14:09:53","slug":"petit-camembert","status":"publish","type":"product","link":"https:\/\/france-gastronomie.shop\/cs\/produit\/petit-camembert\/","title":{"rendered":"Petit Camembert <br\/> Isigny sur Mer"},"content":{"rendered":"<h5>Petit Camembert<\/h5>\n<p>Tento mal\u00fd camembert se vyr\u00e1b\u00ed z nepasterizovan\u00e9ho normandsk\u00e9ho ml\u00e9ka z vybran\u00fdch farem podle nej\u010dist\u0161\u00ed tradice v Isigny-sur-Mer v Calvadosu v Normandii.<\/p>\n","protected":false},"excerpt":{"rendered":"<h5>Petit Camembert<\/h5>\n<p>150g<br \/>\nTento mal\u00fd camembert se vyr\u00e1b\u00ed z nepasterizovan\u00e9ho normandsk\u00e9ho ml\u00e9ka z vybran\u00fdch farem podle nej\u010dist\u0161\u00ed tradice v Isigny-sur-Mer v Calvadosu v Normandii.<\/p>\n","protected":false},"featured_media":26012,"comment_status":"open","ping_status":"closed","template":"","meta":[],"product_brand":[],"product_cat":[777,642,446],"product_tag":[],"class_list":{"0":"post-16987","1":"product","2":"type-product","3":"status-publish","4":"has-post-thumbnail","6":"product_cat-cerstve-produkty","7":"product_cat-z-kravskeho-mleka","8":"product_cat-syry-cerstve-produkty","10":"first","11":"outofstock","12":"taxable","13":"shipping-taxable","14":"purchasable","15":"product-type-simple"},"jetpack_sharing_enabled":true,"_links":{"self":[{"href":"https:\/\/france-gastronomie.shop\/cs\/wp-json\/wp\/v2\/product\/16987","targetHints":{"allow":["GET"]}}],"collection":[{"href":"https:\/\/france-gastronomie.shop\/cs\/wp-json\/wp\/v2\/product"}],"about":[{"href":"https:\/\/france-gastronomie.shop\/cs\/wp-json\/wp\/v2\/types\/product"}],"replies":[{"embeddable":true,"href":"https:\/\/france-gastronomie.shop\/cs\/wp-json\/wp\/v2\/comments?post=16987"}],"wp:featuredmedia":[{"embeddable":true,"href":"https:\/\/france-gastronomie.shop\/cs\/wp-json\/wp\/v2\/media\/26012"}],"wp:attachment":[{"href":"https:\/\/france-gastronomie.shop\/cs\/wp-json\/wp\/v2\/media?parent=16987"}],"wp:term":[{"taxonomy":"product_brand","embeddable":true,"href":"https:\/\/france-gastronomie.shop\/cs\/wp-json\/wp\/v2\/product_brand?post=16987"},{"taxonomy":"product_cat","embeddable":true,"href":"https:\/\/france-gastronomie.shop\/cs\/wp-json\/wp\/v2\/product_cat?post=16987"},{"taxonomy":"product_tag","embeddable":true,"href":"https:\/\/france-gastronomie.shop\/cs\/wp-json\/wp\/v2\/product_tag?post=16987"}],"curies":[{"name":"wp","href":"https:\/\/api.w.org\/{rel}","templated":true}]}}