{"id":16978,"date":"2023-12-06T13:36:58","date_gmt":"2023-12-06T13:36:58","guid":{"rendered":"https:\/\/france-gastronomie.shop\/produit\/petit-brillat-savarin\/"},"modified":"2026-03-17T14:24:42","modified_gmt":"2026-03-17T13:24:42","slug":"petit-brillat-savarin","status":"publish","type":"product","link":"https:\/\/france-gastronomie.shop\/cs\/produit\/petit-brillat-savarin\/","title":{"rendered":"Mal\u00fd Brillat Savarin <br\/> ze syrov\u00e9ho ml\u00e9ka"},"content":{"rendered":"<h5>Mal\u00fd Brillat Savarin ze syrov\u00e9ho ml\u00e9ka<\/h5>\n<p>hmotnost: 100g<\/p>\n","protected":false},"excerpt":{"rendered":"<h5>Mal\u00fd Brillat Savarin ze syrov\u00e9ho ml\u00e9ka<\/h5>\n<p>Brillat-Savarin je s\u00fdr s trojit\u00fdm kr\u00e9mem, kter\u00fd je jemn\u00fd na jazyku a nejl\u00e9pe se konzumuje mlad\u00fd a chlazen\u00fd.<br \/>\nVyr\u00e1b\u00ed se v Normandii a Burgundsku ze syrov\u00e9ho kravsk\u00e9ho ml\u00e9ka.<\/p>\n<p>Oblast: Burgundsko<\/p>\n<p>Syrov\u00e9 kravsk\u00e9 ml\u00e9ko<\/p>\n<p>M\u011bkk\u00fd kr\u00e9mov\u00fd s\u00fdr<\/p>\n<p>Alergeny: ml\u00e9ko<\/p>\n","protected":false},"featured_media":17193,"comment_status":"open","ping_status":"closed","template":"","meta":[],"product_brand":[],"product_cat":[777,642,446],"product_tag":[],"class_list":{"0":"post-16978","1":"product","2":"type-product","3":"status-publish","4":"has-post-thumbnail","6":"product_cat-cerstve-produkty","7":"product_cat-z-kravskeho-mleka","8":"product_cat-syry-cerstve-produkty","10":"first","11":"outofstock","12":"taxable","13":"shipping-taxable","14":"purchasable","15":"product-type-simple"},"jetpack_sharing_enabled":true,"_links":{"self":[{"href":"https:\/\/france-gastronomie.shop\/cs\/wp-json\/wp\/v2\/product\/16978","targetHints":{"allow":["GET"]}}],"collection":[{"href":"https:\/\/france-gastronomie.shop\/cs\/wp-json\/wp\/v2\/product"}],"about":[{"href":"https:\/\/france-gastronomie.shop\/cs\/wp-json\/wp\/v2\/types\/product"}],"replies":[{"embeddable":true,"href":"https:\/\/france-gastronomie.shop\/cs\/wp-json\/wp\/v2\/comments?post=16978"}],"wp:featuredmedia":[{"embeddable":true,"href":"https:\/\/france-gastronomie.shop\/cs\/wp-json\/wp\/v2\/media\/17193"}],"wp:attachment":[{"href":"https:\/\/france-gastronomie.shop\/cs\/wp-json\/wp\/v2\/media?parent=16978"}],"wp:term":[{"taxonomy":"product_brand","embeddable":true,"href":"https:\/\/france-gastronomie.shop\/cs\/wp-json\/wp\/v2\/product_brand?post=16978"},{"taxonomy":"product_cat","embeddable":true,"href":"https:\/\/france-gastronomie.shop\/cs\/wp-json\/wp\/v2\/product_cat?post=16978"},{"taxonomy":"product_tag","embeddable":true,"href":"https:\/\/france-gastronomie.shop\/cs\/wp-json\/wp\/v2\/product_tag?post=16978"}],"curies":[{"name":"wp","href":"https:\/\/api.w.org\/{rel}","templated":true}]}}