{"id":16970,"date":"2023-12-06T13:32:29","date_gmt":"2023-12-06T13:32:29","guid":{"rendered":"https:\/\/france-gastronomie.shop\/produit\/tendre-bleu\/"},"modified":"2023-12-20T00:17:07","modified_gmt":"2023-12-20T00:17:07","slug":"tendre-bleu","status":"publish","type":"product","link":"https:\/\/france-gastronomie.shop\/cs\/produit\/tendre-bleu\/","title":{"rendered":"Tendre Bleu &#8211; Bleu de Bresse"},"content":{"rendered":"<h5>Tendre Bleu &#8211; Bleu de Bresse<\/h5>\n<p>Hmotnost: 250g<\/p>\n","protected":false},"excerpt":{"rendered":"<h5>Tendre Bleu &#8211; Bleu de Bresse<\/h5>\n<p>Pod jemnou slonovinovou k\u016frou se skr\u00fdv\u00e1 kr\u00e9mov\u00fd, rozpl\u00fdvav\u00fd st\u0159ed poset\u00fd kr\u00e1sn\u00fdm modr\u00fdm mramorov\u00e1n\u00edm. M\u011bkk\u00fd a vyv\u00e1\u017een\u00fd s\u00fdr Tendre bleu jemn\u011b osciluje mezi slan\u00fdmi a ovocn\u00fdmi t\u00f3ny, co\u017e z n\u011bj \u010din\u00ed symbol na\u0161eho regionu.<br \/>\n<strong>Stejn\u011b jako u ostatn\u00edch s\u00fdr\u016f je d\u016fle\u017eit\u00e9 j\u00edst ho p\u0159i pokojov\u00e9 teplot\u011b, abyste ocenili v\u0161echny jeho chu\u0165ov\u00e9 nuance.<\/strong><\/p>\n<p>Oblast: Bresse<\/p>\n<p>Pasterizovan\u00e9 kravsk\u00e9 ml\u00e9ko<\/p>\n<p>M\u011bkk\u00fd \u017eilkovan\u00fd s\u00fdr s p\u0159irozenou kv\u011btnatou k\u016frou.<\/p>\n<p>Alergeny: ml\u00e9ko<\/p>\n","protected":false},"featured_media":17203,"comment_status":"open","ping_status":"closed","template":"","meta":[],"product_brand":[],"product_cat":[777,642,446],"product_tag":[],"class_list":{"0":"post-16970","1":"product","2":"type-product","3":"status-publish","4":"has-post-thumbnail","6":"product_cat-cerstve-produkty","7":"product_cat-z-kravskeho-mleka","8":"product_cat-syry-cerstve-produkty","10":"first","11":"instock","12":"taxable","13":"shipping-taxable","14":"purchasable","15":"product-type-simple"},"jetpack_sharing_enabled":true,"_links":{"self":[{"href":"https:\/\/france-gastronomie.shop\/cs\/wp-json\/wp\/v2\/product\/16970","targetHints":{"allow":["GET"]}}],"collection":[{"href":"https:\/\/france-gastronomie.shop\/cs\/wp-json\/wp\/v2\/product"}],"about":[{"href":"https:\/\/france-gastronomie.shop\/cs\/wp-json\/wp\/v2\/types\/product"}],"replies":[{"embeddable":true,"href":"https:\/\/france-gastronomie.shop\/cs\/wp-json\/wp\/v2\/comments?post=16970"}],"wp:featuredmedia":[{"embeddable":true,"href":"https:\/\/france-gastronomie.shop\/cs\/wp-json\/wp\/v2\/media\/17203"}],"wp:attachment":[{"href":"https:\/\/france-gastronomie.shop\/cs\/wp-json\/wp\/v2\/media?parent=16970"}],"wp:term":[{"taxonomy":"product_brand","embeddable":true,"href":"https:\/\/france-gastronomie.shop\/cs\/wp-json\/wp\/v2\/product_brand?post=16970"},{"taxonomy":"product_cat","embeddable":true,"href":"https:\/\/france-gastronomie.shop\/cs\/wp-json\/wp\/v2\/product_cat?post=16970"},{"taxonomy":"product_tag","embeddable":true,"href":"https:\/\/france-gastronomie.shop\/cs\/wp-json\/wp\/v2\/product_tag?post=16970"}],"curies":[{"name":"wp","href":"https:\/\/api.w.org\/{rel}","templated":true}]}}