{"id":16954,"date":"2023-12-06T13:16:19","date_gmt":"2023-12-06T13:16:19","guid":{"rendered":"https:\/\/france-gastronomie.shop\/produit\/reblochon-aop-fruitier\/"},"modified":"2026-03-04T09:27:15","modified_gmt":"2026-03-04T08:27:15","slug":"reblochon-aop-fruitier","status":"publish","type":"product","link":"https:\/\/france-gastronomie.shop\/cs\/produit\/reblochon-aop-fruitier\/","title":{"rendered":"Reblochon AOP <br\/> farm\u00e1\u0159sk\u00fd"},"content":{"rendered":"<h5>Reblochon AOP <span class=\"HwtZe\" lang=\"cs\"><span class=\"jCAhz ChMk0b\"><span class=\"ryNqvb\">farm\u00e1\u0159sk\u00fd <\/span><\/span><\/span><\/h5>\n","protected":false},"excerpt":{"rendered":"<h5>Reblochon AOP <span class=\"HwtZe\" lang=\"cs\"><span class=\"jCAhz ChMk0b\"><span class=\"ryNqvb\">farm\u00e1\u0159sk\u00fd <\/span><\/span><\/span><\/h5>\n<p>Ochutnejte jeden z nejkr\u00e9mov\u011bj\u0161\u00edch a nejcharakteristi\u010dt\u011bj\u0161\u00edch s\u00fdr\u016f regionu Savojsko. Vyr\u00e1b\u00ed se v\u00fdhradn\u011b z plnotu\u010dn\u00e9ho syrov\u00e9ho ml\u00e9ka.<br \/>\nM\u00e1 jemnou, decentn\u00ed chu\u0165 s n\u00e1dechem l\u00edskov\u00fdch o\u0159\u00ed\u0161k\u016f.<\/p>\n","protected":false},"featured_media":20531,"comment_status":"open","ping_status":"closed","template":"","meta":[],"product_brand":[],"product_cat":[777,642,446],"product_tag":[],"class_list":{"0":"post-16954","1":"product","2":"type-product","3":"status-publish","4":"has-post-thumbnail","6":"product_cat-cerstve-produkty","7":"product_cat-z-kravskeho-mleka","8":"product_cat-syry-cerstve-produkty","10":"first","11":"instock","12":"taxable","13":"shipping-taxable","14":"purchasable","15":"product-type-variable"},"jetpack_sharing_enabled":true,"_links":{"self":[{"href":"https:\/\/france-gastronomie.shop\/cs\/wp-json\/wp\/v2\/product\/16954","targetHints":{"allow":["GET"]}}],"collection":[{"href":"https:\/\/france-gastronomie.shop\/cs\/wp-json\/wp\/v2\/product"}],"about":[{"href":"https:\/\/france-gastronomie.shop\/cs\/wp-json\/wp\/v2\/types\/product"}],"replies":[{"embeddable":true,"href":"https:\/\/france-gastronomie.shop\/cs\/wp-json\/wp\/v2\/comments?post=16954"}],"wp:featuredmedia":[{"embeddable":true,"href":"https:\/\/france-gastronomie.shop\/cs\/wp-json\/wp\/v2\/media\/20531"}],"wp:attachment":[{"href":"https:\/\/france-gastronomie.shop\/cs\/wp-json\/wp\/v2\/media?parent=16954"}],"wp:term":[{"taxonomy":"product_brand","embeddable":true,"href":"https:\/\/france-gastronomie.shop\/cs\/wp-json\/wp\/v2\/product_brand?post=16954"},{"taxonomy":"product_cat","embeddable":true,"href":"https:\/\/france-gastronomie.shop\/cs\/wp-json\/wp\/v2\/product_cat?post=16954"},{"taxonomy":"product_tag","embeddable":true,"href":"https:\/\/france-gastronomie.shop\/cs\/wp-json\/wp\/v2\/product_tag?post=16954"}],"curies":[{"name":"wp","href":"https:\/\/api.w.org\/{rel}","templated":true}]}}