{"id":16948,"date":"2023-12-06T13:13:44","date_gmt":"2023-12-06T13:13:44","guid":{"rendered":"https:\/\/france-gastronomie.shop\/produit\/roquefort-tranche\/"},"modified":"2026-01-16T13:55:42","modified_gmt":"2026-01-16T12:55:42","slug":"roquefort-papillon-cerveny","status":"publish","type":"product","link":"https:\/\/france-gastronomie.shop\/cs\/produit\/roquefort-papillon-cerveny\/","title":{"rendered":"Roquefort Papillon <br\/> \u010derven\u00fd"},"content":{"rendered":"<h5>Roquefort Papillon \u010derven\u00fd<\/h5>\n<p>Hmotnost: 125g<\/p>\n","protected":false},"excerpt":{"rendered":"<h5>Roquefort Papillon \u010derven\u00fd<\/h5>\n<p>Tento rokf\u00f3r PAPILLON se vyzna\u010duje p\u0159edev\u0161\u00edm b\u00edlou hmotou a intenzivn\u00ed modrou barvou, kter\u00e1 bohat\u011b pokr\u00fdv\u00e1 jeho velk\u00e9 a \u010detn\u00e9 dutiny.<br \/>\nNa pat\u0159e se d\u00edky sv\u00e9 jemn\u00e9 a vl\u00e1\u010dn\u00e9 struktu\u0159e rozv\u00edj\u00ed lahodn\u00e1 chu\u0165, kter\u00e1 se rozpl\u00fdv\u00e1 v \u00fastech, s v\u00fdraznou, silnou a dlouhotrvaj\u00edc\u00ed chut\u00ed.<br \/>\n<strong>Stejn\u011b jako u ostatn\u00edch s\u00fdr\u016f je d\u016fle\u017eit\u00e9 j\u00edst ho p\u0159i pokojov\u00e9 teplot\u011b, abyste ocenili v\u0161echny jeho chu\u0165ov\u00e9 nuance.<\/strong><\/p>\n<p>Oblast: Aveyron<\/p>\n<p>Syrov\u00e9 plnotu\u010dn\u00e9 ov\u010d\u00ed ml\u00e9ko<\/p>\n<p>S\u00fdr s modrou pl\u00edsn\u00ed<\/p>\n<p>Alergeny: ml\u00e9ko<\/p>\n","protected":false},"featured_media":17176,"comment_status":"open","ping_status":"closed","template":"","meta":[],"product_brand":[],"product_cat":[777,638,446],"product_tag":[],"class_list":{"0":"post-16948","1":"product","2":"type-product","3":"status-publish","4":"has-post-thumbnail","6":"product_cat-cerstve-produkty","7":"product_cat-z-ovciho-mleka","8":"product_cat-syry-cerstve-produkty","10":"first","11":"outofstock","12":"taxable","13":"shipping-taxable","14":"purchasable","15":"product-type-simple"},"jetpack_sharing_enabled":true,"_links":{"self":[{"href":"https:\/\/france-gastronomie.shop\/cs\/wp-json\/wp\/v2\/product\/16948","targetHints":{"allow":["GET"]}}],"collection":[{"href":"https:\/\/france-gastronomie.shop\/cs\/wp-json\/wp\/v2\/product"}],"about":[{"href":"https:\/\/france-gastronomie.shop\/cs\/wp-json\/wp\/v2\/types\/product"}],"replies":[{"embeddable":true,"href":"https:\/\/france-gastronomie.shop\/cs\/wp-json\/wp\/v2\/comments?post=16948"}],"wp:featuredmedia":[{"embeddable":true,"href":"https:\/\/france-gastronomie.shop\/cs\/wp-json\/wp\/v2\/media\/17176"}],"wp:attachment":[{"href":"https:\/\/france-gastronomie.shop\/cs\/wp-json\/wp\/v2\/media?parent=16948"}],"wp:term":[{"taxonomy":"product_brand","embeddable":true,"href":"https:\/\/france-gastronomie.shop\/cs\/wp-json\/wp\/v2\/product_brand?post=16948"},{"taxonomy":"product_cat","embeddable":true,"href":"https:\/\/france-gastronomie.shop\/cs\/wp-json\/wp\/v2\/product_cat?post=16948"},{"taxonomy":"product_tag","embeddable":true,"href":"https:\/\/france-gastronomie.shop\/cs\/wp-json\/wp\/v2\/product_tag?post=16948"}],"curies":[{"name":"wp","href":"https:\/\/api.w.org\/{rel}","templated":true}]}}