{"id":16945,"date":"2023-12-06T13:05:44","date_gmt":"2023-12-06T13:05:44","guid":{"rendered":"https:\/\/france-gastronomie.shop\/produit\/le-barisien-nature\/"},"modified":"2026-03-04T09:27:14","modified_gmt":"2026-03-04T08:27:14","slug":"le-barisien-nature","status":"publish","type":"product","link":"https:\/\/france-gastronomie.shop\/cs\/produit\/le-barisien-nature\/","title":{"rendered":"Le Barisien <br\/> p\u0159\u00edrodn\u00ed"},"content":{"rendered":"<h5>Le Barisien p\u0159\u00edrodn\u00ed<\/h5>\n<p>&nbsp;<\/p>\n","protected":false},"excerpt":{"rendered":"<h5>Le Barisien p\u0159\u00edrodn\u00ed<\/h5>\n<p>Trojit\u00fd smetanov\u00fd s\u00fdr ze syrov\u00e9ho kravsk\u00e9ho ml\u00e9ka. Po zr\u00e1n\u00ed se objev\u00ed b\u00edl\u00e1 nafoukl\u00e1 k\u016fra. M\u00e1 jemnou, m\u00e1slovou chu\u0165 se<br \/>\nzemit\u00fdmi t\u00f3ny. Vyr\u00e1b\u00ed se tradi\u010dn\u00ed metodou ru\u010dn\u00edho kr\u00e1jen\u00ed s\u00fd\u0159eniny.<\/p>\n<p><strong>Stejn\u011b jako u v\u0161ech s\u00fdr\u016f je d\u016fle\u017eit\u00e9 j\u00edst ho p\u0159i pokojov\u00e9 teplot\u011b, abyste ocenili v\u0161echny jeho chu\u0165ov\u00e9 nuance.<\/strong><\/p>\n<p>Oblast: Centre, Burgundsko<\/p>\n<p>Syrov\u00e9 kravsk\u00e9 ml\u00e9ko<\/p>\n<p>M\u011bkk\u00fd s\u00fdr s nafouklou k\u016frkou<\/p>\n<p>Alergeny: ml\u00e9ko<\/p>\n","protected":false},"featured_media":17280,"comment_status":"open","ping_status":"closed","template":"","meta":[],"product_brand":[],"product_cat":[777,642,446],"product_tag":[],"class_list":{"0":"post-16945","1":"product","2":"type-product","3":"status-publish","4":"has-post-thumbnail","6":"product_cat-cerstve-produkty","7":"product_cat-z-kravskeho-mleka","8":"product_cat-syry-cerstve-produkty","10":"first","11":"instock","12":"taxable","13":"shipping-taxable","14":"purchasable","15":"product-type-variable"},"jetpack_sharing_enabled":true,"_links":{"self":[{"href":"https:\/\/france-gastronomie.shop\/cs\/wp-json\/wp\/v2\/product\/16945","targetHints":{"allow":["GET"]}}],"collection":[{"href":"https:\/\/france-gastronomie.shop\/cs\/wp-json\/wp\/v2\/product"}],"about":[{"href":"https:\/\/france-gastronomie.shop\/cs\/wp-json\/wp\/v2\/types\/product"}],"replies":[{"embeddable":true,"href":"https:\/\/france-gastronomie.shop\/cs\/wp-json\/wp\/v2\/comments?post=16945"}],"wp:featuredmedia":[{"embeddable":true,"href":"https:\/\/france-gastronomie.shop\/cs\/wp-json\/wp\/v2\/media\/17280"}],"wp:attachment":[{"href":"https:\/\/france-gastronomie.shop\/cs\/wp-json\/wp\/v2\/media?parent=16945"}],"wp:term":[{"taxonomy":"product_brand","embeddable":true,"href":"https:\/\/france-gastronomie.shop\/cs\/wp-json\/wp\/v2\/product_brand?post=16945"},{"taxonomy":"product_cat","embeddable":true,"href":"https:\/\/france-gastronomie.shop\/cs\/wp-json\/wp\/v2\/product_cat?post=16945"},{"taxonomy":"product_tag","embeddable":true,"href":"https:\/\/france-gastronomie.shop\/cs\/wp-json\/wp\/v2\/product_tag?post=16945"}],"curies":[{"name":"wp","href":"https:\/\/api.w.org\/{rel}","templated":true}]}}