{"id":16910,"date":"2023-12-05T15:46:18","date_gmt":"2023-12-05T15:46:18","guid":{"rendered":"https:\/\/france-gastronomie.shop\/produit\/tomme-kozi-cremeuse\/"},"modified":"2024-06-06T10:03:20","modified_gmt":"2024-06-06T10:03:20","slug":"tomme-kozi-cremeuse","status":"publish","type":"product","link":"https:\/\/france-gastronomie.shop\/cs\/produit\/tomme-kozi-cremeuse\/","title":{"rendered":"Tomme kozi <br\/> kr\u00e9mov\u00fd"},"content":{"rendered":"<h5>Tomme kozi kr\u00e9mov\u00fd<\/h5>\n","protected":false},"excerpt":{"rendered":"<h5>Tomme kozi kr\u00e9mov\u00fd<\/h5>\n<p>Jedn\u00e1 se o atypick\u00fd tomme, kter\u00fd se vyzna\u010duje jemnost\u00ed a b\u011blost\u00ed a dobou zr\u00e1n\u00ed 4 a\u017e 6 m\u011bs\u00edc\u016f.<br \/>\nJeho kr\u00e9mov\u00e1 struktura a \u010dern\u00e1, lehce karamelizovan\u00e1 barva zv\u00fdraz\u0148uj\u00ed na pat\u0159e jemnou chu\u0165 koz\u00edho s\u00fdra.<br \/>\n<strong>Stejn\u011b jako u v\u0161ech s\u00fdr\u016f je d\u016fle\u017eit\u00e9 j\u00edst ho p\u0159i pokojov\u00e9 teplot\u011b, abyste ocenili v\u0161echny jeho chu\u0165ov\u00e9 nuance.<\/strong><\/p>\n<p>Oblast: Cher<\/p>\n<p>Pasterizovan\u00e9 koz\u00ed ml\u00e9ko<\/p>\n<p>Lisovan\u00fd va\u0159en\u00fd s\u00fdr<\/p>\n<p>Alergeny: ml\u00e9ko<\/p>\n","protected":false},"featured_media":24773,"comment_status":"open","ping_status":"closed","template":"","meta":[],"product_brand":[],"product_cat":[777,647,446],"product_tag":[],"class_list":{"0":"post-16910","1":"product","2":"type-product","3":"status-publish","4":"has-post-thumbnail","6":"product_cat-cerstve-produkty","7":"product_cat-z-koziho-mleka","8":"product_cat-syry-cerstve-produkty","10":"first","11":"instock","12":"taxable","13":"shipping-taxable","14":"product-type-variable"},"jetpack_sharing_enabled":true,"_links":{"self":[{"href":"https:\/\/france-gastronomie.shop\/cs\/wp-json\/wp\/v2\/product\/16910","targetHints":{"allow":["GET"]}}],"collection":[{"href":"https:\/\/france-gastronomie.shop\/cs\/wp-json\/wp\/v2\/product"}],"about":[{"href":"https:\/\/france-gastronomie.shop\/cs\/wp-json\/wp\/v2\/types\/product"}],"replies":[{"embeddable":true,"href":"https:\/\/france-gastronomie.shop\/cs\/wp-json\/wp\/v2\/comments?post=16910"}],"wp:featuredmedia":[{"embeddable":true,"href":"https:\/\/france-gastronomie.shop\/cs\/wp-json\/wp\/v2\/media\/24773"}],"wp:attachment":[{"href":"https:\/\/france-gastronomie.shop\/cs\/wp-json\/wp\/v2\/media?parent=16910"}],"wp:term":[{"taxonomy":"product_brand","embeddable":true,"href":"https:\/\/france-gastronomie.shop\/cs\/wp-json\/wp\/v2\/product_brand?post=16910"},{"taxonomy":"product_cat","embeddable":true,"href":"https:\/\/france-gastronomie.shop\/cs\/wp-json\/wp\/v2\/product_cat?post=16910"},{"taxonomy":"product_tag","embeddable":true,"href":"https:\/\/france-gastronomie.shop\/cs\/wp-json\/wp\/v2\/product_tag?post=16910"}],"curies":[{"name":"wp","href":"https:\/\/api.w.org\/{rel}","templated":true}]}}