{"id":1689,"date":"2025-11-23T08:43:46","date_gmt":"2020-08-26T08:43:46","guid":{"rendered":"https:\/\/france-gastronomie.shop\/produit\/cellier-des-princes-magnumchateauneuf-du-pape\/"},"modified":"2025-11-24T15:04:53","modified_gmt":"2025-11-24T15:04:53","slug":"cellier-des-princes-magnumchateauneuf-du-pape","status":"publish","type":"product","link":"https:\/\/france-gastronomie.shop\/cs\/produit\/cellier-des-princes-magnumchateauneuf-du-pape\/","title":{"rendered":"AOC Ch\u00e2teauneuf du Pape <br\/> Cellier des princes 2023"},"content":{"rendered":"<h5>Cellier des princes<\/h5>\n<h5>AOC Ch\u00e2teauneuf du Pape<\/h5>\n<p>Terroir<br \/>\nJ\u00edlov\u00e1 a k\u0159emi\u010dit\u00e1 p\u016fda s ov\u00e1ln\u00fdmi obl\u00e1zky<\/p>\n<p>Vinifikace<br \/>\nPe\u010dliv\u00e9 pro\u0159ez\u00e1v\u00e1n\u00ed, odstra\u0148ov\u00e1n\u00ed v\u00fdhonk\u016f a list\u016f a zelen\u00e1 sklize\u0148. Ru\u010dn\u00ed sb\u011br p\u0159i vrcholn\u00e9 zralosti a rychl\u00e1 doprava v mal\u00fdch p\u0159epravk\u00e1ch do vina\u0159stv\u00ed, aby se p\u0159ede\u0161lo \u00faniku \u0161\u0165\u00e1vy a oxidaci. Obr\u00e1n\u00ed, vyluhov\u00e1n\u00ed 4 a\u017e 5 t\u00fddn\u016f, p\u0159e\u010derp\u00e1v\u00e1n\u00ed a denn\u00ed vyj\u00edm\u00e1n\u00ed.<br \/>\n\u0158\u00edzen\u00e1 teplota 28\u00b0 a\u017e 30 \u00b0C.<\/p>\n<p>Zr\u00e1n\u00ed<br \/>\n8-12 m\u011bs\u00edc\u016f v betonov\u00fdch n\u00e1dr\u017e\u00edch v z\u00e1vislosti na ro\u010dn\u00edku. Nepou\u017e\u00edvaj\u00ed se dubov\u00e9 sudy, aby se vyj\u00e1d\u0159ilo to nej\u010dist\u0161\u00ed z Grenache a z p\u016fdy.<\/p>\n<p>Odr\u016fdy<br \/>\nGrenache 90%, Mourv\u00e8dre 5 %, Syrah 5 %<\/p>\n<p>Pozn\u00e1mky k degustaci<br \/>\nToto rub\u00ednov\u011b \u010derven\u00e9 v\u00edno je velmi komplexn\u00ed a elegantn\u00ed s v\u016fn\u011bmi \u010derven\u00e9ho ryb\u00edzu, \u010derven\u00fdch a \u010dern\u00fdch bobul\u00ed s ko\u0159en\u011bn\u00fdmi tony jako je levandule, tymi\u00e1n a rozmar\u00fdn. Vynikaj\u00edc\u00ed vyv\u00e1\u017eenost v \u00fastech, taniny jsou elegantn\u00ed a hedv\u00e1bn\u00e9.<\/p>\n<p>St\u00e1\u010deno do lahv\u00ed<br \/>\nve vina\u0159stv\u00ed<\/p>\n<p>Rady k degustaci<br \/>\nM\u016f\u017eete si ho vychutnat hned nebo ho m\u016f\u017eete uchov\u00e1vat 5-8 let. Pod\u00e1vejte p\u0159i 16\u00b0-18\u00b0C<\/p>\n<p>Doporu\u010den\u00ed<br \/>\nOcen\u00edte ho k pe\u010den\u00fdm a du\u0161en\u00fdm mas\u016fm, zv\u011b\u0159in\u011b a bude vynikaj\u00edc\u00ed k s\u00fdr\u016fm.<\/p>\n","protected":false},"excerpt":{"rendered":"<h5>AOC Ch\u00e2teauneuf du Pape<\/h5>\n<p>V roce 1925 se spojila skupina vina\u0159\u016f p\u0159esv\u011bd\u010den\u00fdch o hodnot\u00e1ch solidarity a vz\u00e1jemn\u00e9 pomoci. O jeden\u00e1ct let pozd\u011bji se tito vizion\u00e1\u0159\u0161t\u00ed vina\u0159i pod\u00edleli na vytvo\u0159en\u00ed prvn\u00ed apelace ve Francii: CH\u00c2TEAUNEUF-DU-PAPE.<br \/>\n189 vina\u0159\u016f z CELLIER DES PRINCES, kte\u0159\u00ed byli na po\u010d\u00e1tku sjednoceni, je hrd\u00fdch na to, \u017ee mohou sv\u00e1 v\u00edna prod\u00e1vat na v\u0161ech p\u011bti kontinentech a p\u0159ed\u00e1vat sv\u00e9 hodnoty, jako je pohostinnost a dokonalost.<\/p>\n<p>Odr\u016fdy<br \/>\nGrenache 90%, Mourv\u00e8dre 5 %, Syrah 5 %<\/p>\n","protected":false},"featured_media":1675,"comment_status":"closed","ping_status":"closed","template":"","meta":[],"product_brand":[],"product_cat":[383,389,394,435,436,385,388],"product_tag":[],"class_list":{"0":"post-1689","1":"product","2":"type-product","3":"status-publish","4":"has-post-thumbnail","6":"product_cat-vina","7":"product_cat-spickova-vina","8":"product_cat-regiony","9":"product_cat-vallee-du-rhone-cs","10":"product_cat-chateauneuf-du-pape-cs","11":"product_cat-barva","12":"product_cat-cervena-vina","14":"first","15":"instock","16":"taxable","17":"shipping-taxable","18":"purchasable","19":"product-type-simple"},"jetpack_sharing_enabled":true,"_links":{"self":[{"href":"https:\/\/france-gastronomie.shop\/cs\/wp-json\/wp\/v2\/product\/1689","targetHints":{"allow":["GET"]}}],"collection":[{"href":"https:\/\/france-gastronomie.shop\/cs\/wp-json\/wp\/v2\/product"}],"about":[{"href":"https:\/\/france-gastronomie.shop\/cs\/wp-json\/wp\/v2\/types\/product"}],"replies":[{"embeddable":true,"href":"https:\/\/france-gastronomie.shop\/cs\/wp-json\/wp\/v2\/comments?post=1689"}],"wp:featuredmedia":[{"embeddable":true,"href":"https:\/\/france-gastronomie.shop\/cs\/wp-json\/wp\/v2\/media\/1675"}],"wp:attachment":[{"href":"https:\/\/france-gastronomie.shop\/cs\/wp-json\/wp\/v2\/media?parent=1689"}],"wp:term":[{"taxonomy":"product_brand","embeddable":true,"href":"https:\/\/france-gastronomie.shop\/cs\/wp-json\/wp\/v2\/product_brand?post=1689"},{"taxonomy":"product_cat","embeddable":true,"href":"https:\/\/france-gastronomie.shop\/cs\/wp-json\/wp\/v2\/product_cat?post=1689"},{"taxonomy":"product_tag","embeddable":true,"href":"https:\/\/france-gastronomie.shop\/cs\/wp-json\/wp\/v2\/product_tag?post=1689"}],"curies":[{"name":"wp","href":"https:\/\/api.w.org\/{rel}","templated":true}]}}