{"id":1671,"date":"2020-08-17T10:33:10","date_gmt":"2020-08-17T10:33:10","guid":{"rendered":"https:\/\/france-gastronomie.shop\/produit\/chateau-serilhan-saint-estephe\/"},"modified":"2024-12-19T12:23:49","modified_gmt":"2024-12-19T12:23:49","slug":"chateau-serilhan-saint-estephe","status":"publish","type":"product","link":"https:\/\/france-gastronomie.shop\/cs\/produit\/chateau-serilhan-saint-estephe\/","title":{"rendered":"Ch\u00e2teau Serilhan <br\/> Saint-Est\u00e8phe"},"content":{"rendered":"<h5>Ch\u00e2teau Serilhan<\/h5>\n<h5>AOC Saint-Est\u00e8phe<\/h5>\n<p>P\u016fvod &#8211; poloha<br \/>\nV roce 2003 a po 20 letech pr\u00e1ce v high-tech obchodu p\u0159evzal Didier Marcelis rodinn\u00e9 vina\u0159stv\u00ed, kter\u00e9 zalo\u017eil v roce 1982 jeho d\u011bde\u010dek Louis Merlet a pozd\u011bji vedli jeho rodi\u010de. Nach\u00e1z\u00ed se z\u00e1padn\u011b od Saint-Est\u00e8phe, v srdci regionu M\u00e9doc a pro\u0161lo v\u00fdznamn\u00fdmi p\u0159estavbami. Didier Marcelis vyu\u017eil pomoci talentovan\u00fdch vina\u0159\u016f: Philippa Lespyho a pot\u00e9 Bernarda Franca jako technick\u00fdch \u0159editel\u016f a Huberta de Bo\u00fcard jako konzultanta. Roz\u0161\u00ed\u0159il vinice o rozloze 9 a\u017e 24 hektar\u016f, v\u010detn\u011b Ch\u00e2teau Moutinot a Ch\u00e2teau Mignot (druh\u00e9 a t\u0159et\u00ed v\u00edno tohoto vina\u0159stv\u00ed), znovu os\u00e1zel kolem stovky pozemk\u016f a obnovil z\u00e1soby sud\u016f a vybaven\u00ed sklep\u016f.<br \/>\nTato pr\u00e1ce p\u0159in\u00e1\u0161\u00ed nyn\u00ed sv\u00e9 plody a Ch\u00e2teau S\u00e9rilhan si vybudovalo pov\u011bst jednoho z nejpresti\u017en\u011bj\u0161\u00edch a nejuzn\u00e1van\u011bj\u0161\u00edch Cru Bourgeois.<br \/>\nMajitel vina\u0159stv\u00ed usiluje o v\u00fdrobu \u010derstv\u00e9ho, ovocn\u00e9ho a harmonick\u00e9ho v\u00edna. Tento profil je inspirov\u00e1n knihou &#8220; OEnologue dans le si\u00e8cle&#8220; od Emila Peynauda, kter\u00e1 popisovala v\u00edna Saint-Est\u00e8phe v roce 1930. V\u00edno je v\u011b\u010dn\u00e1 obnova.<br \/>\nVinice se skl\u00e1daj\u00ed z n\u011bkolika parcel, kter\u00e9 se nach\u00e1zej\u00ed na sv\u016fdn\u011b pojmenovan\u00fdch m\u00edstech zvan\u00fdch Marbuzet, Boc a Pez.<br \/>\nJsou zasazeny do vynikaj\u00edc\u00edch p\u016fd slo\u017een\u00fdch z gunzi\u00e1nsk\u00e9ho \u0161t\u011brku, j\u00edlu a v\u00e1pence.<\/p>\n<p>Vinifikace<br \/>\nP\u011bstov\u00e1n\u00ed: udr\u017eiteln\u00e9 metody pro\u0159ez\u00e1v\u00e1n\u00ed, zv\u00fd\u0161en\u00ed plochy list\u00ed, obd\u011bl\u00e1v\u00e1n\u00ed p\u016fdy, biochemick\u00e9 profilov\u00e1n\u00ed pozemk\u016f, zatravn\u011bn\u00ed, organick\u00fd kompost, zten\u010dov\u00e1n\u00ed, prosv\u011btlov\u00e1n\u00ed a odstra\u0148ov\u00e1n\u00ed list\u016f. Ru\u010dn\u00ed sklize\u0148, t\u0159\u00edd\u011bn\u00ed na vibra\u010dn\u00edch stolech a odstopkov\u00e1n\u00ed.<br \/>\nTradi\u010dn\u00ed vinifikace po \u010d\u00e1stech v d\u0159ev\u011bn\u00fdch, cementov\u00fdch a nerezov\u00fdch n\u00e1dr\u017e\u00edch s p\u0159e\u010derp\u00e1v\u00e1n\u00edm, procesem \u201erack and return\u201c a propichov\u00e1n\u00edm slupek. P\u0159edfermenta\u010dn\u00ed vyluhov\u00e1n\u00ed za studena po dobu n\u011bkolika dn\u00ed, inertizovan\u00e9 pou\u017eit\u00edm such\u00e9ho ledu.<br \/>\nVyb\u00edr\u00e1n\u00ed z n\u00e1dr\u017e\u00ed pomoc\u00ed pneumatick\u00e9ho lisu. Malolaktick\u00e1 fermentace \u010d\u00e1ste\u010dn\u011b v sudech.<br \/>\nVinifikov\u00e1no celkem ve 40 dubov\u00fdch sudech.<br \/>\nZr\u00e1n\u00ed 18 m\u011bs\u00edc\u016f v sudech Bordeaux, z nich\u017e t\u0159etina je ka\u017edoro\u010dn\u011b obm\u011b\u0148ov\u00e1na.<\/p>\n<p>Odr\u016fdy<br \/>\nCabernet Sauvignon 53%, Merlot 42%, Cabernet Franc 5%<\/p>\n<p>Degustace<br \/>\nP\u0159ekvapiv\u011b hlubok\u00e1 purpurov\u00e1 barva.<br \/>\nIntenzivn\u00ed, aromatick\u00e1 v\u016fn\u011b \u010dern\u00e9ho ovoce, k\u00e1vy a vanilky.<br \/>\nBohat\u00e9, hust\u00e1 a du\u017enat\u00e1 chu\u0165, v n\u00ed\u017e p\u0159evl\u00e1d\u00e1 zral\u00e9 ovoce a \u010dern\u00e1 t\u0159e\u0161e\u0148. Podlo\u017een\u00e1 jemn\u00fdmi, dob\u0159e zakulacen\u00fdmi taniny.<\/p>\n<p>Doporu\u010den\u00ed<br \/>\nToto v\u00edno je ide\u00e1ln\u00ed pod\u00e1vat k hov\u011bz\u00ed sv\u00ed\u010dkov\u00e9 v om\u00e1\u010dce z \u010derven\u00e9ho v\u00edna, telec\u00ed pe\u010deni, pe\u010den\u00e9mu holubovi nebo siln\u011b ochucen\u00fdm s\u00fdr\u016fm, jako jsou Epoisses.<\/p>\n<p>Teplota<br \/>\n17\u00b0C<\/p>\n<p>Ide\u00e1ln\u00ed roky pro pit\u00ed: od 2016 do 2019.<br \/>\nMo\u017enost zr\u00e1n\u00ed: do roku 2022.<\/p>\n<p>Ocen\u011bn\u00ed pro ro\u010dn\u00edk 2012<br \/>\nRobert Parker 87-88\/100<br \/>\nJames Suckling 87-88\/100<br \/>\nWine Enthusiast 90-92\/100<br \/>\nDecanter 16.25\/20<\/p>\n","protected":false},"excerpt":{"rendered":"<h5>AOC Saint-Est\u00e8phe<\/h5>\n<p>Maison Le Star je realizac\u00ed snu a vyj\u00e1d\u0159en\u00edm v\u00e1\u0161n\u011b.<br \/>\nObklopeni t\u00fdmem profesion\u00e1l\u016f, enolog\u016f a sommelier\u016f, kte\u0159\u00ed zaru\u010duj\u00ed kvalitu n\u00e1mi vyr\u00e1b\u011bn\u00fdch a vybran\u00fdch v\u00edn, nab\u00edz\u00edme budouc\u00edm milovn\u00edk\u016fm a znalc\u016fm v\u00edna z cel\u00e9ho sv\u011bta kvalitn\u00ed francouzsk\u00e1 v\u00edna za odpov\u00eddaj\u00edc\u00ed cenu.<\/p>\n<p>Odr\u016fdy<br \/>\nCabernet Sauvignon 53%, Merlot 42%, Cabernet Franc 5%<\/p>\n","protected":false},"featured_media":2057,"comment_status":"closed","ping_status":"closed","template":"","meta":[],"product_brand":[],"product_cat":[383,389,394,400,416,385,388],"product_tag":[],"class_list":{"0":"post-1671","1":"product","2":"type-product","3":"status-publish","4":"has-post-thumbnail","6":"product_cat-vina","7":"product_cat-spickova-vina","8":"product_cat-regiony","9":"product_cat-bordeaux-cs","10":"product_cat-saint-estephe-cs","11":"product_cat-barva","12":"product_cat-cervena-vina","14":"first","15":"instock","16":"taxable","17":"shipping-taxable","18":"purchasable","19":"product-type-simple"},"jetpack_sharing_enabled":true,"_links":{"self":[{"href":"https:\/\/france-gastronomie.shop\/cs\/wp-json\/wp\/v2\/product\/1671","targetHints":{"allow":["GET"]}}],"collection":[{"href":"https:\/\/france-gastronomie.shop\/cs\/wp-json\/wp\/v2\/product"}],"about":[{"href":"https:\/\/france-gastronomie.shop\/cs\/wp-json\/wp\/v2\/types\/product"}],"replies":[{"embeddable":true,"href":"https:\/\/france-gastronomie.shop\/cs\/wp-json\/wp\/v2\/comments?post=1671"}],"wp:featuredmedia":[{"embeddable":true,"href":"https:\/\/france-gastronomie.shop\/cs\/wp-json\/wp\/v2\/media\/2057"}],"wp:attachment":[{"href":"https:\/\/france-gastronomie.shop\/cs\/wp-json\/wp\/v2\/media?parent=1671"}],"wp:term":[{"taxonomy":"product_brand","embeddable":true,"href":"https:\/\/france-gastronomie.shop\/cs\/wp-json\/wp\/v2\/product_brand?post=1671"},{"taxonomy":"product_cat","embeddable":true,"href":"https:\/\/france-gastronomie.shop\/cs\/wp-json\/wp\/v2\/product_cat?post=1671"},{"taxonomy":"product_tag","embeddable":true,"href":"https:\/\/france-gastronomie.shop\/cs\/wp-json\/wp\/v2\/product_tag?post=1671"}],"curies":[{"name":"wp","href":"https:\/\/api.w.org\/{rel}","templated":true}]}}