{"id":1666,"date":"2020-08-26T05:00:23","date_gmt":"2020-08-26T05:00:23","guid":{"rendered":"https:\/\/france-gastronomie.shop\/?post_type=product&#038;p=1666"},"modified":"2024-05-16T13:18:23","modified_gmt":"2024-05-16T13:18:23","slug":"chateau-barberousse-imperialesaint-emilion","status":"publish","type":"product","link":"https:\/\/france-gastronomie.shop\/cs\/produit\/chateau-barberousse-imperialesaint-emilion\/","title":{"rendered":"AOC Saint-\u00c9milion <br\/> Ch\u00e2teau Barberousse 6L"},"content":{"rendered":"<h5>Ch\u00e2teau Barberousse IMPERIALE<\/h5>\n<h5>AOC Saint-\u00c9milion 6 litr\u016f<\/h5>\n<p>P\u016fvod<br \/>\nCh\u00e2teau Barberousse m\u00e1 velmi zvl\u00e1\u0161tn\u00ed p\u0159\u00edb\u011bh. Dostalo sv\u00e9 jm\u00e9no od slavn\u00e9ho pr\u00e1vn\u00edka Charlese Jean-Marie BARBAROUX, (18. stolet\u00ed) p\u016fvodem z Marseille. V t\u00e9to revolu\u010dn\u00ed dob\u011b byl politicky anga\u017eovan\u00fd, t\u011b\u0161il se zna\u010dn\u00e9 popularit\u011b ve sv\u00e9m domovsk\u00e9m m\u011bst\u011b a p\u0159idal se ke girondist\u016fm. Pot\u00e9, co byl obyvateli Marseille ud\u00e1n jako \u201ezr\u00e1dce\u201c, ode\u0161el do exilu do Normandie. Pozd\u011bji se rozhodl pro \u00fat\u011bk s p\u0159\u00e1teli do oblasti Bordeaux, na \u00fazem\u00ed Saint-\u00c9milion. Pan\u00ed Bouquey, Buzotova \u0161vagrov\u00e1, je ukr\u00fdvala ve sklep\u011b, kter\u00fd byl nedaleko tohoto slavn\u00e9ho z\u00e1mku. Nekone\u010dn\u00e9 \u010dek\u00e1n\u00ed a strach usp\u00ed\u0161ily jejich rozhodnut\u00ed zm\u011bnit m\u00edsto \u00fakrytu. Pan\u00ed Bouquey jim na\u0161la jin\u00fd \u00fakryt, ale i ten byli nuceni opustit. Po mnoha dnech putov\u00e1n\u00ed v p\u0159\u00edrod\u011b si mysleli, \u017ee je dopadnou str\u00e1\u017en\u00edci. Barbaroux u\u017e nevydr\u017eel tuto situaci a pokusil se o sebevra\u017edu, kter\u00e1 se mu nepovedla. Jeho p\u0159\u00e1tel\u00e9, kte\u0159\u00ed byli st\u00e1le na cest\u00e1ch, se vr\u00e1tili ho zachr\u00e1nit. Nikdo m\u00edstn\u00ed mu necht\u011bl pomoci a pozd\u011bji byl posl\u00e1n do v\u011bzen\u00ed do Castillonu. Byl popraven gilotinou v Bordeaux v roce 1794. Od t\u00e9 doby Ch\u00e2teau Barberousse pat\u0159\u00ed rodin\u011b Puyol\u016f: je rodinnou farmou 3 generace. 45let\u00e1 vinice nyn\u00ed zauj\u00edm\u00e1 7 hektar\u016f k\u0159emi\u010dit\u00e9 p\u016fdy.<\/p>\n<p>Vinifikace<br \/>\nPo kontrole zralosti se sklize\u0148 prov\u00e1d\u00ed pozemek po pozemku. Po 100% obr\u00e1n\u00ed se sklize\u0148 ochlad\u00ed na 8 \u00b0C a provede se p\u0159edfermentace na 72 hodin, aby se extrahovalo maximum barvy. Fermentace pak trv\u00e1 4 t\u00fddny se st\u00e1lou kontrolou teploty a kon\u010d\u00ed vyluhov\u00e1n\u00edm p\u0159i 30 \u00b0C.<br \/>\nVinifikace se prov\u00e1d\u00ed v\u00fdhradn\u011b pomoc\u00ed ty\u010d\u00ed. Pak v\u00edno zraje 12-14 m\u011bs\u00edc\u016f v dubov\u00fdch sudech.<\/p>\n<p>Odr\u016fdy<br \/>\nMerlot 80%, Cabernet Franc 10%, Cabernet Sauvignon 10%<\/p>\n<p>Degustace<br \/>\nBarva intenzivn\u00ed purpurov\u00e1. V\u016fn\u011b zral\u00e9ho ovoce s n\u00e1dechem vanilky.<br \/>\nChu\u0165 m\u00e1 hlubok\u00e9 a vytrval\u00e9 t\u00f3ny, kter\u00e9 pln\u011b vyjad\u0159uj\u00ed merlot.<\/p>\n<p>Doporu\u010den\u00ed<br \/>\nToto v\u00edno se perfektn\u011b hod\u00ed ke grilovan\u00fdm a pe\u010den\u00fdm mas\u016fm, zv\u011b\u0159in\u011b a mihul\u00edm.<\/p>\n<p>Teplota<br \/>\n17-19\u00b0C<\/p>\n","protected":false},"excerpt":{"rendered":"<h5>AOC Saint-\u00c9milion 6 litr\u016f<\/h5>\n<p>Maison Le Star je realizac\u00ed snu a vyj\u00e1d\u0159en\u00edm v\u00e1\u0161n\u011b.<br \/>\nObklopeni t\u00fdmem profesion\u00e1l\u016f, enolog\u016f a sommelier\u016f, kte\u0159\u00ed zaru\u010duj\u00ed kvalitu n\u00e1mi vyr\u00e1b\u011bn\u00fdch a vybran\u00fdch v\u00edn, nab\u00edz\u00edme budouc\u00edm milovn\u00edk\u016fm a znalc\u016fm v\u00edna z cel\u00e9ho sv\u011bta kvalitn\u00ed francouzsk\u00e1 v\u00edna za odpov\u00eddaj\u00edc\u00ed cenu.<\/p>\n<p>Odr\u016fdy<br \/>\nMerlot 80%, Cabernet Franc 10%, Cabernet Sauvignon 10%<\/p>\n<p>&nbsp;<\/p>\n","protected":false},"featured_media":2047,"comment_status":"closed","ping_status":"closed","template":"","meta":[],"product_brand":[],"product_cat":[383,389,394,400,414,385,388],"product_tag":[],"class_list":{"0":"post-1666","1":"product","2":"type-product","3":"status-publish","4":"has-post-thumbnail","6":"product_cat-vina","7":"product_cat-spickova-vina","8":"product_cat-regiony","9":"product_cat-bordeaux-cs","10":"product_cat-saint-emilion-cs","11":"product_cat-barva","12":"product_cat-cervena-vina","14":"first","15":"outofstock","16":"taxable","17":"shipping-taxable","18":"purchasable","19":"product-type-simple"},"jetpack_sharing_enabled":true,"_links":{"self":[{"href":"https:\/\/france-gastronomie.shop\/cs\/wp-json\/wp\/v2\/product\/1666","targetHints":{"allow":["GET"]}}],"collection":[{"href":"https:\/\/france-gastronomie.shop\/cs\/wp-json\/wp\/v2\/product"}],"about":[{"href":"https:\/\/france-gastronomie.shop\/cs\/wp-json\/wp\/v2\/types\/product"}],"replies":[{"embeddable":true,"href":"https:\/\/france-gastronomie.shop\/cs\/wp-json\/wp\/v2\/comments?post=1666"}],"wp:featuredmedia":[{"embeddable":true,"href":"https:\/\/france-gastronomie.shop\/cs\/wp-json\/wp\/v2\/media\/2047"}],"wp:attachment":[{"href":"https:\/\/france-gastronomie.shop\/cs\/wp-json\/wp\/v2\/media?parent=1666"}],"wp:term":[{"taxonomy":"product_brand","embeddable":true,"href":"https:\/\/france-gastronomie.shop\/cs\/wp-json\/wp\/v2\/product_brand?post=1666"},{"taxonomy":"product_cat","embeddable":true,"href":"https:\/\/france-gastronomie.shop\/cs\/wp-json\/wp\/v2\/product_cat?post=1666"},{"taxonomy":"product_tag","embeddable":true,"href":"https:\/\/france-gastronomie.shop\/cs\/wp-json\/wp\/v2\/product_tag?post=1666"}],"curies":[{"name":"wp","href":"https:\/\/api.w.org\/{rel}","templated":true}]}}