{"id":16617,"date":"2023-12-01T11:35:08","date_gmt":"2023-12-01T11:35:08","guid":{"rendered":"https:\/\/france-gastronomie.shop\/produit\/cerveny-rybiz-zele\/"},"modified":"2023-12-20T00:25:38","modified_gmt":"2023-12-20T00:25:38","slug":"cerveny-rybiz-zele","status":"publish","type":"product","link":"https:\/\/france-gastronomie.shop\/cs\/produit\/cerveny-rybiz-zele\/","title":{"rendered":"\u010cerven\u00fd ryb\u00edz <br\/> \u017eel\u00e9"},"content":{"rendered":"<h5>\u017del\u00e9 z \u010derven\u00e9ho ryb\u00edzu BIO<\/h5>\n<h5>BIOLOKLOCK<\/h5>\n<p>Vyrobeno z francouzsk\u00e9ho ryb\u00edzu, neobsahuje \u017e\u00e1dn\u00e9 \u017eel\u00edrovac\u00ed l\u00e1tky.<\/p>\n<p>Toto \u017eel\u00e9 je zabaleno v elegantn\u00ed 180g recyklovateln\u00e9 sklenici.<br \/>\nToto \u017eel\u00e9 je stejn\u011b chutn\u00e9 ke sn\u00eddani na toastu nebo jako hlavn\u00ed j\u00eddlo ve sladk\u00fdch i slan\u00fdch pokrmech nebo dezertech.<br \/>\nV\u0161echny na\u0161e \u017eel\u00e9 jsou p\u0159ipravov\u00e1ny postaru, v mal\u00e9m mno\u017estv\u00ed, nad\u0161enci ekologick\u00e9ho zem\u011bd\u011blstv\u00ed, respektu k \u017eivotn\u00edmu prost\u0159ed\u00ed a zdrav\u00ed; rodinn\u00e9 d\u011bdictv\u00ed je p\u0159ed\u00e1van\u00e9 z generace na generaci.<\/p>\n<p>V\u00fdhody<br \/>\n\u010cerven\u00fd ryb\u00edz, kter\u00fd je pln\u00fd \u0161\u0165\u00e1vy, m\u00e1 lehce pikantn\u00ed chu\u0165. Je osv\u011b\u017euj\u00edc\u00ed, zah\u00e1n\u00ed \u017e\u00edze\u0148 a hod\u00ed se jako aperitiv.<br \/>\n\u010cerven\u00fd ryb\u00edz obsahuje vl\u00e1kninu, ho\u0159\u010d\u00edk, v\u00e1pn\u00edk, drasl\u00edk, \u017eelezo a vitaminy, ale jeho hlavn\u00ed p\u0159ednost\u00ed je, \u017ee p\u0159ekypuje flavonoidy, kter\u00e9 jsou vynikaj\u00edc\u00ed pro obnovu poko\u017eky.<br \/>\n(Tyto ctnosti, kter\u00e9 se p\u0159ipisuj\u00ed ka\u017ed\u00e9mu z t\u011bchto druh\u016f ovoce, jsou uzn\u00e1v\u00e1ny po cel\u00e9 generace, ale nemohou nahradit l\u00e9\u010dbu p\u0159edepsanou zdravotn\u00edkem).<\/p>\n<p>Slo\u017een\u00ed<br \/>\n\u010cerven\u00fd ryb\u00edz*, t\u0159tinov\u00fd cukr* 45 %, voda.<br \/>\nK v\u00fdrob\u011b na\u0161eho mimo\u0159\u00e1dn\u011b chutn\u00e9ho \u017eel\u00e9 se pou\u017e\u00edv\u00e1 pouze \u0161\u0165\u00e1va z ovoce, nerafinovan\u00fd t\u0159tinov\u00fd cukr a voda.<br \/>\n\u017d\u00e1dn\u00fd pektin. \u017d\u00e1dn\u00e1 \u017eelatina\u010dn\u00ed p\u0159\u00edsada. \u017d\u00e1dn\u00e9 jin\u00e9 p\u0159\u00edsady. Celkov\u00fd obsah cukru p\u0159ibli\u017en\u011b 60 g na 100 g.<br \/>\nVyrobeno v prost\u0159ed\u00ed, kde se zpracov\u00e1vaj\u00ed o\u0159echy.<br \/>\n*Ingredience z ekologick\u00e9ho zem\u011bd\u011blstv\u00ed.<\/p>\n<p>Skladov\u00e1n\u00ed<br \/>\nPo otev\u0159en\u00ed uchov\u00e1vejte v chladu.<\/p>\n","protected":false},"excerpt":{"rendered":"<h5>BIOLOKLOCK<\/h5>\n<p>Bioloklock je rodinn\u00e1 \u0159emesln\u00e1 firma, jej\u00ed\u017e kvalitn\u00ed produkty jsou v\u00fdsledkem dlouhodob\u00e9ho zapojen\u00ed rodiny do ekologick\u00e9ho zem\u011bd\u011blstv\u00ed, a to ji\u017e od po\u010d\u00e1tku 60. let.<\/p>\n","protected":false},"featured_media":16612,"comment_status":"open","ping_status":"closed","template":"","meta":[],"product_brand":[],"product_cat":[585,441,384],"product_tag":[],"class_list":{"0":"post-16617","1":"product","2":"type-product","3":"status-publish","4":"has-post-thumbnail","6":"product_cat-dzemy","7":"product_cat-potraviny","8":"product_cat-bio-cs","10":"first","11":"outofstock","12":"taxable","13":"shipping-taxable","14":"purchasable","15":"product-type-simple"},"jetpack_sharing_enabled":true,"_links":{"self":[{"href":"https:\/\/france-gastronomie.shop\/cs\/wp-json\/wp\/v2\/product\/16617","targetHints":{"allow":["GET"]}}],"collection":[{"href":"https:\/\/france-gastronomie.shop\/cs\/wp-json\/wp\/v2\/product"}],"about":[{"href":"https:\/\/france-gastronomie.shop\/cs\/wp-json\/wp\/v2\/types\/product"}],"replies":[{"embeddable":true,"href":"https:\/\/france-gastronomie.shop\/cs\/wp-json\/wp\/v2\/comments?post=16617"}],"wp:featuredmedia":[{"embeddable":true,"href":"https:\/\/france-gastronomie.shop\/cs\/wp-json\/wp\/v2\/media\/16612"}],"wp:attachment":[{"href":"https:\/\/france-gastronomie.shop\/cs\/wp-json\/wp\/v2\/media?parent=16617"}],"wp:term":[{"taxonomy":"product_brand","embeddable":true,"href":"https:\/\/france-gastronomie.shop\/cs\/wp-json\/wp\/v2\/product_brand?post=16617"},{"taxonomy":"product_cat","embeddable":true,"href":"https:\/\/france-gastronomie.shop\/cs\/wp-json\/wp\/v2\/product_cat?post=16617"},{"taxonomy":"product_tag","embeddable":true,"href":"https:\/\/france-gastronomie.shop\/cs\/wp-json\/wp\/v2\/product_tag?post=16617"}],"curies":[{"name":"wp","href":"https:\/\/api.w.org\/{rel}","templated":true}]}}