{"id":16602,"date":"2023-11-30T12:30:50","date_gmt":"2023-11-30T12:30:50","guid":{"rendered":"https:\/\/france-gastronomie.shop\/produit\/cremant-perle-dalsace-arthur-metz\/"},"modified":"2023-12-20T00:17:31","modified_gmt":"2023-12-20T00:17:31","slug":"cremant-perle-dalsace-arthur-metz","status":"publish","type":"product","link":"https:\/\/france-gastronomie.shop\/cs\/produit\/cremant-perle-dalsace-arthur-metz\/","title":{"rendered":"Cremant Perle d&#8217;Alsace <br\/> Arthur Metz"},"content":{"rendered":"<h5>Cr\u00e9mant Perle d&#8217;Alsace<\/h5>\n<h5>AOP Cr\u00e9mant d&#8217;Alsace<br \/>\nArthur Metz<\/h5>\n<p>Arthur Metz Cr\u00e9mant Brut Perle d&#8217;Alsace vynik\u00e1 jemnost\u00ed bublinek, kter\u00e9 zv\u00fdraz\u0148uj\u00ed v\u0161echny chut\u011b, je\u017e obsahuje. Jemnost jeho v\u016fn\u00ed v\u00e1s bude sv\u00e1d\u011bt p\u0159i v\u0161ech slavnostn\u00edch p\u0159\u00edle\u017eitostech.<\/p>\n<p>Hrozny se skl\u00edzej\u00ed ru\u010dn\u011b, kdy\u017e jsou dokonale zral\u00e9.<br \/>\nZr\u00e1n\u00ed na lat\u00edch<\/p>\n<p>Odr\u016fdy<br \/>\nAuxerrois, Pinot Blanc, Pinot Gris, Riesling<\/p>\n<p>Degustace<br \/>\nZlato\u017elut\u00e1 barva, jemn\u00e1 a vytrval\u00e1 p\u011bna<br \/>\nV\u00fdrazn\u00e1 v\u016fn\u011b ovoce a b\u00edl\u00fdch kv\u011bt\u016f<br \/>\nChu\u0165 lehce ovocn\u00e1, s jemn\u00fdmi, p\u0159\u00edjemn\u00fdmi bublinkami<\/p>\n<p>P\u00e1rov\u00e1n\u00ed j\u00eddla a v\u00edna<br \/>\nVhodn\u00fd ke slan\u00fdm chu\u0165ovk\u00e1m a ide\u00e1ln\u00ed ke v\u0161em druh\u016fm dezert\u016fm<\/p>\n<p>Teplota pod\u00e1v\u00e1n\u00ed: 8-10\u00b0<br \/>\nObsah alkoholu: 12\u00b0<br \/>\nSladkost: brut<br \/>\nSkladov\u00e1n\u00ed: 1-3 let<\/p>\n","protected":false},"excerpt":{"rendered":"<h5>Arthur Metz<\/h5>\n<p>Ji\u017e od roku 1904 se sna\u017e\u00edme p\u0159in\u00e1\u0161et v\u00e1m v\u00edna nejvy\u0161\u0161\u00ed kvality. Na\u0161e \u0159ady, v nich\u017e se snoub\u00ed tradice a modernost, dostupnost a presti\u017e, nab\u00edzej\u00ed \u0161irok\u00fd v\u00fdb\u011br pro v\u0161echny milovn\u00edky jemn\u00fdch bublinek.<\/p>\n","protected":false},"featured_media":16600,"comment_status":"open","ping_status":"closed","template":"","meta":[],"product_brand":[],"product_cat":[383,394,395,390,393,385,386],"product_tag":[],"class_list":{"0":"post-16602","1":"product","2":"type-product","3":"status-publish","4":"has-post-thumbnail","6":"product_cat-vina","7":"product_cat-regiony","8":"product_cat-alsace-cs","9":"product_cat-sumiva","10":"product_cat-cremant-cs","11":"product_cat-barva","12":"product_cat-bila-vina","14":"first","15":"instock","16":"taxable","17":"shipping-taxable","18":"purchasable","19":"product-type-simple"},"jetpack_sharing_enabled":true,"_links":{"self":[{"href":"https:\/\/france-gastronomie.shop\/cs\/wp-json\/wp\/v2\/product\/16602","targetHints":{"allow":["GET"]}}],"collection":[{"href":"https:\/\/france-gastronomie.shop\/cs\/wp-json\/wp\/v2\/product"}],"about":[{"href":"https:\/\/france-gastronomie.shop\/cs\/wp-json\/wp\/v2\/types\/product"}],"replies":[{"embeddable":true,"href":"https:\/\/france-gastronomie.shop\/cs\/wp-json\/wp\/v2\/comments?post=16602"}],"wp:featuredmedia":[{"embeddable":true,"href":"https:\/\/france-gastronomie.shop\/cs\/wp-json\/wp\/v2\/media\/16600"}],"wp:attachment":[{"href":"https:\/\/france-gastronomie.shop\/cs\/wp-json\/wp\/v2\/media?parent=16602"}],"wp:term":[{"taxonomy":"product_brand","embeddable":true,"href":"https:\/\/france-gastronomie.shop\/cs\/wp-json\/wp\/v2\/product_brand?post=16602"},{"taxonomy":"product_cat","embeddable":true,"href":"https:\/\/france-gastronomie.shop\/cs\/wp-json\/wp\/v2\/product_cat?post=16602"},{"taxonomy":"product_tag","embeddable":true,"href":"https:\/\/france-gastronomie.shop\/cs\/wp-json\/wp\/v2\/product_tag?post=16602"}],"curies":[{"name":"wp","href":"https:\/\/api.w.org\/{rel}","templated":true}]}}