{"id":16507,"date":"2023-10-27T06:18:34","date_gmt":"2023-10-27T06:18:34","guid":{"rendered":"https:\/\/france-gastronomie.shop\/produit\/tomme-typ-gouda-s-pestem\/"},"modified":"2024-12-04T13:48:13","modified_gmt":"2024-12-04T13:48:13","slug":"tomme-typ-gouda-s-pestem","status":"publish","type":"product","link":"https:\/\/france-gastronomie.shop\/cs\/produit\/tomme-typ-gouda-s-pestem\/","title":{"rendered":"Gouda farm\u00e1\u0159sk\u00e1 <br\/> se zelen\u00fdm Pestem"},"content":{"rendered":"<h5>Gouda farm\u00e1\u0159sk\u00e1 se zelen\u00fdm Pestem<\/h5>\n","protected":false},"excerpt":{"rendered":"<h5>Gouda farm\u00e1\u0159sk\u00e1 se zelen\u00fdm Pestem<\/h5>\n<p>Villa Verde gouda je kr\u00e9mov\u00fd farm\u00e1\u0159sk\u00fd s\u00fdr se zelen\u00fdm pestem (bazalkou), piniov\u00fdmi o\u0159\u00ed\u0161ky, p\u00edskavic\u00ed a trochou \u010desneku.<\/p>\n<p>S\u00fdr La Villa Verde gouda, kter\u00fd v\u017edy hledal chutn\u00e9 s\u00fdrov\u00e9 speciality s jedine\u010dnou chut\u00ed, se zrodil ve Woerdenu v srdci Nizozemska v rodinn\u00e9m podniku Treur Kass.<\/p>\n","protected":false},"featured_media":16489,"comment_status":"open","ping_status":"closed","template":"","meta":[],"product_brand":[],"product_cat":[777,642,446],"product_tag":[],"class_list":{"0":"post-16507","1":"product","2":"type-product","3":"status-publish","4":"has-post-thumbnail","6":"product_cat-cerstve-produkty","7":"product_cat-z-kravskeho-mleka","8":"product_cat-syry-cerstve-produkty","10":"first","11":"instock","12":"taxable","13":"shipping-taxable","14":"purchasable","15":"product-type-variable"},"jetpack_sharing_enabled":true,"_links":{"self":[{"href":"https:\/\/france-gastronomie.shop\/cs\/wp-json\/wp\/v2\/product\/16507","targetHints":{"allow":["GET"]}}],"collection":[{"href":"https:\/\/france-gastronomie.shop\/cs\/wp-json\/wp\/v2\/product"}],"about":[{"href":"https:\/\/france-gastronomie.shop\/cs\/wp-json\/wp\/v2\/types\/product"}],"replies":[{"embeddable":true,"href":"https:\/\/france-gastronomie.shop\/cs\/wp-json\/wp\/v2\/comments?post=16507"}],"wp:featuredmedia":[{"embeddable":true,"href":"https:\/\/france-gastronomie.shop\/cs\/wp-json\/wp\/v2\/media\/16489"}],"wp:attachment":[{"href":"https:\/\/france-gastronomie.shop\/cs\/wp-json\/wp\/v2\/media?parent=16507"}],"wp:term":[{"taxonomy":"product_brand","embeddable":true,"href":"https:\/\/france-gastronomie.shop\/cs\/wp-json\/wp\/v2\/product_brand?post=16507"},{"taxonomy":"product_cat","embeddable":true,"href":"https:\/\/france-gastronomie.shop\/cs\/wp-json\/wp\/v2\/product_cat?post=16507"},{"taxonomy":"product_tag","embeddable":true,"href":"https:\/\/france-gastronomie.shop\/cs\/wp-json\/wp\/v2\/product_tag?post=16507"}],"curies":[{"name":"wp","href":"https:\/\/api.w.org\/{rel}","templated":true}]}}