{"id":1647,"date":"2020-08-21T09:43:29","date_gmt":"2020-08-21T09:43:29","guid":{"rendered":"https:\/\/france-gastronomie.shop\/produit\/chateau-jeandemain-magnumfronsac\/"},"modified":"2025-03-12T12:11:38","modified_gmt":"2025-03-12T12:11:38","slug":"chateau-jeandemain-magnumfronsac","status":"publish","type":"product","link":"https:\/\/france-gastronomie.shop\/cs\/produit\/chateau-jeandemain-magnumfronsac\/","title":{"rendered":"Ch. Jeandemain <br\/> Magnum"},"content":{"rendered":"<h5>Ch\u00e2teau Jeandemain La Ch\u00eaneraie MAGNUM<\/h5>\n<h5>AOC Fronsac<\/h5>\n<p>P\u016eVOD<br \/>\nCh\u00e2teau Jeandeman se nach\u00e1z\u00ed v nadmo\u0159sk\u00e9 v\u00fd\u0161ce 88 metr\u016f na sam\u00e9m vrcholu mal\u00e9ho \u00fazem\u00ed zvan\u00e9ho Fronsadais, kter\u00e9 se nach\u00e1z\u00ed v oblasti Libourne. Z\u00e1mek m\u00e1 v\u00fdhled na \u00fadol\u00ed Isle a Dordogne. Pozemek je v\u00fdjime\u010dn\u011b slune\u010dn\u00fd, jeho p\u016fdy, kter\u00e9 jsou j\u00edlovit\u00e9 a v\u00e1pencov\u00e9, maj\u00ed vz\u00e1cnou kvalitu. Oxid \u017eelezit\u00fd d\u00e1v\u00e1 v\u00ednu vyhled\u00e1van\u00fd a jedine\u010dn\u00fd n\u00e1dech.<br \/>\nV\u00edna rodiny Roy-Trocard pat\u0159\u00ed k nejlep\u0161\u00edm v\u00edn\u016fm Bordeaux. Vina\u0159i jsou od roku 1628, p\u0159ed\u00e1vaj\u00ed si vina\u0159sk\u00e9 know-how t\u00edm, \u017ee na 3 statc\u00edch vyr\u00e1b\u00ed v\u00edna vysok\u00e9 kvality. P\u0159\u00edb\u011bh rodiny Roy-Trocard za\u010dal v roce 1628, t\u00e9m\u011b\u0159 p\u0159ed 400 lety. K tomuto datu rodina Trocard koupila sv\u00e9 prvn\u00ed vinice v Libournais. Od roku 1628 m\u00e1 ka\u017ed\u00e1 generace v rodin\u011b p\u011bstitele vinn\u00e9 r\u00e9vy, kter\u00fd obhospoda\u0159uje vinice: 15 generac\u00ed mu\u017e\u016f a \u017een n\u00e1sledovalo jedna druhou. V pr\u016fb\u011bhu let zalo\u017eila rodina 70 hektar\u016f vinic rozprost\u0159en\u00fdch na 3 statc\u00edch a 4 AOC v Bordeaux: Ch\u00e2teau Jeandeman v AOC Fronsac, Ch\u00e2teau Laborde v AOC Lalande de Pomerol, Ch\u00e2teau Manc\u00e8dre v AOC Pessac-L\u00e9ognan, Piecelle v AOC Bordeaux Sup\u00e9rieur.<\/p>\n<p>VINIFIKACE<br \/>\nZr\u00e1n\u00ed 12-15 m\u011bs\u00edc\u016f v sudech z 25% nov\u00fdch, 50% ji\u017e pou\u017eit\u00fdch, 25% ji\u017e dvakr\u00e1t pou\u017eit\u00fdch.<\/p>\n<p>ODR\u016eDY<br \/>\nMerlot 90%, Cabernet Franc 9%, Malbec 1%<\/p>\n<p>DEGUSTACE<br \/>\nKr\u00e1sn\u00e1 tmav\u011b \u010derven\u00e1 barva. Velmi p\u0159\u00edjemn\u00e9 aroma ovocn\u00e9ho brandy, m\u00e1slov\u00e9 t\u00f3ny, p\u0159\u00edjemn\u00e9 d\u0159evit\u00e9 aroma. Chu\u0165 je sladk\u00e1 a pln\u00e1.<\/p>\n<p>DOPORU\u010cEN\u00cd<br \/>\nJehn\u011b\u010d\u00ed stehno, tournedos belle H\u00e9l\u00e8ne, kr\u00e1li\u010d\u00ed sot\u00e9, zape\u010den\u00e9 brambory s h\u0159\u00edbky, hov\u011bz\u00ed mignon.<\/p>\n<p>TEPLOTA<br \/>\n15\u00b0C \u2013 dekantace 1 hod<br \/>\nDoba uskladn\u011bn\u00ed: 15-20 let<\/p>\n","protected":false},"excerpt":{"rendered":"<h5>AOC Fronsac<\/h5>\n<p>400 let vina\u0159sk\u00e9 tradice. Historie rodiny Roy Trocard se za\u010dala ps\u00e1t v roce 1628, kdy koupili prvn\u00ed vinice v Libourne. Od t\u00e9 doby se v ka\u017ed\u00e9 generaci objevil vina\u0159, kter\u00fd pokra\u010doval v tradici. V pr\u016fb\u011bhu let vybudovali rodinn\u00e9 vinice o rozloze 68 hektar\u016f, kter\u00e9 se rozkl\u00e1daj\u00ed na 3 a 4 pozemc\u00edch s ozna\u010den\u00edm AOC Bordeaux.<\/p>\n<p>Odr\u016fdy: Merlot 90%, Cabernet Franc 9%, Malbec 1%<\/p>\n","protected":false},"featured_media":1543,"comment_status":"closed","ping_status":"closed","template":"","meta":[],"product_brand":[],"product_cat":[592,383,389,394,400,385,388],"product_tag":[],"class_list":{"0":"post-1647","1":"product","2":"type-product","3":"status-publish","4":"has-post-thumbnail","6":"product_cat-magnum-cs","7":"product_cat-vina","8":"product_cat-spickova-vina","9":"product_cat-regiony","10":"product_cat-bordeaux-cs","11":"product_cat-barva","12":"product_cat-cervena-vina","14":"first","15":"instock","16":"taxable","17":"shipping-taxable","18":"purchasable","19":"product-type-simple"},"jetpack_sharing_enabled":true,"_links":{"self":[{"href":"https:\/\/france-gastronomie.shop\/cs\/wp-json\/wp\/v2\/product\/1647","targetHints":{"allow":["GET"]}}],"collection":[{"href":"https:\/\/france-gastronomie.shop\/cs\/wp-json\/wp\/v2\/product"}],"about":[{"href":"https:\/\/france-gastronomie.shop\/cs\/wp-json\/wp\/v2\/types\/product"}],"replies":[{"embeddable":true,"href":"https:\/\/france-gastronomie.shop\/cs\/wp-json\/wp\/v2\/comments?post=1647"}],"wp:featuredmedia":[{"embeddable":true,"href":"https:\/\/france-gastronomie.shop\/cs\/wp-json\/wp\/v2\/media\/1543"}],"wp:attachment":[{"href":"https:\/\/france-gastronomie.shop\/cs\/wp-json\/wp\/v2\/media?parent=1647"}],"wp:term":[{"taxonomy":"product_brand","embeddable":true,"href":"https:\/\/france-gastronomie.shop\/cs\/wp-json\/wp\/v2\/product_brand?post=1647"},{"taxonomy":"product_cat","embeddable":true,"href":"https:\/\/france-gastronomie.shop\/cs\/wp-json\/wp\/v2\/product_cat?post=1647"},{"taxonomy":"product_tag","embeddable":true,"href":"https:\/\/france-gastronomie.shop\/cs\/wp-json\/wp\/v2\/product_tag?post=1647"}],"curies":[{"name":"wp","href":"https:\/\/api.w.org\/{rel}","templated":true}]}}