{"id":16400,"date":"2023-10-27T06:07:56","date_gmt":"2023-10-27T06:07:56","guid":{"rendered":"https:\/\/france-gastronomie.shop\/produit\/gouda-kozi\/"},"modified":"2025-09-17T11:00:58","modified_gmt":"2025-09-17T11:00:58","slug":"gouda-kozi","status":"publish","type":"product","link":"https:\/\/france-gastronomie.shop\/cs\/produit\/gouda-kozi\/","title":{"rendered":"Gouda <br\/> Koz\u00ed"},"content":{"rendered":"<h5>Gouda Koz\u00ed<\/h5>\n","protected":false},"excerpt":{"rendered":"<h5>Gouda Koz\u00ed<\/h5>\n<p>Gouda vyr\u00e1b\u011bn\u00e1 v Nizozemsku ze 100% \u010derstv\u00e9ho koz\u00edho ml\u00e9ka.<br \/>\nM\u00e1 kr\u00e9movou konzistenci, sladkou, t\u00e9m\u011b\u0159 m\u00e1slovou chu\u0165 a p\u0159\u00edjemnou pikantnost pro osv\u011b\u017een\u00ed.<br \/>\nDoporu\u010den\u00ed k pod\u00e1v\u00e1n\u00ed: Pod\u00e1vejte ji s ovocem, na sal\u00e1tech nebo s k\u0159upav\u00fdm chlebem.<br \/>\n<strong>Jako u v\u0161ech s\u00fdr\u016f je d\u016fle\u017eit\u00e9 j\u00edst ho p\u0159i pokojov\u00e9 teplot\u011b, abyste mohli ocenit v\u0161echny jeho chu\u0165ov\u00e9 nuance.<\/strong><\/p>\n<p>Oblast: Holandsko<\/p>\n<p>Pasterizovan\u00e9 koz\u00ed ml\u00e9ko<\/p>\n<p>Neva\u0159en\u00fd lisovan\u00fd s\u00fdr<\/p>\n<p>Alergeny: ml\u00e9ko<\/p>\n","protected":false},"featured_media":17296,"comment_status":"open","ping_status":"closed","template":"","meta":[],"product_brand":[],"product_cat":[777,647,446],"product_tag":[],"class_list":{"0":"post-16400","1":"product","2":"type-product","3":"status-publish","4":"has-post-thumbnail","6":"product_cat-cerstve-produkty","7":"product_cat-z-koziho-mleka","8":"product_cat-syry-cerstve-produkty","10":"first","11":"instock","12":"taxable","13":"shipping-taxable","14":"product-type-variable"},"jetpack_sharing_enabled":true,"_links":{"self":[{"href":"https:\/\/france-gastronomie.shop\/cs\/wp-json\/wp\/v2\/product\/16400","targetHints":{"allow":["GET"]}}],"collection":[{"href":"https:\/\/france-gastronomie.shop\/cs\/wp-json\/wp\/v2\/product"}],"about":[{"href":"https:\/\/france-gastronomie.shop\/cs\/wp-json\/wp\/v2\/types\/product"}],"replies":[{"embeddable":true,"href":"https:\/\/france-gastronomie.shop\/cs\/wp-json\/wp\/v2\/comments?post=16400"}],"wp:featuredmedia":[{"embeddable":true,"href":"https:\/\/france-gastronomie.shop\/cs\/wp-json\/wp\/v2\/media\/17296"}],"wp:attachment":[{"href":"https:\/\/france-gastronomie.shop\/cs\/wp-json\/wp\/v2\/media?parent=16400"}],"wp:term":[{"taxonomy":"product_brand","embeddable":true,"href":"https:\/\/france-gastronomie.shop\/cs\/wp-json\/wp\/v2\/product_brand?post=16400"},{"taxonomy":"product_cat","embeddable":true,"href":"https:\/\/france-gastronomie.shop\/cs\/wp-json\/wp\/v2\/product_cat?post=16400"},{"taxonomy":"product_tag","embeddable":true,"href":"https:\/\/france-gastronomie.shop\/cs\/wp-json\/wp\/v2\/product_tag?post=16400"}],"curies":[{"name":"wp","href":"https:\/\/api.w.org\/{rel}","templated":true}]}}