{"id":16311,"date":"2023-10-27T05:56:01","date_gmt":"2023-10-27T05:56:01","guid":{"rendered":"https:\/\/france-gastronomie.shop\/produit\/buche-kozi\/"},"modified":"2025-02-07T22:15:50","modified_gmt":"2025-02-07T22:15:50","slug":"buche-kozi","status":"publish","type":"product","link":"https:\/\/france-gastronomie.shop\/cs\/produit\/buche-kozi\/","title":{"rendered":"Buche koz\u00ed <br\/> z Lu\u00e7ay"},"content":{"rendered":"<h5>Buche koz\u00ed z Lu\u00e7ay<\/h5>\n<h5><\/h5>\n","protected":false},"excerpt":{"rendered":"<h5>Buche koz\u00ed z Lu\u00e7ay<\/h5>\n<p>B\u00fbche de Lu\u00e7ay je tradi\u010dn\u00edm druhem koz\u00edho s\u00fdra z Poitou, kter\u00fd se nyn\u00ed vyr\u00e1b\u00ed ve velk\u00e9m m\u011b\u0159\u00edtku z ml\u00e9ka prvot\u0159\u00eddn\u00ed kvality. Jeho lehk\u00e1 chu\u0165 se s postupn\u00fdm zr\u00e1n\u00edm pomalu vyv\u00edj\u00ed k v\u00fdrazn\u011bj\u0161\u00edmu charakteru.<br \/>\nStejn\u011b jako u ostatn\u00edch s\u00fdr\u016f je d\u016fle\u017eit\u00e9 j\u00edst ho p\u0159i pokojov\u00e9 teplot\u011b, abyste ocenili v\u0161echny jeho chu\u0165ov\u00e9 nuance.<\/p>\n<p>Oblast: Poitou-Charentes<\/p>\n<p>Pasterizovan\u00e9 koz\u00ed ml\u00e9ko<\/p>\n<p>M\u011bkk\u00fd s\u00fdr s b\u00edlou kyprou k\u016frkou<\/p>\n<p>Buche de Ch\u00e8vre lze pod\u00e1vat v sal\u00e1tech, s ovocem nebo jako z\u00e1livku na quiche a kanapky. Dob\u0159e se hod\u00ed k Beaujolais nebo \u010derven\u00e9mu v\u00ednu.<br \/>\nAlergeny: ml\u00e9ko<\/p>\n","protected":false},"featured_media":17139,"comment_status":"open","ping_status":"closed","template":"","meta":[],"product_brand":[],"product_cat":[777,647,446],"product_tag":[],"class_list":{"0":"post-16311","1":"product","2":"type-product","3":"status-publish","4":"has-post-thumbnail","6":"product_cat-cerstve-produkty","7":"product_cat-z-koziho-mleka","8":"product_cat-syry-cerstve-produkty","10":"first","11":"instock","12":"taxable","13":"shipping-taxable","14":"purchasable","15":"product-type-variable"},"jetpack_sharing_enabled":true,"_links":{"self":[{"href":"https:\/\/france-gastronomie.shop\/cs\/wp-json\/wp\/v2\/product\/16311","targetHints":{"allow":["GET"]}}],"collection":[{"href":"https:\/\/france-gastronomie.shop\/cs\/wp-json\/wp\/v2\/product"}],"about":[{"href":"https:\/\/france-gastronomie.shop\/cs\/wp-json\/wp\/v2\/types\/product"}],"replies":[{"embeddable":true,"href":"https:\/\/france-gastronomie.shop\/cs\/wp-json\/wp\/v2\/comments?post=16311"}],"wp:featuredmedia":[{"embeddable":true,"href":"https:\/\/france-gastronomie.shop\/cs\/wp-json\/wp\/v2\/media\/17139"}],"wp:attachment":[{"href":"https:\/\/france-gastronomie.shop\/cs\/wp-json\/wp\/v2\/media?parent=16311"}],"wp:term":[{"taxonomy":"product_brand","embeddable":true,"href":"https:\/\/france-gastronomie.shop\/cs\/wp-json\/wp\/v2\/product_brand?post=16311"},{"taxonomy":"product_cat","embeddable":true,"href":"https:\/\/france-gastronomie.shop\/cs\/wp-json\/wp\/v2\/product_cat?post=16311"},{"taxonomy":"product_tag","embeddable":true,"href":"https:\/\/france-gastronomie.shop\/cs\/wp-json\/wp\/v2\/product_tag?post=16311"}],"curies":[{"name":"wp","href":"https:\/\/api.w.org\/{rel}","templated":true}]}}