{"id":16240,"date":"2023-10-27T05:51:21","date_gmt":"2023-10-27T05:51:21","guid":{"rendered":"https:\/\/france-gastronomie.shop\/produit\/petit-shropshire-fermier\/"},"modified":"2025-12-06T12:22:59","modified_gmt":"2025-12-06T12:22:59","slug":"petit-shropshire-fermier","status":"publish","type":"product","link":"https:\/\/france-gastronomie.shop\/cs\/produit\/petit-shropshire-fermier\/","title":{"rendered":"Petit Shropshire <br\/> Fermier"},"content":{"rendered":"<h5>Petit Shropshire Fermier<\/h5>\n<p>&nbsp;<\/p>\n","protected":false},"excerpt":{"rendered":"<h5>Petit Shropshire Fermier<\/h5>\n<p>Objevte hrabstv\u00ed Shropshire. Jeho z\u00e1\u0159iv\u011b oran\u017eov\u00e1 barva, z\u00edskan\u00e1 p\u0159irozen\u011b ze semen roucou, z n\u011bj d\u011bl\u00e1 skute\u010dn\u00fd vizu\u00e1ln\u00ed skvost. Jeho kr\u00e9mov\u00e1, m\u00e1slov\u00e1 struktura se dokonale snoub\u00ed s houbovou chut\u00ed, zat\u00edmco lehk\u00e1 chu\u0165 l\u00edskov\u00fdch o\u0159\u00ed\u0161k\u016f mu dod\u00e1v\u00e1 n\u00e1dech rafinovanosti.<br \/>\nPlnotu\u010dn\u00e9 kravsk\u00e9 ml\u00e9ko.<\/p>\n","protected":false},"featured_media":20536,"comment_status":"open","ping_status":"closed","template":"","meta":[],"product_brand":[],"product_cat":[777,642,446],"product_tag":[],"class_list":{"0":"post-16240","1":"product","2":"type-product","3":"status-publish","4":"has-post-thumbnail","6":"product_cat-cerstve-produkty","7":"product_cat-z-kravskeho-mleka","8":"product_cat-syry-cerstve-produkty","10":"first","11":"instock","12":"taxable","13":"shipping-taxable","14":"product-type-variable"},"jetpack_sharing_enabled":true,"_links":{"self":[{"href":"https:\/\/france-gastronomie.shop\/cs\/wp-json\/wp\/v2\/product\/16240","targetHints":{"allow":["GET"]}}],"collection":[{"href":"https:\/\/france-gastronomie.shop\/cs\/wp-json\/wp\/v2\/product"}],"about":[{"href":"https:\/\/france-gastronomie.shop\/cs\/wp-json\/wp\/v2\/types\/product"}],"replies":[{"embeddable":true,"href":"https:\/\/france-gastronomie.shop\/cs\/wp-json\/wp\/v2\/comments?post=16240"}],"wp:featuredmedia":[{"embeddable":true,"href":"https:\/\/france-gastronomie.shop\/cs\/wp-json\/wp\/v2\/media\/20536"}],"wp:attachment":[{"href":"https:\/\/france-gastronomie.shop\/cs\/wp-json\/wp\/v2\/media?parent=16240"}],"wp:term":[{"taxonomy":"product_brand","embeddable":true,"href":"https:\/\/france-gastronomie.shop\/cs\/wp-json\/wp\/v2\/product_brand?post=16240"},{"taxonomy":"product_cat","embeddable":true,"href":"https:\/\/france-gastronomie.shop\/cs\/wp-json\/wp\/v2\/product_cat?post=16240"},{"taxonomy":"product_tag","embeddable":true,"href":"https:\/\/france-gastronomie.shop\/cs\/wp-json\/wp\/v2\/product_tag?post=16240"}],"curies":[{"name":"wp","href":"https:\/\/api.w.org\/{rel}","templated":true}]}}