{"id":16189,"date":"2023-10-27T05:42:35","date_gmt":"2023-10-27T05:42:35","guid":{"rendered":"https:\/\/france-gastronomie.shop\/produit\/tomme-kozi-ovci\/"},"modified":"2026-02-27T17:41:16","modified_gmt":"2026-02-27T16:41:16","slug":"tomme-kozi-ovci","status":"publish","type":"product","link":"https:\/\/france-gastronomie.shop\/cs\/produit\/tomme-kozi-ovci\/","title":{"rendered":"Tomme <br\/> Koz\u00ed Ov\u010d\u00ed"},"content":{"rendered":"<h5>Tomme Koz\u00ed Ov\u010d\u00ed<\/h5>\n","protected":false},"excerpt":{"rendered":"<h5>Tomme Koz\u00ed Ov\u010d\u00ed<\/h5>\n<p>Tento s\u00fdr vyr\u00e1b\u011bli pastevci, kte\u0159\u00ed cht\u011bli<b> ml\u00e9ko od sv\u00fdch koz a ovc\u00ed<\/b> pou\u017e\u00edt pro v\u00fd\u017eivu sv\u00fdch rodin.<\/p>\n<p>P\u0159i\u0161li s n\u00e1padem sm\u00edchat je a vytvo\u0159it tak jedine\u010dn\u00fd s\u00fdr! Vynikaj\u00edc\u00ed n\u00e1pad&#8230;<\/p>\n<p>S\u00fdr <b>se rozpl\u00fdv\u00e1 v \u00fastech a m\u00e1 dlouhotrvaj\u00edc\u00ed chu\u0165<\/b>. Sm\u011bs koz\u00edho a ov\u010d\u00edho ml\u00e9ka vytv\u00e1\u0159\u00ed <b>dokonalou rovnov\u00e1hu mezi<\/b> sladkost\u00ed a sv\u011b\u017eest\u00ed.<\/p>\n","protected":false},"featured_media":20553,"comment_status":"open","ping_status":"closed","template":"","meta":[],"product_brand":[],"product_cat":[777,647,638,446],"product_tag":[],"class_list":{"0":"post-16189","1":"product","2":"type-product","3":"status-publish","4":"has-post-thumbnail","6":"product_cat-cerstve-produkty","7":"product_cat-z-koziho-mleka","8":"product_cat-z-ovciho-mleka","9":"product_cat-syry-cerstve-produkty","11":"first","12":"instock","13":"taxable","14":"shipping-taxable","15":"purchasable","16":"product-type-variable"},"jetpack_sharing_enabled":true,"_links":{"self":[{"href":"https:\/\/france-gastronomie.shop\/cs\/wp-json\/wp\/v2\/product\/16189","targetHints":{"allow":["GET"]}}],"collection":[{"href":"https:\/\/france-gastronomie.shop\/cs\/wp-json\/wp\/v2\/product"}],"about":[{"href":"https:\/\/france-gastronomie.shop\/cs\/wp-json\/wp\/v2\/types\/product"}],"replies":[{"embeddable":true,"href":"https:\/\/france-gastronomie.shop\/cs\/wp-json\/wp\/v2\/comments?post=16189"}],"wp:featuredmedia":[{"embeddable":true,"href":"https:\/\/france-gastronomie.shop\/cs\/wp-json\/wp\/v2\/media\/20553"}],"wp:attachment":[{"href":"https:\/\/france-gastronomie.shop\/cs\/wp-json\/wp\/v2\/media?parent=16189"}],"wp:term":[{"taxonomy":"product_brand","embeddable":true,"href":"https:\/\/france-gastronomie.shop\/cs\/wp-json\/wp\/v2\/product_brand?post=16189"},{"taxonomy":"product_cat","embeddable":true,"href":"https:\/\/france-gastronomie.shop\/cs\/wp-json\/wp\/v2\/product_cat?post=16189"},{"taxonomy":"product_tag","embeddable":true,"href":"https:\/\/france-gastronomie.shop\/cs\/wp-json\/wp\/v2\/product_tag?post=16189"}],"curies":[{"name":"wp","href":"https:\/\/api.w.org\/{rel}","templated":true}]}}