{"id":16154,"date":"2023-10-27T05:35:29","date_gmt":"2023-10-27T05:35:29","guid":{"rendered":"https:\/\/france-gastronomie.shop\/produit\/tomme-de-rilhac\/"},"modified":"2025-12-19T19:18:06","modified_gmt":"2025-12-19T18:18:06","slug":"tome-de-rilhac","status":"publish","type":"product","link":"https:\/\/france-gastronomie.shop\/cs\/produit\/tome-de-rilhac\/","title":{"rendered":"Tomme <br\/> de Rilhac"},"content":{"rendered":"<h5>Tomme de Rilhac<\/h5>\n","protected":false},"excerpt":{"rendered":"<h5>Tomme de Rilhac<\/h5>\n<p>M\u00e1 dlouhou kr\u00e9movou chu\u0165 a pru\u017enou, m\u00edrn\u011b otev\u0159enou strukturu.<br \/>\nDobr\u00e9 Tome de Rilhac Crout\u00e9e vy\u017eaduje 1 a\u017e 2 m\u011bs\u00edce zr\u00e1n\u00ed.<br \/>\nTome de Rilhac se vyr\u00e1b\u00ed pouze z ml\u00e9ka s certifik\u00e1tem &#8222;horsk\u00e9 ml\u00e9ko&#8220;, co\u017e znamen\u00e1, \u017ee se sb\u00edr\u00e1 v nadmo\u0159sk\u00e9 v\u00fd\u0161ce nad 500 metr\u016f.<br \/>\n<strong>Stejn\u011b jako u ostatn\u00edch s\u00fdr\u016f je d\u016fle\u017eit\u00e9 konzumovat jej p\u0159i pokojov\u00e9 teplot\u011b, abyste ocenili v\u0161echny jeho chu\u0165ov\u00e9 nuance.<\/strong><\/p>\n<p>Oblast: Corr\u00e8ze<\/p>\n<p>Pasterizovan\u00e9 kravsk\u00e9 ml\u00e9ko<\/p>\n<p>Neva\u0159en\u00fd lisovan\u00fd s\u00fdr<\/p>\n<p>Alergeny: ml\u00e9ko<\/p>\n<p>&nbsp;<\/p>\n","protected":false},"featured_media":17299,"comment_status":"open","ping_status":"closed","template":"","meta":[],"product_brand":[],"product_cat":[777,642,446],"product_tag":[],"class_list":{"0":"post-16154","1":"product","2":"type-product","3":"status-publish","4":"has-post-thumbnail","6":"product_cat-cerstve-produkty","7":"product_cat-z-kravskeho-mleka","8":"product_cat-syry-cerstve-produkty","10":"first","11":"instock","12":"taxable","13":"shipping-taxable","14":"product-type-variable"},"jetpack_sharing_enabled":true,"_links":{"self":[{"href":"https:\/\/france-gastronomie.shop\/cs\/wp-json\/wp\/v2\/product\/16154","targetHints":{"allow":["GET"]}}],"collection":[{"href":"https:\/\/france-gastronomie.shop\/cs\/wp-json\/wp\/v2\/product"}],"about":[{"href":"https:\/\/france-gastronomie.shop\/cs\/wp-json\/wp\/v2\/types\/product"}],"replies":[{"embeddable":true,"href":"https:\/\/france-gastronomie.shop\/cs\/wp-json\/wp\/v2\/comments?post=16154"}],"wp:featuredmedia":[{"embeddable":true,"href":"https:\/\/france-gastronomie.shop\/cs\/wp-json\/wp\/v2\/media\/17299"}],"wp:attachment":[{"href":"https:\/\/france-gastronomie.shop\/cs\/wp-json\/wp\/v2\/media?parent=16154"}],"wp:term":[{"taxonomy":"product_brand","embeddable":true,"href":"https:\/\/france-gastronomie.shop\/cs\/wp-json\/wp\/v2\/product_brand?post=16154"},{"taxonomy":"product_cat","embeddable":true,"href":"https:\/\/france-gastronomie.shop\/cs\/wp-json\/wp\/v2\/product_cat?post=16154"},{"taxonomy":"product_tag","embeddable":true,"href":"https:\/\/france-gastronomie.shop\/cs\/wp-json\/wp\/v2\/product_tag?post=16154"}],"curies":[{"name":"wp","href":"https:\/\/api.w.org\/{rel}","templated":true}]}}